{"id":75,"date":"2022-09-17T15:22:00","date_gmt":"2022-09-17T12:22:00","guid":{"rendered":"http:\/\/export5.mercury.is\/?page_id=75"},"modified":"2022-09-17T18:50:44","modified_gmt":"2022-09-17T15:50:44","slug":"bonuses","status":"publish","type":"page","link":"https:\/\/pragmatic-play.info\/tr\/bonuses\/","title":{"rendered":"Bonuslar"},"content":{"rendered":"<div id=\"ez-toc-container\" class=\"ez-toc-v2_0_33_2 counter-hierarchy ez-toc-counter ez-toc-grey ez-toc-container-direction\">\n<div class=\"ez-toc-title-container\">\n<p class=\"ez-toc-title\">\u0130\u00e7indekiler<\/p>\n<span class=\"ez-toc-title-toggle\"><a href=\"#\" class=\"ez-toc-pull-right ez-toc-btn ez-toc-btn-xs ez-toc-btn-default ez-toc-toggle\" style=\"display: none;\"><label for=\"item\" aria-label=\"\u0130\u00e7erik Tablosu\"><i class=\"ez-toc-glyphicon ez-toc-icon-toggle\"><\/i><\/label><input type=\"checkbox\" id=\"item\"><\/a><\/span><\/div>\n<nav><ul class='ez-toc-list ez-toc-list-level-1'><li class='ez-toc-page-1 ez-toc-heading-level-2'><a class=\"ez-toc-link ez-toc-heading-1\" href=\"https:\/\/pragmatic-play.info\/tr\/bonuses\/#%d0%92%d0%b8%d0%b4%d1%8b_%d0%ba%d0%be%d0%b4%d0%be%d0%b2_%d0%b1%d0%b5%d0%b7%d0%b4%d0%b5%d0%bf%d0%be%d0%b7%d0%b8%d1%82%d0%bd%d1%8b%d1%85_%d0%b1%d0%be%d0%bd%d1%83%d1%81%d0%be%d0%b2_pragmatic_play\" title=\"Pragmatic Play para yat\u0131rma bonusu kodu t\u00fcrleri\">Pragmatic Play para yat\u0131rma bonusu kodu t\u00fcrleri<\/a><\/li><li class='ez-toc-page-1 ez-toc-heading-level-2'><a class=\"ez-toc-link ez-toc-heading-2\" href=\"https:\/\/pragmatic-play.info\/tr\/bonuses\/#%d0%91%d0%b5%d0%b7%d0%b4%d0%b5%d0%bf%d0%be%d0%b7%d0%b8%d1%82%d0%bd%d1%8b%d0%b5_%d0%b1%d0%be%d0%bd%d1%83%d1%81%d1%8b\" title=\"Para yat\u0131rma bonusu yok\">Para yat\u0131rma bonusu yok<\/a><\/li><li class='ez-toc-page-1 ez-toc-heading-level-2'><a class=\"ez-toc-link ez-toc-heading-3\" href=\"https:\/\/pragmatic-play.info\/tr\/bonuses\/#%d0%91%d0%b5%d0%b7%d0%b4%d0%b5%d0%bf%d0%be%d0%b7%d0%b8%d1%82%d0%bd%d1%8b%d0%b5_%d0%b1%d0%b5%d1%81%d0%bf%d0%bb%d0%b0%d1%82%d0%bd%d1%8b%d0%b5_%d0%b2%d1%80%d0%b0%d1%89%d0%b5%d0%bd%d0%b8%d1%8f\" title=\"Para yat\u0131rmadan bedava d\u00f6n\u00fc\u015f\">Para yat\u0131rmadan bedava d\u00f6n\u00fc\u015f<\/a><\/li><li class='ez-toc-page-1 ez-toc-heading-level-2'><a class=\"ez-toc-link ez-toc-heading-4\" href=\"https:\/\/pragmatic-play.info\/tr\/bonuses\/#%d0%9b%d1%83%d1%87%d1%88%d0%b8%d0%b5_%d0%b1%d0%b5%d0%b7%d0%b4%d0%b5%d0%bf%d0%be%d0%b7%d0%b8%d1%82%d0%bd%d1%8b%d0%b5_%d0%b1%d0%be%d0%bd%d1%83%d1%81%d0%bd%d1%8b%d0%b5_%d0%ba%d0%be%d0%b4%d1%8b_pragmatic_play\" title=\"En iyi Pragmatic Play para yat\u0131rma bonusu kodlar\u0131\">En iyi Pragmatic Play para yat\u0131rma bonusu kodlar\u0131<\/a><\/li><li class='ez-toc-page-1 ez-toc-heading-level-2'><a class=\"ez-toc-link ez-toc-heading-5\" href=\"https:\/\/pragmatic-play.info\/tr\/bonuses\/#%d0%9b%d1%83%d1%87%d1%88%d0%b8%d0%b5_%d0%b1%d0%b5%d0%b7%d0%b4%d0%b5%d0%bf%d0%be%d0%b7%d0%b8%d1%82%d0%bd%d1%8b%d0%b5_%d0%b1%d0%be%d0%bd%d1%83%d1%81%d1%8b_pragmatic_play_%d1%81_%d0%b1%d0%b5%d1%81%d0%bf%d0%bb%d0%b0%d1%82%d0%bd%d1%8b%d0%bc%d0%b8_%d1%81%d0%bf%d0%b8%d0%bd%d0%b0%d0%bc%d0%b8\" title=\"En iyi Pragmatic Play bedava d\u00f6n\u00fc\u015fl\u00fc para yat\u0131rma bonusu yok\">En iyi Pragmatic Play bedava d\u00f6n\u00fc\u015fl\u00fc para yat\u0131rma bonusu yok<\/a><\/li><li class='ez-toc-page-1 ez-toc-heading-level-2'><a class=\"ez-toc-link ez-toc-heading-6\" href=\"https:\/\/pragmatic-play.info\/tr\/bonuses\/#%d0%a1%d0%b0%d0%bc%d1%8b%d0%b5_%d0%bf%d0%be%d0%bf%d1%83%d0%bb%d1%8f%d1%80%d0%bd%d1%8b%d0%b5_%d0%b8%d0%b3%d1%80%d1%8b_pragmatic_play_%d0%b2_%d0%ba%d0%be%d1%82%d0%be%d1%80%d1%8b%d0%b5_%d0%bc%d0%be%d0%b6%d0%bd%d0%be_%d0%b8%d0%b3%d1%80%d0%b0%d1%82%d1%8c_%d1%81_%d0%b1%d0%b5%d0%b7%d0%b4%d0%b5%d0%bf%d0%be%d0%b7%d0%b8%d1%82%d0%bd%d1%8b%d0%bc%d0%b8_%d0%b1%d0%be%d0%bd%d1%83%d1%81%d0%b0%d0%bc%d0%b8\" title=\"Para yat\u0131rma bonusu olmadan oynanabilecek en pop\u00fcler Pragmatic Play oyunlar\u0131\">Para yat\u0131rma bonusu olmadan oynanabilecek en pop\u00fcler Pragmatic Play oyunlar\u0131<\/a><\/li><li class='ez-toc-page-1 ez-toc-heading-level-2'><a class=\"ez-toc-link ez-toc-heading-7\" href=\"https:\/\/pragmatic-play.info\/tr\/bonuses\/#%d0%a3%d1%81%d0%bb%d0%be%d0%b2%d0%b8%d1%8f_%d0%b1%d0%be%d0%bd%d1%83%d1%81%d0%b0_pragmatic_play\" title=\"Pragmatic Play bonus \u015fartlar\u0131 ve ko\u015fullar\u0131\">Pragmatic Play bonus \u015fartlar\u0131 ve ko\u015fullar\u0131<\/a><\/li><\/ul><\/nav><\/div>\n<h2 class=\"wp-block-heading\" id=\"h-\u0432\u0438\u0434\u044b-\u043a\u043e\u0434\u043e\u0432-\u0431\u0435\u0437\u0434\u0435\u043f\u043e\u0437\u0438\u0442\u043d\u044b\u0445-\u0431\u043e\u043d\u0443\u0441\u043e\u0432-pragmatic-play\"><span class=\"ez-toc-section\" id=\"%d0%92%d0%b8%d0%b4%d1%8b_%d0%ba%d0%be%d0%b4%d0%be%d0%b2_%d0%b1%d0%b5%d0%b7%d0%b4%d0%b5%d0%bf%d0%be%d0%b7%d0%b8%d1%82%d0%bd%d1%8b%d1%85_%d0%b1%d0%be%d0%bd%d1%83%d1%81%d0%be%d0%b2_pragmatic_play\"><\/span>Pragmatic Play para yat\u0131rma bonusu kodu t\u00fcrleri<span class=\"ez-toc-section-end\"><\/span><\/h2>\n\n\n\n<p>Pragmatic Play depozitosuz bonuslar listemize g\u00f6z at\u0131n: \u00fccretsiz depozitosuz spinlerin yan\u0131 s\u0131ra depozitosuz bonus kredileri de bulacaks\u0131n\u0131z. Alaca\u011f\u0131n\u0131z bonus, bulundu\u011funuz kumarhaneye ba\u011fl\u0131d\u0131r.<\/p>\n\n\n\n<h2 class=\"wp-block-heading\"><span class=\"ez-toc-section\" id=\"%d0%91%d0%b5%d0%b7%d0%b4%d0%b5%d0%bf%d0%be%d0%b7%d0%b8%d1%82%d0%bd%d1%8b%d0%b5_%d0%b1%d0%be%d0%bd%d1%83%d1%81%d1%8b\"><\/span>Para yat\u0131rma bonusu yok<span class=\"ez-toc-section-end\"><\/span><\/h2>\n\n\n\n<p>Bu teklif, ger\u00e7ek parayla oynamak i\u00e7in kaydoldu\u011funuzda belirli miktarda \u00fccretsiz bonus kredi verir. Casino, bonusu kay\u0131t olur olmaz, hatta ilk para yat\u0131rma i\u015fleminizden \u00f6nce hesab\u0131n\u0131za aktar\u0131r.<\/p>\n\n\n\n<p>Elde edece\u011finiz miktar 5 ila 30 \u20ac aras\u0131ndad\u0131r. Baz\u0131 casinolar 100 \u20ac'ya kadar daha fazlas\u0131n\u0131 sunar. Bonus genellikle sadece slotlar\u0131 de\u011fil, \u00e7e\u015fitli casino oyunlar\u0131n\u0131 kapsar; bunlar\u0131n t\u00fcm\u00fc h\u00fck\u00fcm ve ko\u015fullarda listelenmi\u015ftir. T\u00fcm bonuslar gibi, para yat\u0131rma bonusu olmayan bonuslar\u0131n da kullan\u0131mlar\u0131n\u0131 d\u00fczenleyen h\u00fck\u00fcm ve ko\u015fullar\u0131 vard\u0131r. Bonusu kullanmadan \u00f6nce h\u00fck\u00fcm ve ko\u015fullar\u0131 dikkatlice okuyun.<\/p>\n\n\n\n<h2 class=\"wp-block-heading\"><span class=\"ez-toc-section\" id=\"%d0%91%d0%b5%d0%b7%d0%b4%d0%b5%d0%bf%d0%be%d0%b7%d0%b8%d1%82%d0%bd%d1%8b%d0%b5_%d0%b1%d0%b5%d1%81%d0%bf%d0%bb%d0%b0%d1%82%d0%bd%d1%8b%d0%b5_%d0%b2%d1%80%d0%b0%d1%89%d0%b5%d0%bd%d0%b8%d1%8f\"><\/span>Para yat\u0131rmadan bedava d\u00f6n\u00fc\u015f<span class=\"ez-toc-section-end\"><\/span><\/h2>\n\n\n\n<p>Bu teklif, Pragmatic Play Casino'da bir hesap a\u00e7t\u0131\u011f\u0131n\u0131zda sizi depozitosuz \u00fccretsiz d\u00f6n\u00fc\u015flerle \u00f6d\u00fcllendirir. Bonus, hesab\u0131n\u0131za para yat\u0131rmadan \u00f6nce kullan\u0131labilir. 5 ila 35 aras\u0131nda \u00fccretsiz d\u00f6n\u00fc\u015f kazan\u0131rs\u0131n\u0131z, ancak baz\u0131 casinolar ante'yi art\u0131rabilir ve 100'e kadar \u00fccretsiz d\u00f6n\u00fc\u015f sunabilir.<\/p>\n\n\n\n<p>Bu bonus sadece slotlar i\u00e7in ge\u00e7erlidir. Casino, bonusun ge\u00e7erli oldu\u011fu slot(lar)\u0131 listeler. Elbette, bonusa ba\u011fl\u0131 \u015fartlar ve ko\u015fullar vard\u0131r, bu nedenle kazanc\u0131n\u0131z\u0131 nakde \u00e7evirmeden \u00f6nce bunlar\u0131 kar\u015f\u0131lad\u0131\u011f\u0131n\u0131zdan emin olun.<\/p>\n\n\n\n<h2 class=\"wp-block-heading\"><span class=\"ez-toc-section\" id=\"%d0%9b%d1%83%d1%87%d1%88%d0%b8%d0%b5_%d0%b1%d0%b5%d0%b7%d0%b4%d0%b5%d0%bf%d0%be%d0%b7%d0%b8%d1%82%d0%bd%d1%8b%d0%b5_%d0%b1%d0%be%d0%bd%d1%83%d1%81%d0%bd%d1%8b%d0%b5_%d0%ba%d0%be%d0%b4%d1%8b_pragmatic_play\"><\/span>En iyi Pragmatic Play para yat\u0131rma bonusu kodlar\u0131<span class=\"ez-toc-section-end\"><\/span><\/h2>\n\n\n\n<p>Pragmatic Play 100'den fazla oyundan olu\u015fan bir koleksiyona sahiptir. Oyunlar \u00e7ok y\u00f6nl\u00fc ve \u00e7e\u015fitlidir, bu nedenle \u00f6nce \u00fccretsiz olarak oynaman\u0131z\u0131 \u00f6neririz. Ve e\u011fer pastay\u0131 seviyorsan\u0131z ve onu da yemek istiyorsan\u0131z, para yat\u0131rma bonusu olmadan oynamay\u0131 deneyin!<\/p>\n\n\n\n<p>Web sitemizdeki t\u00fcm depozitosuz teklifler g\u00fcvenlidir ve size en iyi kazan\u00e7lar\u0131 getirece\u011fi garantilidir. Hangi teklifimizden yararlan\u0131rsan\u0131z yararlan\u0131n, iyi bir deneyim ya\u015faman\u0131z garantidir.<\/p>\n\n\n\n<h2 class=\"wp-block-heading\"><span class=\"ez-toc-section\" id=\"%d0%9b%d1%83%d1%87%d1%88%d0%b8%d0%b5_%d0%b1%d0%b5%d0%b7%d0%b4%d0%b5%d0%bf%d0%be%d0%b7%d0%b8%d1%82%d0%bd%d1%8b%d0%b5_%d0%b1%d0%be%d0%bd%d1%83%d1%81%d1%8b_pragmatic_play_%d1%81_%d0%b1%d0%b5%d1%81%d0%bf%d0%bb%d0%b0%d1%82%d0%bd%d1%8b%d0%bc%d0%b8_%d1%81%d0%bf%d0%b8%d0%bd%d0%b0%d0%bc%d0%b8\"><\/span>En iyi Pragmatic Play bedava d\u00f6n\u00fc\u015fl\u00fc para yat\u0131rma bonusu yok<span class=\"ez-toc-section-end\"><\/span><\/h2>\n\n\n\n<p>Slot oyunlar\u0131n\u0131 seviyorsan\u0131z, bu b\u00f6l\u00fcmdeki depozitosuz \u00fccretsiz \u00e7evirme bonuslar\u0131 listemize g\u00f6z at\u0131n!<\/p>\n\n\n\n<h2 class=\"wp-block-heading\"><span class=\"ez-toc-section\" id=\"%d0%a1%d0%b0%d0%bc%d1%8b%d0%b5_%d0%bf%d0%be%d0%bf%d1%83%d0%bb%d1%8f%d1%80%d0%bd%d1%8b%d0%b5_%d0%b8%d0%b3%d1%80%d1%8b_pragmatic_play_%d0%b2_%d0%ba%d0%be%d1%82%d0%be%d1%80%d1%8b%d0%b5_%d0%bc%d0%be%d0%b6%d0%bd%d0%be_%d0%b8%d0%b3%d1%80%d0%b0%d1%82%d1%8c_%d1%81_%d0%b1%d0%b5%d0%b7%d0%b4%d0%b5%d0%bf%d0%be%d0%b7%d0%b8%d1%82%d0%bd%d1%8b%d0%bc%d0%b8_%d0%b1%d0%be%d0%bd%d1%83%d1%81%d0%b0%d0%bc%d0%b8\"><\/span>Para yat\u0131rma bonusu olmadan oynanabilecek en pop\u00fcler Pragmatic Play oyunlar\u0131<span class=\"ez-toc-section-end\"><\/span><\/h2>\n\n\n\n<p>Pragmatic Play iyi bir oyun yelpazesine sahiptir, ancak slotlar\u0131 ile \u00f6ne \u00e7\u0131kmaktad\u0131r. Oyunlar HTML5 \u00fczerinde tasarlanm\u0131\u015ft\u0131r ve masa\u00fcst\u00fc ve mobil cihazlarla uyumludur. M\u00fckemmel grafik kalitesi ve zengin \u00f6zellikleriyle bilinirler. A\u015fa\u011f\u0131dakiler gibi denenmi\u015f ve test edilmi\u015f hitleri denemenizi \u00f6neririz <a href=\"https:\/\/pragmatic-play.info\/tr\/game\/sweet-bonanza\/\">Sweet Bonanza<\/a>, <a href=\"https:\/\/pragmatic-play.info\/tr\/game\/gates-of-olympus\/\">Gates of Olympus<\/a> veya yeni <a href=\"https:\/\/pragmatic-play.info\/tr\/game\/spaceman\/\">Uzay Adam\u0131<\/a>.<\/p>\n\n\n\n<h2 class=\"wp-block-heading\"><span class=\"ez-toc-section\" id=\"%d0%a3%d1%81%d0%bb%d0%be%d0%b2%d0%b8%d1%8f_%d0%b1%d0%be%d0%bd%d1%83%d1%81%d0%b0_pragmatic_play\"><\/span>Pragmatic Play bonus \u015fartlar\u0131 ve ko\u015fullar\u0131<span class=\"ez-toc-section-end\"><\/span><\/h2>\n\n\n\n<p>Pragmatic Play depozitosuz bonuslar h\u00fck\u00fcm ve ko\u015fullara tabidir. Kumarhaneler, bonuslar\u0131n k\u00f6t\u00fcye kullan\u0131lmas\u0131n\u0131 \u00f6nlemek ve kay\u0131plar\u0131 \u00f6nlemek i\u00e7in bunlar\u0131 bonuslara dahil eder.<\/p>\n\n\n\n<p>Bir oyuncu olarak, bonusla ilgili h\u00fck\u00fcm ve ko\u015fullar\u0131 kontrol etmek \u00f6nemlidir. \u015eartlar ve ko\u015fullar size bonus hakk\u0131nda her \u015feyi anlat\u0131r - ne kadar bahis oynaman\u0131z gerekti\u011fi, kazan\u00e7lardan ne kadar \u00e7ekebilece\u011finiz, bonusun ne kadar s\u00fcreyle ge\u00e7erli oldu\u011fu ve daha fazlas\u0131.<\/p>","protected":false},"excerpt":{"rendered":"<p>Pragmatic Play para yat\u0131rmas\u0131z bonus kodu t\u00fcrleri Pragmatic Play para yat\u0131rmas\u0131z bonus kodlar\u0131 listemize g\u00f6z at\u0131n: \u00fccretsiz para yat\u0131rmas\u0131z \u00e7evirmelerin yan\u0131 s\u0131ra para yat\u0131rmas\u0131z bonus kredileri de bulacaks\u0131n\u0131z. Alaca\u011f\u0131n\u0131z bonus, bulundu\u011funuz kumarhaneye ba\u011fl\u0131d\u0131r. Para Yat\u0131rma Bonusu Yok Bu teklif, ger\u00e7ek parayla oynamak i\u00e7in kaydoldu\u011funuzda \u00fccretsiz bonus kredisi \u015feklinde belirli bir miktar verir. [...]<\/p>","protected":false},"author":1,"featured_media":0,"parent":0,"menu_order":0,"comment_status":"closed","ping_status":"closed","template":"page-bonus-archive-style-1.php","meta":{"footnotes":""},"class_list":["post-75","page","type-page","status-publish","hentry"],"yoast_head":"<!-- This site is optimized with the Yoast SEO plugin v19.6.1 - https:\/\/yoast.com\/wordpress\/plugins\/seo\/ -->\n<title>\u0411\u043e\u043d\u0443\u0441\u044b \u0434\u043b\u044f \u0438\u0433\u0440\u044b \u0432 \u0441\u043b\u043e\u0442\u044b Pragmatic Play \u043d\u0430 \u0440\u0435\u0430\u043b\u044c\u043d\u044b\u0435 \u0434\u0435\u043d\u044c\u0433\u0438<\/title>\n<meta name=\"description\" content=\"\u0411\u0435\u0437\u0434\u0435\u043f\u043e\u0437\u0438\u0442\u043d\u044b\u0435 \u0431\u043e\u043d\u0443\u0441\u044b, \u0444\u0440\u0438\u0441\u043f\u0438\u043d\u044b \u0438 \u0431\u043e\u043d\u0443\u0441\u044b \u043d\u0430 \u0434\u0435\u043f\u043e\u0437\u0438\u0442 \u0434\u043b\u044f \u0441\u043b\u043e\u0442\u043e\u0432 Pragmatic Play. \u0418\u0433\u0440\u0430\u0442\u044c \u0432 \u0441\u043b\u043e\u0442\u044b \u0438 Live-\u0418\u0433\u0440\u044b Pragmatic Play \u043d\u0430 \u0434\u0435\u043d\u044c\u0433\u0438.\" \/>\n<meta name=\"robots\" content=\"index, follow, max-snippet:-1, max-image-preview:large, max-video-preview:-1\" \/>\n<link rel=\"canonical\" href=\"https:\/\/pragmatic-play.info\/tr\/bonuses\/\" \/>\n<meta property=\"og:locale\" content=\"tr_TR\" \/>\n<meta property=\"og:type\" content=\"article\" \/>\n<meta property=\"og:title\" content=\"\u0411\u043e\u043d\u0443\u0441\u044b \u0434\u043b\u044f \u0441\u043b\u043e\u0442\u043e\u0432 Pragmatic Play\" \/>\n<meta property=\"og:description\" content=\"\u0411\u0435\u0437\u0434\u0435\u043f\u043e\u0437\u0438\u0442\u043d\u044b\u0435 \u0431\u043e\u043d\u0443\u0441\u044b, \u0444\u0440\u0438\u0441\u043f\u0438\u043d\u044b \u0438 \u0431\u043e\u043d\u0443\u0441\u044b \u043d\u0430 \u0434\u0435\u043f\u043e\u0437\u0438\u0442 \u0434\u043b\u044f \u0441\u043b\u043e\u0442\u043e\u0432 Pragmatic Play. \u0418\u0433\u0440\u0430\u0442\u044c \u0432 \u0441\u043b\u043e\u0442\u044b \u0438 Live-\u0418\u0433\u0440\u044b Pragmatic Play \u043d\u0430 \u0434\u0435\u043d\u044c\u0433\u0438.\" \/>\n<meta property=\"og:url\" content=\"https:\/\/pragmatic-play.info\/tr\/bonuses\/\" \/>\n<meta property=\"og:site_name\" content=\"\u0418\u0433\u0440\u0430\u0442\u044c \u0432 \u0434\u0435\u043c\u043e \u0441\u043b\u043e\u0442\u044b Pragmatic Play \u0431\u0435\u0441\u043f\u043b\u0430\u0442\u043d\u043e\" \/>\n<meta property=\"article:modified_time\" content=\"2022-09-17T15:50:44+00:00\" \/>\n<meta name=\"twitter:card\" content=\"summary_large_image\" \/>\n<meta name=\"twitter:title\" content=\"\u0411\u043e\u043d\u0443\u0441\u044b \u0434\u043b\u044f \u0441\u043b\u043e\u0442\u043e\u0432 Pragmatic Play\" \/>\n<meta name=\"twitter:label1\" content=\"Tahmini okuma s\u00fcresi\" \/>\n\t<meta name=\"twitter:data1\" content=\"3 dakika\" \/>\n<script type=\"application\/ld+json\" class=\"yoast-schema-graph\">{\"@context\":\"https:\/\/schema.org\",\"@graph\":[{\"@type\":\"WebPage\",\"@id\":\"https:\/\/pragmatic-play.info\/bonuses\/\",\"url\":\"https:\/\/pragmatic-play.info\/bonuses\/\",\"name\":\"\u0411\u043e\u043d\u0443\u0441\u044b \u0434\u043b\u044f \u0438\u0433\u0440\u044b \u0432 \u0441\u043b\u043e\u0442\u044b Pragmatic Play \u043d\u0430 \u0440\u0435\u0430\u043b\u044c\u043d\u044b\u0435 \u0434\u0435\u043d\u044c\u0433\u0438\",\"isPartOf\":{\"@id\":\"https:\/\/pragmatic-play.info\/#website\"},\"datePublished\":\"2022-09-17T12:22:00+00:00\",\"dateModified\":\"2022-09-17T15:50:44+00:00\",\"description\":\"\u0411\u0435\u0437\u0434\u0435\u043f\u043e\u0437\u0438\u0442\u043d\u044b\u0435 \u0431\u043e\u043d\u0443\u0441\u044b, \u0444\u0440\u0438\u0441\u043f\u0438\u043d\u044b \u0438 \u0431\u043e\u043d\u0443\u0441\u044b \u043d\u0430 \u0434\u0435\u043f\u043e\u0437\u0438\u0442 \u0434\u043b\u044f \u0441\u043b\u043e\u0442\u043e\u0432 Pragmatic Play. \u0418\u0433\u0440\u0430\u0442\u044c \u0432 \u0441\u043b\u043e\u0442\u044b \u0438 Live-\u0418\u0433\u0440\u044b Pragmatic Play \u043d\u0430 \u0434\u0435\u043d\u044c\u0433\u0438.\",\"breadcrumb\":{\"@id\":\"https:\/\/pragmatic-play.info\/bonuses\/#breadcrumb\"},\"inLanguage\":\"tr\",\"potentialAction\":[{\"@type\":\"ReadAction\",\"target\":[\"https:\/\/pragmatic-play.info\/bonuses\/\"]}]},{\"@type\":\"BreadcrumbList\",\"@id\":\"https:\/\/pragmatic-play.info\/bonuses\/#breadcrumb\",\"itemListElement\":[{\"@type\":\"ListItem\",\"position\":1,\"name\":\"\u0413\u043b\u0430\u0432\u043d\u0430\u044f\",\"item\":\"https:\/\/pragmatic-play.info\/\"},{\"@type\":\"ListItem\",\"position\":2,\"name\":\"\u0411\u043e\u043d\u0443\u0441\u044b\"}]},{\"@type\":\"WebSite\",\"@id\":\"https:\/\/pragmatic-play.info\/#website\",\"url\":\"https:\/\/pragmatic-play.info\/\",\"name\":\"\u0418\u0433\u0440\u0430\u0442\u044c \u0432 \u0434\u0435\u043c\u043e \u0441\u043b\u043e\u0442\u044b Pragmatic Play \u0431\u0435\u0441\u043f\u043b\u0430\u0442\u043d\u043e\",\"description\":\"\u0421\u043b\u043e\u0442\u044b Pragmatic \u0434\u043b\u044f \u0434\u0435\u043c\u043e \u0438\u0433\u0440\u044b \u0431\u0435\u0441\u043f\u043b\u0430\u0442\u043d\u043e. \u0421\u043f\u0438\u0441\u043e\u043a \u043a\u0430\u0437\u0438\u043d\u043e \u0438 \u0431\u043e\u043d\u0443\u0441\u044b \u0434\u043b\u044f \u0438\u0433\u0440\u044b \u0432 \u0441\u043b\u043e\u0442\u044b Pragmatic Play \u043d\u0430 \u0440\u0435\u0430\u043b\u044c\u043d\u044b\u0435 \u0434\u0435\u043d\u044c\u0433\u0438.\",\"publisher\":{\"@id\":\"https:\/\/pragmatic-play.info\/#organization\"},\"potentialAction\":[{\"@type\":\"SearchAction\",\"target\":{\"@type\":\"EntryPoint\",\"urlTemplate\":\"https:\/\/pragmatic-play.info\/?s={search_term_string}\"},\"query-input\":\"required name=search_term_string\"}],\"inLanguage\":\"tr\"},{\"@type\":\"Organization\",\"@id\":\"https:\/\/pragmatic-play.info\/#organization\",\"name\":\"\u0418\u0433\u0440\u0430\u0442\u044c \u0432 \u0434\u0435\u043c\u043e \u0441\u043b\u043e\u0442\u044b Pragmatic Play \u0431\u0435\u0441\u043f\u043b\u0430\u0442\u043d\u043e\",\"url\":\"https:\/\/pragmatic-play.info\/\",\"sameAs\":[],\"logo\":{\"@type\":\"ImageObject\",\"inLanguage\":\"tr\",\"@id\":\"https:\/\/pragmatic-play.info\/#\/schema\/logo\/image\/\",\"url\":\"https:\/\/pragmatic-play.info\/wp-content\/uploads\/2022\/09\/pragmatic-play-512-\u00d7-512-piks..jpg\",\"contentUrl\":\"https:\/\/pragmatic-play.info\/wp-content\/uploads\/2022\/09\/pragmatic-play-512-\u00d7-512-piks..jpg\",\"width\":512,\"height\":512,\"caption\":\"\u0418\u0433\u0440\u0430\u0442\u044c \u0432 \u0434\u0435\u043c\u043e \u0441\u043b\u043e\u0442\u044b Pragmatic Play \u0431\u0435\u0441\u043f\u043b\u0430\u0442\u043d\u043e\"},\"image\":{\"@id\":\"https:\/\/pragmatic-play.info\/#\/schema\/logo\/image\/\"}}]}<\/script>\n<!-- \/ Yoast SEO plugin. -->","yoast_head_json":{"title":"\u0411\u043e\u043d\u0443\u0441\u044b \u0434\u043b\u044f \u0438\u0433\u0440\u044b \u0432 \u0441\u043b\u043e\u0442\u044b Pragmatic Play \u043d\u0430 \u0440\u0435\u0430\u043b\u044c\u043d\u044b\u0435 \u0434\u0435\u043d\u044c\u0433\u0438","description":"\u0411\u0435\u0437\u0434\u0435\u043f\u043e\u0437\u0438\u0442\u043d\u044b\u0435 \u0431\u043e\u043d\u0443\u0441\u044b, \u0444\u0440\u0438\u0441\u043f\u0438\u043d\u044b \u0438 \u0431\u043e\u043d\u0443\u0441\u044b \u043d\u0430 \u0434\u0435\u043f\u043e\u0437\u0438\u0442 \u0434\u043b\u044f \u0441\u043b\u043e\u0442\u043e\u0432 Pragmatic Play. \u0418\u0433\u0440\u0430\u0442\u044c \u0432 \u0441\u043b\u043e\u0442\u044b \u0438 Live-\u0418\u0433\u0440\u044b Pragmatic Play \u043d\u0430 \u0434\u0435\u043d\u044c\u0433\u0438.","robots":{"index":"index","follow":"follow","max-snippet":"max-snippet:-1","max-image-preview":"max-image-preview:large","max-video-preview":"max-video-preview:-1"},"canonical":"https:\/\/pragmatic-play.info\/tr\/bonuses\/","og_locale":"tr_TR","og_type":"article","og_title":"\u0411\u043e\u043d\u0443\u0441\u044b \u0434\u043b\u044f \u0441\u043b\u043e\u0442\u043e\u0432 Pragmatic Play","og_description":"\u0411\u0435\u0437\u0434\u0435\u043f\u043e\u0437\u0438\u0442\u043d\u044b\u0435 \u0431\u043e\u043d\u0443\u0441\u044b, \u0444\u0440\u0438\u0441\u043f\u0438\u043d\u044b \u0438 \u0431\u043e\u043d\u0443\u0441\u044b \u043d\u0430 \u0434\u0435\u043f\u043e\u0437\u0438\u0442 \u0434\u043b\u044f \u0441\u043b\u043e\u0442\u043e\u0432 Pragmatic Play. \u0418\u0433\u0440\u0430\u0442\u044c \u0432 \u0441\u043b\u043e\u0442\u044b \u0438 Live-\u0418\u0433\u0440\u044b Pragmatic Play \u043d\u0430 \u0434\u0435\u043d\u044c\u0433\u0438.","og_url":"https:\/\/pragmatic-play.info\/tr\/bonuses\/","og_site_name":"\u0418\u0433\u0440\u0430\u0442\u044c \u0432 \u0434\u0435\u043c\u043e \u0441\u043b\u043e\u0442\u044b Pragmatic Play \u0431\u0435\u0441\u043f\u043b\u0430\u0442\u043d\u043e","article_modified_time":"2022-09-17T15:50:44+00:00","twitter_card":"summary_large_image","twitter_title":"\u0411\u043e\u043d\u0443\u0441\u044b \u0434\u043b\u044f \u0441\u043b\u043e\u0442\u043e\u0432 Pragmatic Play","twitter_misc":{"Tahmini okuma s\u00fcresi":"3 dakika"},"schema":{"@context":"https:\/\/schema.org","@graph":[{"@type":"WebPage","@id":"https:\/\/pragmatic-play.info\/bonuses\/","url":"https:\/\/pragmatic-play.info\/bonuses\/","name":"\u0411\u043e\u043d\u0443\u0441\u044b \u0434\u043b\u044f \u0438\u0433\u0440\u044b \u0432 \u0441\u043b\u043e\u0442\u044b Pragmatic Play \u043d\u0430 \u0440\u0435\u0430\u043b\u044c\u043d\u044b\u0435 \u0434\u0435\u043d\u044c\u0433\u0438","isPartOf":{"@id":"https:\/\/pragmatic-play.info\/#website"},"datePublished":"2022-09-17T12:22:00+00:00","dateModified":"2022-09-17T15:50:44+00:00","description":"\u0411\u0435\u0437\u0434\u0435\u043f\u043e\u0437\u0438\u0442\u043d\u044b\u0435 \u0431\u043e\u043d\u0443\u0441\u044b, \u0444\u0440\u0438\u0441\u043f\u0438\u043d\u044b \u0438 \u0431\u043e\u043d\u0443\u0441\u044b \u043d\u0430 \u0434\u0435\u043f\u043e\u0437\u0438\u0442 \u0434\u043b\u044f \u0441\u043b\u043e\u0442\u043e\u0432 Pragmatic Play. \u0418\u0433\u0440\u0430\u0442\u044c \u0432 \u0441\u043b\u043e\u0442\u044b \u0438 Live-\u0418\u0433\u0440\u044b Pragmatic Play \u043d\u0430 \u0434\u0435\u043d\u044c\u0433\u0438.","breadcrumb":{"@id":"https:\/\/pragmatic-play.info\/bonuses\/#breadcrumb"},"inLanguage":"tr","potentialAction":[{"@type":"ReadAction","target":["https:\/\/pragmatic-play.info\/bonuses\/"]}]},{"@type":"BreadcrumbList","@id":"https:\/\/pragmatic-play.info\/bonuses\/#breadcrumb","itemListElement":[{"@type":"ListItem","position":1,"name":"\u0413\u043b\u0430\u0432\u043d\u0430\u044f","item":"https:\/\/pragmatic-play.info\/"},{"@type":"ListItem","position":2,"name":"\u0411\u043e\u043d\u0443\u0441\u044b"}]},{"@type":"WebSite","@id":"https:\/\/pragmatic-play.info\/#website","url":"https:\/\/pragmatic-play.info\/","name":"\u0418\u0433\u0440\u0430\u0442\u044c \u0432 \u0434\u0435\u043c\u043e \u0441\u043b\u043e\u0442\u044b Pragmatic Play \u0431\u0435\u0441\u043f\u043b\u0430\u0442\u043d\u043e","description":"\u0421\u043b\u043e\u0442\u044b Pragmatic \u0434\u043b\u044f \u0434\u0435\u043c\u043e \u0438\u0433\u0440\u044b \u0431\u0435\u0441\u043f\u043b\u0430\u0442\u043d\u043e. \u0421\u043f\u0438\u0441\u043e\u043a \u043a\u0430\u0437\u0438\u043d\u043e \u0438 \u0431\u043e\u043d\u0443\u0441\u044b \u0434\u043b\u044f \u0438\u0433\u0440\u044b \u0432 \u0441\u043b\u043e\u0442\u044b Pragmatic Play \u043d\u0430 \u0440\u0435\u0430\u043b\u044c\u043d\u044b\u0435 \u0434\u0435\u043d\u044c\u0433\u0438.","publisher":{"@id":"https:\/\/pragmatic-play.info\/#organization"},"potentialAction":[{"@type":"SearchAction","target":{"@type":"EntryPoint","urlTemplate":"https:\/\/pragmatic-play.info\/?s={search_term_string}"},"query-input":"required name=search_term_string"}],"inLanguage":"tr"},{"@type":"Organization","@id":"https:\/\/pragmatic-play.info\/#organization","name":"\u0418\u0433\u0440\u0430\u0442\u044c \u0432 \u0434\u0435\u043c\u043e \u0441\u043b\u043e\u0442\u044b Pragmatic Play \u0431\u0435\u0441\u043f\u043b\u0430\u0442\u043d\u043e","url":"https:\/\/pragmatic-play.info\/","sameAs":[],"logo":{"@type":"ImageObject","inLanguage":"tr","@id":"https:\/\/pragmatic-play.info\/#\/schema\/logo\/image\/","url":"https:\/\/pragmatic-play.info\/wp-content\/uploads\/2022\/09\/pragmatic-play-512-\u00d7-512-piks..jpg","contentUrl":"https:\/\/pragmatic-play.info\/wp-content\/uploads\/2022\/09\/pragmatic-play-512-\u00d7-512-piks..jpg","width":512,"height":512,"caption":"\u0418\u0433\u0440\u0430\u0442\u044c \u0432 \u0434\u0435\u043c\u043e \u0441\u043b\u043e\u0442\u044b Pragmatic Play \u0431\u0435\u0441\u043f\u043b\u0430\u0442\u043d\u043e"},"image":{"@id":"https:\/\/pragmatic-play.info\/#\/schema\/logo\/image\/"}}]}},"_links":{"self":[{"href":"https:\/\/pragmatic-play.info\/tr\/wp-json\/wp\/v2\/pages\/75","targetHints":{"allow":["GET"]}}],"collection":[{"href":"https:\/\/pragmatic-play.info\/tr\/wp-json\/wp\/v2\/pages"}],"about":[{"href":"https:\/\/pragmatic-play.info\/tr\/wp-json\/wp\/v2\/types\/page"}],"author":[{"embeddable":true,"href":"https:\/\/pragmatic-play.info\/tr\/wp-json\/wp\/v2\/users\/1"}],"replies":[{"embeddable":true,"href":"https:\/\/pragmatic-play.info\/tr\/wp-json\/wp\/v2\/comments?post=75"}],"version-history":[{"count":2,"href":"https:\/\/pragmatic-play.info\/tr\/wp-json\/wp\/v2\/pages\/75\/revisions"}],"predecessor-version":[{"id":1146,"href":"https:\/\/pragmatic-play.info\/tr\/wp-json\/wp\/v2\/pages\/75\/revisions\/1146"}],"wp:attachment":[{"href":"https:\/\/pragmatic-play.info\/tr\/wp-json\/wp\/v2\/media?parent=75"}],"curies":[{"name":"wp","href":"https:\/\/api.w.org\/{rel}","templated":true}]}}