{"id":54,"date":"2022-09-16T15:52:00","date_gmt":"2022-09-16T12:52:00","guid":{"rendered":"http:\/\/export5.mercury.is\/?page_id=54"},"modified":"2023-02-27T23:23:30","modified_gmt":"2023-02-27T20:23:30","slug":"casinos","status":"publish","type":"page","link":"https:\/\/pragmatic-play.info\/tr\/casinos\/","title":{"rendered":"Kumarhane"},"content":{"rendered":"<div id=\"ez-toc-container\" class=\"ez-toc-v2_0_33_2 counter-hierarchy ez-toc-counter ez-toc-grey ez-toc-container-direction\">\n<div class=\"ez-toc-title-container\">\n<p class=\"ez-toc-title\">\u0130\u00e7indekiler<\/p>\n<span class=\"ez-toc-title-toggle\"><a href=\"#\" class=\"ez-toc-pull-right ez-toc-btn ez-toc-btn-xs ez-toc-btn-default ez-toc-toggle\" style=\"display: none;\"><label for=\"item\" aria-label=\"\u0130\u00e7erik Tablosu\"><i class=\"ez-toc-glyphicon ez-toc-icon-toggle\"><\/i><\/label><input type=\"checkbox\" id=\"item\"><\/a><\/span><\/div>\n<nav><ul class='ez-toc-list ez-toc-list-level-1'><li class='ez-toc-page-1 ez-toc-heading-level-2'><a class=\"ez-toc-link ez-toc-heading-1\" href=\"https:\/\/pragmatic-play.info\/tr\/casinos\/#%d0%9b%d1%83%d1%87%d1%88%d0%b8%d0%b5_%d0%ba%d0%b0%d0%b7%d0%b8%d0%bd%d0%be_%d0%b4%d0%bb%d1%8f_%d0%b8%d0%b3%d1%80%d1%8b_%d0%b2_%d1%81%d0%bb%d0%be%d1%82%d1%8b_pragmatic_play_%d0%b7%d0%b0_2023\" title=\"Pragmatic Play slotlar\u0131n\u0131 oynamak i\u00e7in 2023&#039;\u00fcn en iyi casinolar\u0131\">Pragmatic Play slotlar\u0131n\u0131 oynamak i\u00e7in 2023'\u00fcn en iyi casinolar\u0131<\/a><\/li><li class='ez-toc-page-1 ez-toc-heading-level-2'><a class=\"ez-toc-link ez-toc-heading-2\" href=\"https:\/\/pragmatic-play.info\/tr\/casinos\/#%d0%98%d0%b3%d1%80%d1%8b_%d0%b8_%d0%bf%d1%80%d0%be%d0%b3%d1%80%d0%b0%d0%bc%d0%bc%d0%bd%d0%be%d0%b5_%d0%be%d0%b1%d0%b5%d1%81%d0%bf%d0%b5%d1%87%d0%b5%d0%bd%d0%b8%d0%b5_%d0%ba%d0%b0%d0%b7%d0%b8%d0%bd%d0%be_pragmatic_play\" title=\"Pragmatic Play casino oyunlar\u0131 ve yaz\u0131l\u0131m\u0131\">Pragmatic Play casino oyunlar\u0131 ve yaz\u0131l\u0131m\u0131<\/a><\/li><li class='ez-toc-page-1 ez-toc-heading-level-2'><a class=\"ez-toc-link ez-toc-heading-3\" href=\"https:\/\/pragmatic-play.info\/tr\/casinos\/#%d0%91%d0%b5%d1%81%d0%bf%d0%bb%d0%b0%d1%82%d0%bd%d1%8b%d0%b5_%d0%b8%d0%b3%d1%80%d1%8b_%d0%ba%d0%b0%d0%b7%d0%b8%d0%bd%d0%be_pragmatic_play\" title=\"Pragmatic Play \u00fccretsiz casino oyunlar\u0131\">Pragmatic Play \u00fccretsiz casino oyunlar\u0131<\/a><\/li><li class='ez-toc-page-1 ez-toc-heading-level-2'><a class=\"ez-toc-link ez-toc-heading-4\" href=\"https:\/\/pragmatic-play.info\/tr\/casinos\/#%d0%9a%d0%b0%d0%ba_%d0%b2%d1%8b%d0%b1%d1%80%d0%b0%d1%82%d1%8c_%d0%bb%d1%83%d1%87%d1%88%d0%b5%d0%b5_%d0%ba%d0%b0%d0%b7%d0%b8%d0%bd%d0%be_pragmatic_play\" title=\"En iyi Pragmatic Play casino nas\u0131l se\u00e7ilir\">En iyi Pragmatic Play casino nas\u0131l se\u00e7ilir<\/a><\/li><\/ul><\/nav><\/div>\n<h2 class=\"wp-block-heading\" id=\"h-\u043b\u0443\u0447\u0448\u0438\u0435-\u043a\u0430\u0437\u0438\u043d\u043e-\u0434\u043b\u044f-\u0438\u0433\u0440\u044b-\u0432-\u0441\u043b\u043e\u0442\u044b-pragmatic-play-\u0437\u0430-2023\"><span class=\"ez-toc-section\" id=\"%d0%9b%d1%83%d1%87%d1%88%d0%b8%d0%b5_%d0%ba%d0%b0%d0%b7%d0%b8%d0%bd%d0%be_%d0%b4%d0%bb%d1%8f_%d0%b8%d0%b3%d1%80%d1%8b_%d0%b2_%d1%81%d0%bb%d0%be%d1%82%d1%8b_pragmatic_play_%d0%b7%d0%b0_2023\"><\/span>Pragmatic Play slotlar\u0131n\u0131 oynamak i\u00e7in 2023'\u00fcn en iyi casinolar\u0131<span class=\"ez-toc-section-end\"><\/span><\/h2>\n\n\n\n<p>Pragmatic Play oyunlar\u0131n\u0131 i\u00e7eren casinolar\u0131n g\u00fcncel bir listesi. T\u00fcm siteler sekt\u00f6r uzmanlar\u0131 taraf\u0131ndan derecelendirilmi\u015ftir. Sizin i\u00e7in en iyi Pragmatic Play kumarhanesini se\u00e7in.<\/p>\n\n\n\n<h2 class=\"wp-block-heading\"><span class=\"ez-toc-section\" id=\"%d0%98%d0%b3%d1%80%d1%8b_%d0%b8_%d0%bf%d1%80%d0%be%d0%b3%d1%80%d0%b0%d0%bc%d0%bc%d0%bd%d0%be%d0%b5_%d0%be%d0%b1%d0%b5%d1%81%d0%bf%d0%b5%d1%87%d0%b5%d0%bd%d0%b8%d0%b5_%d0%ba%d0%b0%d0%b7%d0%b8%d0%bd%d0%be_pragmatic_play\"><\/span>Pragmatic Play casino oyunlar\u0131 ve yaz\u0131l\u0131m\u0131<span class=\"ez-toc-section-end\"><\/span><\/h2>\n\n\n\n<p>Pragmatic Play, slotlara ek olarak, \u00e7e\u015fitli standart varyantlarda gelen birinci s\u0131n\u0131f bingo yaz\u0131l\u0131m\u0131 sunar. Esnek bir kullan\u0131c\u0131 aray\u00fcz\u00fcne sahiptir ve belirli bir kumarhane operat\u00f6r\u00fcn\u00fcn ihtiya\u00e7lar\u0131na uyacak \u015fekilde \u0131smarlama bir \u00e7\u00f6z\u00fcm olarak sat\u0131n al\u0131nabilir.<br>Mevcut di\u011fer oyunlar rulet, Amerikan blackjack ve bakarad\u0131r. Ancak, olduk\u00e7a basittirler ve yeni ve yenilik\u00e7i bingo platformuyla kar\u015f\u0131la\u015ft\u0131r\u0131lamazlar. Aksine, Pragmatic Play'in canl\u0131 casino st\u00fcdyosu olduk\u00e7a sofistikedir ve sekt\u00f6r\u00fcn en iyisi olarak kabul edilen Evolution Gaming'inkilerle rekabet edebilir.<\/p>\n\n\n\n<p>Marka ayr\u0131ca tam \u00f6zellikli bir kumarhane i\u015f paketi de sunuyor. \u015eirketin Pragmatic Play casinolar\u0131 i\u00e7in yaz\u0131l\u0131m platformu, web sitesi tasar\u0131m ara\u00e7lar\u0131n\u0131 ve pazarlama, oyuncu analizi, bonus olu\u015fturma, doland\u0131r\u0131c\u0131l\u0131k korumas\u0131, bankac\u0131l\u0131k, raporlama ve m\u00fc\u015fteri hizmetleri i\u00e7in arka ofis y\u00f6netim ara\u00e7lar\u0131n\u0131 i\u00e7erir.<\/p>\n\n\n\n<h2 class=\"wp-block-heading\"><span class=\"ez-toc-section\" id=\"%d0%91%d0%b5%d1%81%d0%bf%d0%bb%d0%b0%d1%82%d0%bd%d1%8b%d0%b5_%d0%b8%d0%b3%d1%80%d1%8b_%d0%ba%d0%b0%d0%b7%d0%b8%d0%bd%d0%be_pragmatic_play\"><\/span>Pragmatic Play \u00fccretsiz casino oyunlar\u0131<span class=\"ez-toc-section-end\"><\/span><\/h2>\n\n\n\n<p>\u0412 <a href=\"https:\/\/pragmatic-play.info\/tr\/casino\/pin-up\/\">PIN-UP<\/a> casino d\u0131\u015f\u0131nda Pragmatic Play slotlar\u0131n\u0131 deneyebilece\u011finiz bir \u00fccretsiz oyunlar b\u00f6l\u00fcm\u00fcne sahiptir. Ger\u00e7ek parayla oynamadan \u00f6nce, bu slotlar\u0131 \u00fccretsiz deneyin ve bu sa\u011flay\u0131c\u0131n\u0131n oyunlar\u0131n\u0131 be\u011fenip be\u011fenmedi\u011finizi g\u00f6r\u00fcn.<\/p>\n\n\n\n<h2 class=\"wp-block-heading\"><span class=\"ez-toc-section\" id=\"%d0%9a%d0%b0%d0%ba_%d0%b2%d1%8b%d0%b1%d1%80%d0%b0%d1%82%d1%8c_%d0%bb%d1%83%d1%87%d1%88%d0%b5%d0%b5_%d0%ba%d0%b0%d0%b7%d0%b8%d0%bd%d0%be_pragmatic_play\"><\/span>En iyi Pragmatic Play casino nas\u0131l se\u00e7ilir<span class=\"ez-toc-section-end\"><\/span><\/h2>\n\n\n\n<p>En iyi casinoyu se\u00e7mek asla kolay de\u011fildir. Belirli bir sa\u011flay\u0131c\u0131n\u0131n oyunlar\u0131n\u0131 i\u00e7eren bir kumarhane arad\u0131\u011f\u0131n\u0131zda i\u015fler daha da k\u0131z\u0131\u015fabilir, ki bu sefer Pragmatic Play Casino'dur. Neyse ki, Pragmatic-Play.Pro bu siteler hakk\u0131ndaki t\u00fcm verileri derledi ve Pragmatic Play casinolar\u0131n\u0131n kullan\u0131\u015fl\u0131 bir listesinde birle\u015ftirdi.<\/p>\n\n\n\n<p>Her \u015feyden \u00f6nce, '\u00d6nerilenler' sekmesi var. \u0130nceleme ekibimiz taraf\u0131ndan toplanan en sayg\u0131n casinolar\u0131n t\u00fcm\u00fc burada toplanm\u0131\u015ft\u0131r ve hemen oynamak i\u00e7in iyi bir site bulabilirsiniz.<\/p>\n\n\n\n<p>\u015eimdiye kadar incelenen Pragmatic Play casinolar\u0131n\u0131n tam listesini g\u00f6rmek istiyorsan\u0131z, \"T\u00fcm\u00fc\" sekmesini a\u00e7\u0131n. Daha sonra Pragmatic Play oyunlar\u0131n\u0131 i\u00e7eren t\u00fcm yeni casinolar\u0131n bulundu\u011fu 'Son Ke\u015ffedilenler' sekmesi vard\u0131r. Bu casinolar, markalar\u0131 etraf\u0131nda sad\u0131k bir topluluk olu\u015fturmalar\u0131 gerekti\u011finden genellikle cazip depozitosuz bonuslar sunarlar.<\/p>\n\n\n\n<p><a href=\"#\">Endonezya'da Pragmatic Play casino slotlar\u0131n\u0131 oynay\u0131n<\/a><\/p>\n\n\n\n<p><a href=\"#\">Rusya'da Pragmatic Play casino slotlar\u0131n\u0131 oynay\u0131n<\/a><\/p>\n\n\n\n<p>Pragmatic Play casinolar\u0131n\u0131 belirli se\u00e7enekleri kullanarak da filtreleyebilirsiniz. \u00d6rne\u011fin, yaln\u0131zca Avustralya'dan oyuncu kabul eden siteleri veya Paypal kabul eden Pragmatic Play slotlar\u0131na sahip casinolar\u0131 arayabilirsiniz. Sadece istedi\u011finiz filtreyi uygulay\u0131n ve hepsi bu kadar.<\/p>\n\n\n\n<p>Harika bir kumarhanenin do\u011fal \u00f6zellikleriyle ilgileniyorsan\u0131z, 'Rehber' b\u00f6l\u00fcm\u00fcm\u00fcze bir g\u00f6z at\u0131n. Burada oyun ipu\u00e7lar\u0131, stratejiler ve \u00e7evrimi\u00e7i bir kumarhanenin nas\u0131l se\u00e7ilece\u011fine dair bir makale bulacaks\u0131n\u0131z. Kontrol edin ve do\u011fru se\u00e7imi yapt\u0131\u011f\u0131n\u0131zdan emin olun.<\/p>","protected":false},"excerpt":{"rendered":"<p>2023'\u00fcn en iyi Pragmatic Play slot casinolar\u0131 Pragmatic Play oyunlar\u0131na sahip casinolar\u0131n g\u00fcncel bir listesi. T\u00fcm siteler sekt\u00f6r uzmanlar\u0131 taraf\u0131ndan derecelendirilmi\u015ftir. Sizin i\u00e7in en iyi Pragmatic Play kumarhanesini se\u00e7in. Pragmatic Play Casino Oyunlar\u0131 ve Yaz\u0131l\u0131m\u0131 Slotlara ek olarak, Pragmatic Play \u00e7e\u015fitli standart varyantlarda gelen birinci s\u0131n\u0131f bingo yaz\u0131l\u0131m\u0131 sunar. [...]<\/p>","protected":false},"author":1,"featured_media":0,"parent":0,"menu_order":0,"comment_status":"closed","ping_status":"closed","template":"page-casino-archive-style-2.php","meta":{"footnotes":""},"class_list":["post-54","page","type-page","status-publish","hentry"],"yoast_head":"<!-- This site is optimized with the Yoast SEO plugin v19.6.1 - https:\/\/yoast.com\/wordpress\/plugins\/seo\/ -->\n<title>\u041a\u0430\u0437\u0438\u043d\u043e \u0434\u043b\u044f \u0438\u0433\u0440\u044b \u0432 \u0441\u043b\u043e\u0442\u044b Pragmatic Play \u043d\u0430 \u0440\u0435\u0430\u043b\u044c\u043d\u044b\u0435 \u0434\u0435\u043d\u044c\u0433\u0438<\/title>\n<meta name=\"description\" content=\"\u041b\u0443\u0447\u0448\u0438\u0435 \u043a\u0430\u0437\u0438\u043d\u043e \u0441 \u0431\u043e\u043d\u0443\u0441\u0430\u043c\u0438 \u0438 \u0444\u0440\u0438\u0441\u043f\u0438\u043d\u0430\u043c\u0438 \u0434\u043b\u044f \u0441\u043b\u043e\u0442\u043e\u0432 Pragmatic Play. \u0418\u0433\u0440\u0430\u0442\u044c \u0432 \u0441\u043b\u043e\u0442\u044b \u0438 Live-\u0418\u0433\u0440\u044b Pragmatic Play \u043d\u0430 \u0434\u0435\u043d\u044c\u0433\u0438.\" \/>\n<meta name=\"robots\" content=\"index, follow, max-snippet:-1, max-image-preview:large, max-video-preview:-1\" \/>\n<link rel=\"canonical\" href=\"https:\/\/pragmatic-play.info\/tr\/casinos\/\" \/>\n<meta property=\"og:locale\" content=\"tr_TR\" \/>\n<meta property=\"og:type\" content=\"article\" \/>\n<meta property=\"og:title\" content=\"\u041a\u0430\u0437\u0438\u043d\u043e \u0434\u043b\u044f \u0441\u043b\u043e\u0442\u043e\u0432 Pragmatic Play\" \/>\n<meta property=\"og:description\" content=\"\u041b\u0443\u0447\u0448\u0438\u0435 \u043a\u0430\u0437\u0438\u043d\u043e \u0441 \u0431\u043e\u043d\u0443\u0441\u0430\u043c\u0438 \u0438 \u0444\u0440\u0438\u0441\u043f\u0438\u043d\u0430\u043c\u0438 \u0434\u043b\u044f \u0441\u043b\u043e\u0442\u043e\u0432 Pragmatic Play. \u0418\u0433\u0440\u0430\u0442\u044c \u0432 \u0441\u043b\u043e\u0442\u044b \u0438 Live-\u0418\u0433\u0440\u044b Pragmatic Play \u043d\u0430 \u0434\u0435\u043d\u044c\u0433\u0438.\" \/>\n<meta property=\"og:url\" content=\"https:\/\/pragmatic-play.info\/tr\/casinos\/\" \/>\n<meta property=\"og:site_name\" content=\"\u0418\u0433\u0440\u0430\u0442\u044c \u0432 \u0434\u0435\u043c\u043e \u0441\u043b\u043e\u0442\u044b Pragmatic Play \u0431\u0435\u0441\u043f\u043b\u0430\u0442\u043d\u043e\" \/>\n<meta property=\"article:modified_time\" content=\"2023-02-27T20:23:30+00:00\" \/>\n<meta name=\"twitter:card\" content=\"summary_large_image\" \/>\n<meta name=\"twitter:title\" content=\"\u041a\u0430\u0437\u0438\u043d\u043e \u0434\u043b\u044f \u0441\u043b\u043e\u0442\u043e\u0432 Pragmatic Play\" \/>\n<meta name=\"twitter:label1\" content=\"Tahmini okuma s\u00fcresi\" \/>\n\t<meta name=\"twitter:data1\" content=\"3 dakika\" \/>\n<script type=\"application\/ld+json\" class=\"yoast-schema-graph\">{\"@context\":\"https:\/\/schema.org\",\"@graph\":[{\"@type\":\"WebPage\",\"@id\":\"https:\/\/pragmatic-play.info\/en\/casinos\/\",\"url\":\"https:\/\/pragmatic-play.info\/casinos\/\",\"name\":\"\u041a\u0430\u0437\u0438\u043d\u043e \u0434\u043b\u044f \u0438\u0433\u0440\u044b \u0432 \u0441\u043b\u043e\u0442\u044b Pragmatic Play \u043d\u0430 \u0440\u0435\u0430\u043b\u044c\u043d\u044b\u0435 \u0434\u0435\u043d\u044c\u0433\u0438\",\"isPartOf\":{\"@id\":\"https:\/\/pragmatic-play.info\/#website\"},\"datePublished\":\"2022-09-16T12:52:00+00:00\",\"dateModified\":\"2023-02-27T20:23:30+00:00\",\"description\":\"\u041b\u0443\u0447\u0448\u0438\u0435 \u043a\u0430\u0437\u0438\u043d\u043e \u0441 \u0431\u043e\u043d\u0443\u0441\u0430\u043c\u0438 \u0438 \u0444\u0440\u0438\u0441\u043f\u0438\u043d\u0430\u043c\u0438 \u0434\u043b\u044f \u0441\u043b\u043e\u0442\u043e\u0432 Pragmatic Play. \u0418\u0433\u0440\u0430\u0442\u044c \u0432 \u0441\u043b\u043e\u0442\u044b \u0438 Live-\u0418\u0433\u0440\u044b Pragmatic Play \u043d\u0430 \u0434\u0435\u043d\u044c\u0433\u0438.\",\"breadcrumb\":{\"@id\":\"https:\/\/pragmatic-play.info\/casinos\/#breadcrumb\"},\"inLanguage\":\"tr\",\"potentialAction\":[{\"@type\":\"ReadAction\",\"target\":[\"https:\/\/pragmatic-play.info\/casinos\/\"]}]},{\"@type\":\"BreadcrumbList\",\"@id\":\"https:\/\/pragmatic-play.info\/casinos\/#breadcrumb\",\"itemListElement\":[{\"@type\":\"ListItem\",\"position\":1,\"name\":\"\u0413\u043b\u0430\u0432\u043d\u0430\u044f\",\"item\":\"https:\/\/pragmatic-play.info\/\"},{\"@type\":\"ListItem\",\"position\":2,\"name\":\"\u041a\u0430\u0437\u0438\u043d\u043e\"}]},{\"@type\":\"WebSite\",\"@id\":\"https:\/\/pragmatic-play.info\/#website\",\"url\":\"https:\/\/pragmatic-play.info\/\",\"name\":\"\u0418\u0433\u0440\u0430\u0442\u044c \u0432 \u0434\u0435\u043c\u043e \u0441\u043b\u043e\u0442\u044b Pragmatic Play \u0431\u0435\u0441\u043f\u043b\u0430\u0442\u043d\u043e\",\"description\":\"\u0421\u043b\u043e\u0442\u044b Pragmatic \u0434\u043b\u044f \u0434\u0435\u043c\u043e \u0438\u0433\u0440\u044b \u0431\u0435\u0441\u043f\u043b\u0430\u0442\u043d\u043e. \u0421\u043f\u0438\u0441\u043e\u043a \u043a\u0430\u0437\u0438\u043d\u043e \u0438 \u0431\u043e\u043d\u0443\u0441\u044b \u0434\u043b\u044f \u0438\u0433\u0440\u044b \u0432 \u0441\u043b\u043e\u0442\u044b Pragmatic Play \u043d\u0430 \u0440\u0435\u0430\u043b\u044c\u043d\u044b\u0435 \u0434\u0435\u043d\u044c\u0433\u0438.\",\"publisher\":{\"@id\":\"https:\/\/pragmatic-play.info\/#organization\"},\"potentialAction\":[{\"@type\":\"SearchAction\",\"target\":{\"@type\":\"EntryPoint\",\"urlTemplate\":\"https:\/\/pragmatic-play.info\/?s={search_term_string}\"},\"query-input\":\"required name=search_term_string\"}],\"inLanguage\":\"tr\"},{\"@type\":\"Organization\",\"@id\":\"https:\/\/pragmatic-play.info\/#organization\",\"name\":\"\u0418\u0433\u0440\u0430\u0442\u044c \u0432 \u0434\u0435\u043c\u043e \u0441\u043b\u043e\u0442\u044b Pragmatic Play \u0431\u0435\u0441\u043f\u043b\u0430\u0442\u043d\u043e\",\"url\":\"https:\/\/pragmatic-play.info\/\",\"sameAs\":[],\"logo\":{\"@type\":\"ImageObject\",\"inLanguage\":\"tr\",\"@id\":\"https:\/\/pragmatic-play.info\/#\/schema\/logo\/image\/\",\"url\":\"https:\/\/pragmatic-play.info\/wp-content\/uploads\/2022\/09\/pragmatic-play-512-\u00d7-512-piks..jpg\",\"contentUrl\":\"https:\/\/pragmatic-play.info\/wp-content\/uploads\/2022\/09\/pragmatic-play-512-\u00d7-512-piks..jpg\",\"width\":512,\"height\":512,\"caption\":\"\u0418\u0433\u0440\u0430\u0442\u044c \u0432 \u0434\u0435\u043c\u043e \u0441\u043b\u043e\u0442\u044b Pragmatic Play \u0431\u0435\u0441\u043f\u043b\u0430\u0442\u043d\u043e\"},\"image\":{\"@id\":\"https:\/\/pragmatic-play.info\/#\/schema\/logo\/image\/\"}}]}<\/script>\n<!-- \/ Yoast SEO plugin. -->","yoast_head_json":{"title":"\u041a\u0430\u0437\u0438\u043d\u043e \u0434\u043b\u044f \u0438\u0433\u0440\u044b \u0432 \u0441\u043b\u043e\u0442\u044b Pragmatic Play \u043d\u0430 \u0440\u0435\u0430\u043b\u044c\u043d\u044b\u0435 \u0434\u0435\u043d\u044c\u0433\u0438","description":"\u041b\u0443\u0447\u0448\u0438\u0435 \u043a\u0430\u0437\u0438\u043d\u043e \u0441 \u0431\u043e\u043d\u0443\u0441\u0430\u043c\u0438 \u0438 \u0444\u0440\u0438\u0441\u043f\u0438\u043d\u0430\u043c\u0438 \u0434\u043b\u044f \u0441\u043b\u043e\u0442\u043e\u0432 Pragmatic Play. \u0418\u0433\u0440\u0430\u0442\u044c \u0432 \u0441\u043b\u043e\u0442\u044b \u0438 Live-\u0418\u0433\u0440\u044b Pragmatic Play \u043d\u0430 \u0434\u0435\u043d\u044c\u0433\u0438.","robots":{"index":"index","follow":"follow","max-snippet":"max-snippet:-1","max-image-preview":"max-image-preview:large","max-video-preview":"max-video-preview:-1"},"canonical":"https:\/\/pragmatic-play.info\/tr\/casinos\/","og_locale":"tr_TR","og_type":"article","og_title":"\u041a\u0430\u0437\u0438\u043d\u043e \u0434\u043b\u044f \u0441\u043b\u043e\u0442\u043e\u0432 Pragmatic Play","og_description":"\u041b\u0443\u0447\u0448\u0438\u0435 \u043a\u0430\u0437\u0438\u043d\u043e \u0441 \u0431\u043e\u043d\u0443\u0441\u0430\u043c\u0438 \u0438 \u0444\u0440\u0438\u0441\u043f\u0438\u043d\u0430\u043c\u0438 \u0434\u043b\u044f \u0441\u043b\u043e\u0442\u043e\u0432 Pragmatic Play. \u0418\u0433\u0440\u0430\u0442\u044c \u0432 \u0441\u043b\u043e\u0442\u044b \u0438 Live-\u0418\u0433\u0440\u044b Pragmatic Play \u043d\u0430 \u0434\u0435\u043d\u044c\u0433\u0438.","og_url":"https:\/\/pragmatic-play.info\/tr\/casinos\/","og_site_name":"\u0418\u0433\u0440\u0430\u0442\u044c \u0432 \u0434\u0435\u043c\u043e \u0441\u043b\u043e\u0442\u044b Pragmatic Play \u0431\u0435\u0441\u043f\u043b\u0430\u0442\u043d\u043e","article_modified_time":"2023-02-27T20:23:30+00:00","twitter_card":"summary_large_image","twitter_title":"\u041a\u0430\u0437\u0438\u043d\u043e \u0434\u043b\u044f \u0441\u043b\u043e\u0442\u043e\u0432 Pragmatic Play","twitter_misc":{"Tahmini okuma s\u00fcresi":"3 dakika"},"schema":{"@context":"https:\/\/schema.org","@graph":[{"@type":"WebPage","@id":"https:\/\/pragmatic-play.info\/en\/casinos\/","url":"https:\/\/pragmatic-play.info\/casinos\/","name":"\u041a\u0430\u0437\u0438\u043d\u043e \u0434\u043b\u044f \u0438\u0433\u0440\u044b \u0432 \u0441\u043b\u043e\u0442\u044b Pragmatic Play \u043d\u0430 \u0440\u0435\u0430\u043b\u044c\u043d\u044b\u0435 \u0434\u0435\u043d\u044c\u0433\u0438","isPartOf":{"@id":"https:\/\/pragmatic-play.info\/#website"},"datePublished":"2022-09-16T12:52:00+00:00","dateModified":"2023-02-27T20:23:30+00:00","description":"\u041b\u0443\u0447\u0448\u0438\u0435 \u043a\u0430\u0437\u0438\u043d\u043e \u0441 \u0431\u043e\u043d\u0443\u0441\u0430\u043c\u0438 \u0438 \u0444\u0440\u0438\u0441\u043f\u0438\u043d\u0430\u043c\u0438 \u0434\u043b\u044f \u0441\u043b\u043e\u0442\u043e\u0432 Pragmatic Play. \u0418\u0433\u0440\u0430\u0442\u044c \u0432 \u0441\u043b\u043e\u0442\u044b \u0438 Live-\u0418\u0433\u0440\u044b Pragmatic Play \u043d\u0430 \u0434\u0435\u043d\u044c\u0433\u0438.","breadcrumb":{"@id":"https:\/\/pragmatic-play.info\/casinos\/#breadcrumb"},"inLanguage":"tr","potentialAction":[{"@type":"ReadAction","target":["https:\/\/pragmatic-play.info\/casinos\/"]}]},{"@type":"BreadcrumbList","@id":"https:\/\/pragmatic-play.info\/casinos\/#breadcrumb","itemListElement":[{"@type":"ListItem","position":1,"name":"\u0413\u043b\u0430\u0432\u043d\u0430\u044f","item":"https:\/\/pragmatic-play.info\/"},{"@type":"ListItem","position":2,"name":"\u041a\u0430\u0437\u0438\u043d\u043e"}]},{"@type":"WebSite","@id":"https:\/\/pragmatic-play.info\/#website","url":"https:\/\/pragmatic-play.info\/","name":"\u0418\u0433\u0440\u0430\u0442\u044c \u0432 \u0434\u0435\u043c\u043e \u0441\u043b\u043e\u0442\u044b Pragmatic Play \u0431\u0435\u0441\u043f\u043b\u0430\u0442\u043d\u043e","description":"\u0421\u043b\u043e\u0442\u044b Pragmatic \u0434\u043b\u044f \u0434\u0435\u043c\u043e \u0438\u0433\u0440\u044b \u0431\u0435\u0441\u043f\u043b\u0430\u0442\u043d\u043e. \u0421\u043f\u0438\u0441\u043e\u043a \u043a\u0430\u0437\u0438\u043d\u043e \u0438 \u0431\u043e\u043d\u0443\u0441\u044b \u0434\u043b\u044f \u0438\u0433\u0440\u044b \u0432 \u0441\u043b\u043e\u0442\u044b Pragmatic Play \u043d\u0430 \u0440\u0435\u0430\u043b\u044c\u043d\u044b\u0435 \u0434\u0435\u043d\u044c\u0433\u0438.","publisher":{"@id":"https:\/\/pragmatic-play.info\/#organization"},"potentialAction":[{"@type":"SearchAction","target":{"@type":"EntryPoint","urlTemplate":"https:\/\/pragmatic-play.info\/?s={search_term_string}"},"query-input":"required name=search_term_string"}],"inLanguage":"tr"},{"@type":"Organization","@id":"https:\/\/pragmatic-play.info\/#organization","name":"\u0418\u0433\u0440\u0430\u0442\u044c \u0432 \u0434\u0435\u043c\u043e \u0441\u043b\u043e\u0442\u044b Pragmatic Play \u0431\u0435\u0441\u043f\u043b\u0430\u0442\u043d\u043e","url":"https:\/\/pragmatic-play.info\/","sameAs":[],"logo":{"@type":"ImageObject","inLanguage":"tr","@id":"https:\/\/pragmatic-play.info\/#\/schema\/logo\/image\/","url":"https:\/\/pragmatic-play.info\/wp-content\/uploads\/2022\/09\/pragmatic-play-512-\u00d7-512-piks..jpg","contentUrl":"https:\/\/pragmatic-play.info\/wp-content\/uploads\/2022\/09\/pragmatic-play-512-\u00d7-512-piks..jpg","width":512,"height":512,"caption":"\u0418\u0433\u0440\u0430\u0442\u044c \u0432 \u0434\u0435\u043c\u043e \u0441\u043b\u043e\u0442\u044b Pragmatic Play \u0431\u0435\u0441\u043f\u043b\u0430\u0442\u043d\u043e"},"image":{"@id":"https:\/\/pragmatic-play.info\/#\/schema\/logo\/image\/"}}]}},"_links":{"self":[{"href":"https:\/\/pragmatic-play.info\/tr\/wp-json\/wp\/v2\/pages\/54","targetHints":{"allow":["GET"]}}],"collection":[{"href":"https:\/\/pragmatic-play.info\/tr\/wp-json\/wp\/v2\/pages"}],"about":[{"href":"https:\/\/pragmatic-play.info\/tr\/wp-json\/wp\/v2\/types\/page"}],"author":[{"embeddable":true,"href":"https:\/\/pragmatic-play.info\/tr\/wp-json\/wp\/v2\/users\/1"}],"replies":[{"embeddable":true,"href":"https:\/\/pragmatic-play.info\/tr\/wp-json\/wp\/v2\/comments?post=54"}],"version-history":[{"count":6,"href":"https:\/\/pragmatic-play.info\/tr\/wp-json\/wp\/v2\/pages\/54\/revisions"}],"predecessor-version":[{"id":1438,"href":"https:\/\/pragmatic-play.info\/tr\/wp-json\/wp\/v2\/pages\/54\/revisions\/1438"}],"wp:attachment":[{"href":"https:\/\/pragmatic-play.info\/tr\/wp-json\/wp\/v2\/media?parent=54"}],"curies":[{"name":"wp","href":"https:\/\/api.w.org\/{rel}","templated":true}]}}