{"id":67,"date":"2022-09-16T15:03:00","date_gmt":"2022-09-16T12:03:00","guid":{"rendered":"http:\/\/export5.mercury.is\/?page_id=67"},"modified":"2024-05-17T16:17:57","modified_gmt":"2024-05-17T13:17:57","slug":"games","status":"publish","type":"page","link":"https:\/\/pragmatic-play.info\/pt\/games\/","title":{"rendered":"Slots de Jogo Pragm\u00e1tico"},"content":{"rendered":"<div id=\"ez-toc-container\" class=\"ez-toc-v2_0_33_2 counter-hierarchy ez-toc-counter ez-toc-grey ez-toc-container-direction\">\n<div class=\"ez-toc-title-container\">\n<p class=\"ez-toc-title\">Tabela de Conte\u00fados<\/p>\n<span class=\"ez-toc-title-toggle\"><a href=\"#\" class=\"ez-toc-pull-right ez-toc-btn ez-toc-btn-xs ez-toc-btn-default ez-toc-toggle\" style=\"display: none;\"><label for=\"item\" aria-label=\"Tabela de conte\u00fados\"><i class=\"ez-toc-glyphicon ez-toc-icon-toggle\"><\/i><\/label><input type=\"checkbox\" id=\"item\"><\/a><\/span><\/div>\n<nav><ul class='ez-toc-list ez-toc-list-level-1'><li class='ez-toc-page-1 ez-toc-heading-level-2'><a class=\"ez-toc-link ez-toc-heading-1\" href=\"https:\/\/pragmatic-play.info\/pt\/games\/#%d0%9e_%d0%bf%d1%80%d0%be%d0%b2%d0%b0%d0%b9%d0%b4%d0%b5%d1%80%d0%b5_pragmatic_play\" title=\"Sobre o fornecedor da Pragmatic Play\">Sobre o fornecedor da Pragmatic Play<\/a><\/li><li class='ez-toc-page-1 ez-toc-heading-level-2'><a class=\"ez-toc-link ez-toc-heading-2\" href=\"https:\/\/pragmatic-play.info\/pt\/games\/#%d0%9a%d0%b0%d0%ba%d0%b8%d0%b5_%d1%81%d0%b0%d0%bc%d1%8b%d0%b5_%d0%bf%d0%be%d0%bf%d1%83%d0%bb%d1%8f%d1%80%d0%bd%d1%8b%d0%b5_%d0%b8%d0%b3%d1%80%d0%be%d0%b2%d1%8b%d0%b5_%d0%b0%d0%b2%d1%82%d0%be%d0%bc%d0%b0%d1%82%d1%8b_pragmatic_play\" title=\"Quais s\u00e3o as slot machines Pragmatic Play mais populares?\">Quais s\u00e3o as slot machines Pragmatic Play mais populares?<\/a><\/li><li class='ez-toc-page-1 ez-toc-heading-level-2'><a class=\"ez-toc-link ez-toc-heading-3\" href=\"https:\/\/pragmatic-play.info\/pt\/games\/#%d0%98%d0%b3%d1%80%d0%b0%d1%82%d1%8c_%d0%b2_%d1%81%d0%bb%d0%be%d1%82%d1%8b_pragmatic_play_%d0%bd%d0%b0_%d1%80%d0%b5%d0%b0%d0%bb%d1%8c%d0%bd%d1%8b%d0%b5_%d0%b4%d0%b5%d0%bd%d1%8c%d0%b3%d0%b8\" title=\"Jogar slots Pragm\u00e1ticos Jogar por dinheiro real\">Jogar slots Pragm\u00e1ticos Jogar por dinheiro real<\/a><\/li><li class='ez-toc-page-1 ez-toc-heading-level-2'><a class=\"ez-toc-link ez-toc-heading-4\" href=\"https:\/\/pragmatic-play.info\/pt\/games\/#%d0%9a%d0%b0%d0%b7%d0%b8%d0%bd%d0%be_pragmatic_play\" title=\"Casino Pragmatic Play?\">Casino Pragmatic Play?<\/a><\/li><li class='ez-toc-page-1 ez-toc-heading-level-2'><a class=\"ez-toc-link ez-toc-heading-5\" href=\"https:\/\/pragmatic-play.info\/pt\/games\/#%d0%9c%d0%be%d0%b3%d1%83_%d0%bb%d0%b8_%d1%8f_%d0%b8%d0%b3%d1%80%d0%b0%d1%82%d1%8c_%d0%b2_%d1%81%d0%bb%d0%be%d1%82%d1%8b_pragmatic_play_%d0%b1%d0%b5%d1%81%d0%bf%d0%bb%d0%b0%d1%82%d0%bd%d0%be\" title=\"Posso jogar slots Pragmatic Play de gra\u00e7a?\">Posso jogar slots Pragmatic Play de gra\u00e7a?<\/a><\/li><li class='ez-toc-page-1 ez-toc-heading-level-2'><a class=\"ez-toc-link ez-toc-heading-6\" href=\"https:\/\/pragmatic-play.info\/pt\/games\/#%d0%a1%d0%bb%d0%be%d1%82%d1%8b_nolimit_city\" title=\"Slots Nolimit City\">Slots Nolimit City<\/a><\/li><\/ul><\/nav><\/div>\n<h2 class=\"wp-block-heading\" id=\"h-\u043e-\u043f\u0440\u043e\u0432\u0430\u0439\u0434\u0435\u0440\u0435-pragmatic-play\"><span class=\"ez-toc-section\" id=\"%d0%9e_%d0%bf%d1%80%d0%be%d0%b2%d0%b0%d0%b9%d0%b4%d0%b5%d1%80%d0%b5_pragmatic_play\"><\/span>Sobre o fornecedor da Pragmatic Play<span class=\"ez-toc-section-end\"><\/span><\/h2>\n\n\n\n<p>Fundada em 2015, a Pragmatic Play \u00e9 um fornecedor de jogos bastante novo mas em r\u00e1pido crescimento que nunca deixa de nos impressionar. Operam a partir de Malta e os seus lan\u00e7amentos mais populares podem ser encontrados em quase todos os casinos online. Todos os meses, dois novos jogos s\u00e3o adicionados ao portf\u00f3lio de jogos da Pragmatic Play, por isso tem a certeza de encontrar a sua ranhura favorita.<\/p>\n\n\n\n<p>Gates of Olympus \u00e9 um dos mais populares slots da Pragmatic Play, jogando numa grelha 6\u00d75 com m\u00faltiplas linhas de pagamento. Se est\u00e1 \u00e0 procura de um jogo de slot que oferece rodadas gr\u00e1tis, re-rota\u00e7\u00f5es, b\u00f3nus em dinheiro e jackpots, ent\u00e3o esta slot \u00e9 para si!<\/p>\n\n\n\n<p>Como se espera de um fornecedor de jogos bem conhecido, a Pragmatic Play tem aprova\u00e7\u00f5es de jogo MGA e UKGC. S\u00e3o tamb\u00e9m certificados por Cura\u00e7ao eGaming, licenciados em It\u00e1lia, Rom\u00e9nia, Filipinas e, mais recentemente, na Dinamarca e nas Bahamas. Com isto em mente, pode estar certo de que todos os jogos passam por verifica\u00e7\u00f5es de honestidade.<\/p>\n\n\n\n<h2 class=\"wp-block-heading\"><span class=\"ez-toc-section\" id=\"%d0%9a%d0%b0%d0%ba%d0%b8%d0%b5_%d1%81%d0%b0%d0%bc%d1%8b%d0%b5_%d0%bf%d0%be%d0%bf%d1%83%d0%bb%d1%8f%d1%80%d0%bd%d1%8b%d0%b5_%d0%b8%d0%b3%d1%80%d0%be%d0%b2%d1%8b%d0%b5_%d0%b0%d0%b2%d1%82%d0%be%d0%bc%d0%b0%d1%82%d1%8b_pragmatic_play\"><\/span>Quais s\u00e3o as slot machines Pragmatic Play mais populares?<span class=\"ez-toc-section-end\"><\/span><\/h2>\n\n\n\n<p>A Pragmatic Play tem um extenso portf\u00f3lio de jogos para se adequar a cada jogador e a cada casino online. Gr\u00e1ficos impec\u00e1veis, grandes bandas sonoras e muitas caracter\u00edsticas de b\u00f3nus s\u00e3o apenas algumas das coisas que melhor os descrevem. Vamos dar uma vista de olhos ao que est\u00e1 em oferta.<\/p>\n\n\n\n<p>Pragmatic Play ostenta uma vasta selec\u00e7\u00e3o de jogos de slot para se adequar ao gosto e bolso de cada jogador. Notar\u00e1 uma variedade de temas e desenhos - algumas ranhuras s\u00e3o brilhantes e vivas, algumas escuras e misteriosas, mas todas t\u00eam caracter\u00edsticas interessantes e b\u00f3nus generosos.<\/p>\n\n\n\n<h2 class=\"wp-block-heading\"><span class=\"ez-toc-section\" id=\"%d0%98%d0%b3%d1%80%d0%b0%d1%82%d1%8c_%d0%b2_%d1%81%d0%bb%d0%be%d1%82%d1%8b_pragmatic_play_%d0%bd%d0%b0_%d1%80%d0%b5%d0%b0%d0%bb%d1%8c%d0%bd%d1%8b%d0%b5_%d0%b4%d0%b5%d0%bd%d1%8c%d0%b3%d0%b8\"><\/span>Jogar slots Pragm\u00e1ticos Jogar por dinheiro real<span class=\"ez-toc-section-end\"><\/span><\/h2>\n\n\n\n<p>Pode jogar slots Pragmatic Play por dinheiro real sem qualquer problema. No entanto, h\u00e1 algumas coisas interessantes a considerar ao escolher o casino Pragmatic Play correcto.<br>N\u00e3o deixe de responder \u00e0s perguntas abaixo antes de decidir se o Pragmatic Play Casino \u00e9 adequado para si.<\/p>\n\n\n\n<ul class=\"wp-block-list\">\n<li>Quer jogar todos os seus jogos, incluindo os menos populares e os mais antigos?<\/li>\n\n\n\n<li>\u00c9 importante para si que o casino acrescente rapidamente novos jogos \u00e0 sua biblioteca?<\/li>\n\n\n\n<li>Precisa de um b\u00f3nus de boas-vindas que esteja claramente definido para pelo menos um dos seus jogos?<\/li>\n<\/ul>\n\n\n\n<p>Muitos casinos online oferecem rota\u00e7\u00f5es gratuitas numa determinada slot como b\u00f3nus de boas-vindas. Por exemplo, se <a href=\"https:\/\/pragmatic-play.info\/pt\/game\/sweet-bonanza\/\">Sweet Bonanza<\/a> - a sua slot favorita, escolheria um casino que lhe oferecesse algumas rota\u00e7\u00f5es gratuitas.<\/p>\n\n\n\n<h2 class=\"wp-block-heading\"><span class=\"ez-toc-section\" id=\"%d0%9a%d0%b0%d0%b7%d0%b8%d0%bd%d0%be_pragmatic_play\"><\/span>Casino Pragmatic Play?<span class=\"ez-toc-section-end\"><\/span><\/h2>\n\n\n\n<p>Para n\u00f3s na Pragmatic-Play.Pro, o Pragmatic Play Casino \u00e9 um casino online especializado em jogos Pragmatic Play. Este enfoque manifesta-se de v\u00e1rias formas, incluindo as listadas abaixo:<\/p>\n\n\n\n<ul class=\"wp-block-list\">\n<li>Um casino online que faz uma extensa publicidade aos jogos do fornecedor no seu lobby.<\/li>\n\n\n\n<li>Um casino online que fornece um grande n\u00famero de jogos Pragmatic Play, incluindo jogos mais antigos.<\/li>\n\n\n\n<li>Um casino que oferece b\u00f3nus especiais apenas em jogos da Pragmatic Play.<\/li>\n\n\n\n<li>Um casino que adiciona os \u00faltimos jogos do fornecedor ao seu portf\u00f3lio rapidamente ap\u00f3s o seu lan\u00e7amento.<\/li>\n\n\n\n<li>Um casino online que oferece ofertas especiais em pelo menos um dos jogos do fornecedor.<\/li>\n<\/ul>\n\n\n\n<h2 class=\"wp-block-heading\"><span class=\"ez-toc-section\" id=\"%d0%9c%d0%be%d0%b3%d1%83_%d0%bb%d0%b8_%d1%8f_%d0%b8%d0%b3%d1%80%d0%b0%d1%82%d1%8c_%d0%b2_%d1%81%d0%bb%d0%be%d1%82%d1%8b_pragmatic_play_%d0%b1%d0%b5%d1%81%d0%bf%d0%bb%d0%b0%d1%82%d0%bd%d0%be\"><\/span>Posso jogar slots Pragmatic Play de gra\u00e7a?<span class=\"ez-toc-section-end\"><\/span><\/h2>\n\n\n\n<p>Antes de come\u00e7ar a jogar qualquer um dos jogos a dinheiro real, recomendamos vivamente que tente jogar de gra\u00e7a primeiro. A Pragmatic-Play.ru oferece informa\u00e7\u00f5es sobre mais de 190 jogos de slots populares da Pragmatic Play que pode experimentar sem gastar um c\u00eantimo.<br>Na Pragmatic-Play.ru a sua slot favorita Pragmatic Play est\u00e1 apenas a alguns cliques de dist\u00e2ncia. Navegue atrav\u00e9s dos jogos, encontre aquele de que gosta e comece a jogar.<\/p>\n\n\n\n<p>Os jogos Pragmatic Play s\u00e3o lan\u00e7ados em HTML5, o que significa que obt\u00e9m a melhor experi\u00eancia de jogo tanto em computadores de secret\u00e1ria como em computadores m\u00f3veis sem descarregar software adicional. Tamb\u00e9m, em compara\u00e7\u00e3o com o Flash, os jogos de slot em HTML5 funcionam muito melhor e s\u00e3o muito mais r\u00e1pidos e f\u00e1ceis de descarregar.<\/p>\n\n\n\n<p>Na Pragmatic-Play.ru mostramos-lhe onde pode jogar gratuitamente. A maioria dos casinos n\u00e3o exige que efectue um dep\u00f3sito e poder\u00e1 descobrir que existem b\u00f3nus de boas-vindas dispon\u00edveis. Assim que fizer um dep\u00f3sito, ser\u00e1 eleg\u00edvel para jogar para recompensas em dinheiro real.<\/p>\n\n\n\n<p>Com a sua impressionante colec\u00e7\u00e3o de jogos, a Pragmatic Play participa em quase todos os casinos online, proporcionando aos jogadores um n\u00famero ilimitado de rota\u00e7\u00f5es gratuitas de b\u00f3nus. Pragmatic-Play.pro permite-lhe encontrar muitas rota\u00e7\u00f5es sem dep\u00f3sito em famosos jogos Pragmatic Play, tanto novos como antigos. Como jogador gr\u00e1tis em <a href=\"https:\/\/pragmatic-play.info\/pt\/casinos\/\">casino<\/a> Pragmatic Play, n\u00e3o \u00e9 necess\u00e1rio nenhum dep\u00f3sito e pode jogar o quanto quiser. Uma vez feito um dep\u00f3sito, pode receber um bom b\u00f3nus de boas-vindas, um b\u00f3nus em dinheiro ou um b\u00f3nus de recarga, dependendo do jogo.<\/p>\n\n\n\n<h2 class=\"wp-block-heading\" id=\"h-\u0441\u043b\u043e\u0442\u044b-nolimit-city\"><span class=\"ez-toc-section\" id=\"%d0%a1%d0%bb%d0%be%d1%82%d1%8b_nolimit_city\"><\/span>Slots Nolimit City<span class=\"ez-toc-section-end\"><\/span><\/h2>\n\n\n\n<p>No mundo dos jogos de azar <a href=\"https:\/\/www.no-limit-city.com\/slots\/\">Slots da cidade de Nolimit<\/a> ocupam um lugar especial, oferecendo aos jogadores aventuras emocionantes, entretenimento sem igual e enormes oportunidades de ganhar. Este criador de slot machines \u00e9 considerado um dos l\u00edderes do sector devido \u00e0 sua abordagem inovadora na cria\u00e7\u00e3o de jogos e \u00e0 elevada qualidade do conte\u00fado fornecido.<\/p>\n\n\n\n<p>Um dos principais aspectos das slots Nolimit City \u00e9 a sua jogabilidade envolvente, que mergulha os jogadores em mundos emocionantes com temas fascinantes. Quer prefira aventuras antigas, mundos de fantasia ou hist\u00f3rias de contos de fadas, a Nolimit City tem algo para todos.<\/p>\n\n\n\n<p>Para al\u00e9m disso, as slots deste criador s\u00e3o conhecidas pelo seu elevado grau de variedade e mec\u00e2nica de jogo inovadora. Desde rondas de b\u00f3nus \u00fanicas a caracter\u00edsticas especiais que aumentam as hip\u00f3teses de grandes ganhos, os jogos da Nolimit City oferecem aos jogadores variedade e divers\u00e3o cont\u00ednuas.<\/p>\n\n\n\n<p>Mas, claro, uma das maiores vantagens das slots Nolimit City \u00e9 o seu potencial para ganhar. Com muitas caracter\u00edsticas de b\u00f3nus, m\u00faltiplas linhas de pagamento e alta volatilidade, os jogadores t\u00eam uma oportunidade real de fazer grandes ganhos em cada volta dos rolos.<\/p>\n\n\n\n<p>Assim, quando joga nas slots Nolimit City, n\u00e3o s\u00f3 obt\u00e9m uma experi\u00eancia de jogo emocionante e entretenimento, mas tamb\u00e9m oportunidades reais de ganhar. N\u00e3o perca a oportunidade de mergulhar no mundo da emo\u00e7\u00e3o com os melhores jogos deste criador l\u00edder.<\/p>","protected":false},"excerpt":{"rendered":"<p>Sobre a Pragmatic Play A Pragmatic Play, fundada em 2015, \u00e9 um fornecedor de jogos bastante novo mas em r\u00e1pido crescimento que nunca deixa de nos impressionar. Operam a partir de Malta e os seus lan\u00e7amentos mais populares podem ser encontrados em quase todos os casinos online. Todos os meses dois novos jogos s\u00e3o adicionados ao portf\u00f3lio de jogos da Pragmatic Play, por isso, certamente encontrar\u00e1 [...]<\/p>","protected":false},"author":1,"featured_media":0,"parent":0,"menu_order":0,"comment_status":"closed","ping_status":"closed","template":"page-game-archive-style-1.php","meta":{"footnotes":""},"class_list":["post-67","page","type-page","status-publish","hentry"],"yoast_head":"<!-- This site is optimized with the Yoast SEO plugin v19.6.1 - https:\/\/yoast.com\/wordpress\/plugins\/seo\/ -->\n<title>\u0418\u0433\u0440\u0430\u0442\u044c \u0431\u0435\u0441\u043f\u043b\u0430\u0442\u043d\u043e \u0432 \u0441\u043b\u043e\u0442\u044b Pragmatic Play \u0434\u0435\u043c\u043e \u0438\u0433\u0440\u044b Online<\/title>\n<meta name=\"description\" content=\"\u0418\u0433\u0440\u0430\u0439\u0442\u0435 \u0432 \u0441\u043b\u043e\u0442\u044b Pragmatic Play \u0431\u0435\u0441\u043f\u043b\u0430\u0442\u043d\u043e \u0438 \u043d\u0430 \u0440\u0435\u0430\u043b\u044c\u043d\u044b\u0435 \u0434\u0435\u043d\u044c\u0433\u0438. \u041e\u0444\u0438\u0446\u0438\u0430\u043b\u044c\u043d\u044b\u0439 \u043a\u0430\u0442\u0430\u043b\u043e\u0433 \u0441\u043b\u043e\u0442\u043e\u0432 \u0441 \u0434\u0435\u043c\u043e \u0438\u0433\u0440\u0430\u043c\u0438. \u041e\u0431\u0437\u043e\u0440\u044b \u0438 \u0445\u0430\u0440\u0430\u043a\u0442\u0435\u0440\u0438\u0441\u0442\u0438\u043a\u0438 \u0441\u043b\u043e\u0442\u043e\u0432, RTP.\" \/>\n<meta name=\"robots\" content=\"index, follow, max-snippet:-1, max-image-preview:large, max-video-preview:-1\" \/>\n<link rel=\"canonical\" href=\"https:\/\/pragmatic-play.info\/pt\/games\/\" \/>\n<meta property=\"og:locale\" content=\"pt_PT\" \/>\n<meta property=\"og:type\" content=\"article\" \/>\n<meta property=\"og:title\" content=\"\u0418\u0433\u0440\u0430\u0442\u044c \u0431\u0435\u0441\u043f\u043b\u0430\u0442\u043d\u043e \u0432 \u0441\u043b\u043e\u0442\u044b Pragmatic Play \u0434\u0435\u043c\u043e \u0438\u0433\u0440\u044b Online\" \/>\n<meta property=\"og:description\" content=\"\u0418\u0433\u0440\u0430\u0439\u0442\u0435 \u0432 \u0441\u043b\u043e\u0442\u044b Pragmatic Play \u0431\u0435\u0441\u043f\u043b\u0430\u0442\u043d\u043e \u0438 \u043d\u0430 \u0440\u0435\u0430\u043b\u044c\u043d\u044b\u0435 \u0434\u0435\u043d\u044c\u0433\u0438. \u041e\u0444\u0438\u0446\u0438\u0430\u043b\u044c\u043d\u044b\u0439 \u043a\u0430\u0442\u0430\u043b\u043e\u0433 \u0441\u043b\u043e\u0442\u043e\u0432 \u0441 \u0434\u0435\u043c\u043e \u0438\u0433\u0440\u0430\u043c\u0438. \u041e\u0431\u0437\u043e\u0440\u044b \u0438 \u0445\u0430\u0440\u0430\u043a\u0442\u0435\u0440\u0438\u0441\u0442\u0438\u043a\u0438 \u0441\u043b\u043e\u0442\u043e\u0432, RTP.\" \/>\n<meta property=\"og:url\" content=\"https:\/\/pragmatic-play.info\/pt\/games\/\" \/>\n<meta property=\"og:site_name\" content=\"\u0418\u0433\u0440\u0430\u0442\u044c \u0432 \u0434\u0435\u043c\u043e \u0441\u043b\u043e\u0442\u044b Pragmatic Play \u0431\u0435\u0441\u043f\u043b\u0430\u0442\u043d\u043e\" \/>\n<meta property=\"article:modified_time\" content=\"2024-05-17T13:17:57+00:00\" \/>\n<meta name=\"twitter:card\" content=\"summary_large_image\" \/>\n<meta name=\"twitter:label1\" content=\"Tempo estimado de leitura\" \/>\n\t<meta name=\"twitter:data1\" content=\"5 minutos\" \/>\n<script type=\"application\/ld+json\" class=\"yoast-schema-graph\">{\"@context\":\"https:\/\/schema.org\",\"@graph\":[{\"@type\":\"WebPage\",\"@id\":\"https:\/\/pragmatic-play.info\/games\/\",\"url\":\"https:\/\/pragmatic-play.info\/games\/\",\"name\":\"\u0418\u0433\u0440\u0430\u0442\u044c \u0431\u0435\u0441\u043f\u043b\u0430\u0442\u043d\u043e \u0432 \u0441\u043b\u043e\u0442\u044b Pragmatic Play \u0434\u0435\u043c\u043e \u0438\u0433\u0440\u044b Online\",\"isPartOf\":{\"@id\":\"https:\/\/pragmatic-play.info\/#website\"},\"datePublished\":\"2022-09-16T12:03:00+00:00\",\"dateModified\":\"2024-05-17T13:17:57+00:00\",\"description\":\"\u0418\u0433\u0440\u0430\u0439\u0442\u0435 \u0432 \u0441\u043b\u043e\u0442\u044b Pragmatic Play \u0431\u0435\u0441\u043f\u043b\u0430\u0442\u043d\u043e \u0438 \u043d\u0430 \u0440\u0435\u0430\u043b\u044c\u043d\u044b\u0435 \u0434\u0435\u043d\u044c\u0433\u0438. \u041e\u0444\u0438\u0446\u0438\u0430\u043b\u044c\u043d\u044b\u0439 \u043a\u0430\u0442\u0430\u043b\u043e\u0433 \u0441\u043b\u043e\u0442\u043e\u0432 \u0441 \u0434\u0435\u043c\u043e \u0438\u0433\u0440\u0430\u043c\u0438. \u041e\u0431\u0437\u043e\u0440\u044b \u0438 \u0445\u0430\u0440\u0430\u043a\u0442\u0435\u0440\u0438\u0441\u0442\u0438\u043a\u0438 \u0441\u043b\u043e\u0442\u043e\u0432, RTP.\",\"breadcrumb\":{\"@id\":\"https:\/\/pragmatic-play.info\/games\/#breadcrumb\"},\"inLanguage\":\"pt-PT\",\"potentialAction\":[{\"@type\":\"ReadAction\",\"target\":[\"https:\/\/pragmatic-play.info\/games\/\"]}]},{\"@type\":\"BreadcrumbList\",\"@id\":\"https:\/\/pragmatic-play.info\/games\/#breadcrumb\",\"itemListElement\":[{\"@type\":\"ListItem\",\"position\":1,\"name\":\"\u0413\u043b\u0430\u0432\u043d\u0430\u044f\",\"item\":\"https:\/\/pragmatic-play.info\/\"},{\"@type\":\"ListItem\",\"position\":2,\"name\":\"\u0421\u043b\u043e\u0442\u044b Pragmatic Play\"}]},{\"@type\":\"WebSite\",\"@id\":\"https:\/\/pragmatic-play.info\/#website\",\"url\":\"https:\/\/pragmatic-play.info\/\",\"name\":\"\u0418\u0433\u0440\u0430\u0442\u044c \u0432 \u0434\u0435\u043c\u043e \u0441\u043b\u043e\u0442\u044b Pragmatic Play \u0431\u0435\u0441\u043f\u043b\u0430\u0442\u043d\u043e\",\"description\":\"\u0421\u043b\u043e\u0442\u044b Pragmatic \u0434\u043b\u044f \u0434\u0435\u043c\u043e \u0438\u0433\u0440\u044b \u0431\u0435\u0441\u043f\u043b\u0430\u0442\u043d\u043e. \u0421\u043f\u0438\u0441\u043e\u043a \u043a\u0430\u0437\u0438\u043d\u043e \u0438 \u0431\u043e\u043d\u0443\u0441\u044b \u0434\u043b\u044f \u0438\u0433\u0440\u044b \u0432 \u0441\u043b\u043e\u0442\u044b Pragmatic Play \u043d\u0430 \u0440\u0435\u0430\u043b\u044c\u043d\u044b\u0435 \u0434\u0435\u043d\u044c\u0433\u0438.\",\"publisher\":{\"@id\":\"https:\/\/pragmatic-play.info\/#organization\"},\"potentialAction\":[{\"@type\":\"SearchAction\",\"target\":{\"@type\":\"EntryPoint\",\"urlTemplate\":\"https:\/\/pragmatic-play.info\/?s={search_term_string}\"},\"query-input\":\"required name=search_term_string\"}],\"inLanguage\":\"pt-PT\"},{\"@type\":\"Organization\",\"@id\":\"https:\/\/pragmatic-play.info\/#organization\",\"name\":\"\u0418\u0433\u0440\u0430\u0442\u044c \u0432 \u0434\u0435\u043c\u043e \u0441\u043b\u043e\u0442\u044b Pragmatic Play \u0431\u0435\u0441\u043f\u043b\u0430\u0442\u043d\u043e\",\"url\":\"https:\/\/pragmatic-play.info\/\",\"sameAs\":[],\"logo\":{\"@type\":\"ImageObject\",\"inLanguage\":\"pt-PT\",\"@id\":\"https:\/\/pragmatic-play.info\/#\/schema\/logo\/image\/\",\"url\":\"https:\/\/pragmatic-play.info\/wp-content\/uploads\/2022\/09\/pragmatic-play-512-\u00d7-512-piks..jpg\",\"contentUrl\":\"https:\/\/pragmatic-play.info\/wp-content\/uploads\/2022\/09\/pragmatic-play-512-\u00d7-512-piks..jpg\",\"width\":512,\"height\":512,\"caption\":\"\u0418\u0433\u0440\u0430\u0442\u044c \u0432 \u0434\u0435\u043c\u043e \u0441\u043b\u043e\u0442\u044b Pragmatic Play \u0431\u0435\u0441\u043f\u043b\u0430\u0442\u043d\u043e\"},\"image\":{\"@id\":\"https:\/\/pragmatic-play.info\/#\/schema\/logo\/image\/\"}}]}<\/script>\n<!-- \/ Yoast SEO plugin. -->","yoast_head_json":{"title":"\u0418\u0433\u0440\u0430\u0442\u044c \u0431\u0435\u0441\u043f\u043b\u0430\u0442\u043d\u043e \u0432 \u0441\u043b\u043e\u0442\u044b Pragmatic Play \u0434\u0435\u043c\u043e \u0438\u0433\u0440\u044b Online","description":"\u0418\u0433\u0440\u0430\u0439\u0442\u0435 \u0432 \u0441\u043b\u043e\u0442\u044b Pragmatic Play \u0431\u0435\u0441\u043f\u043b\u0430\u0442\u043d\u043e \u0438 \u043d\u0430 \u0440\u0435\u0430\u043b\u044c\u043d\u044b\u0435 \u0434\u0435\u043d\u044c\u0433\u0438. \u041e\u0444\u0438\u0446\u0438\u0430\u043b\u044c\u043d\u044b\u0439 \u043a\u0430\u0442\u0430\u043b\u043e\u0433 \u0441\u043b\u043e\u0442\u043e\u0432 \u0441 \u0434\u0435\u043c\u043e \u0438\u0433\u0440\u0430\u043c\u0438. \u041e\u0431\u0437\u043e\u0440\u044b \u0438 \u0445\u0430\u0440\u0430\u043a\u0442\u0435\u0440\u0438\u0441\u0442\u0438\u043a\u0438 \u0441\u043b\u043e\u0442\u043e\u0432, RTP.","robots":{"index":"index","follow":"follow","max-snippet":"max-snippet:-1","max-image-preview":"max-image-preview:large","max-video-preview":"max-video-preview:-1"},"canonical":"https:\/\/pragmatic-play.info\/pt\/games\/","og_locale":"pt_PT","og_type":"article","og_title":"\u0418\u0433\u0440\u0430\u0442\u044c \u0431\u0435\u0441\u043f\u043b\u0430\u0442\u043d\u043e \u0432 \u0441\u043b\u043e\u0442\u044b Pragmatic Play \u0434\u0435\u043c\u043e \u0438\u0433\u0440\u044b Online","og_description":"\u0418\u0433\u0440\u0430\u0439\u0442\u0435 \u0432 \u0441\u043b\u043e\u0442\u044b Pragmatic Play \u0431\u0435\u0441\u043f\u043b\u0430\u0442\u043d\u043e \u0438 \u043d\u0430 \u0440\u0435\u0430\u043b\u044c\u043d\u044b\u0435 \u0434\u0435\u043d\u044c\u0433\u0438. \u041e\u0444\u0438\u0446\u0438\u0430\u043b\u044c\u043d\u044b\u0439 \u043a\u0430\u0442\u0430\u043b\u043e\u0433 \u0441\u043b\u043e\u0442\u043e\u0432 \u0441 \u0434\u0435\u043c\u043e \u0438\u0433\u0440\u0430\u043c\u0438. \u041e\u0431\u0437\u043e\u0440\u044b \u0438 \u0445\u0430\u0440\u0430\u043a\u0442\u0435\u0440\u0438\u0441\u0442\u0438\u043a\u0438 \u0441\u043b\u043e\u0442\u043e\u0432, RTP.","og_url":"https:\/\/pragmatic-play.info\/pt\/games\/","og_site_name":"\u0418\u0433\u0440\u0430\u0442\u044c \u0432 \u0434\u0435\u043c\u043e \u0441\u043b\u043e\u0442\u044b Pragmatic Play \u0431\u0435\u0441\u043f\u043b\u0430\u0442\u043d\u043e","article_modified_time":"2024-05-17T13:17:57+00:00","twitter_card":"summary_large_image","twitter_misc":{"Tempo estimado de leitura":"5 minutos"},"schema":{"@context":"https:\/\/schema.org","@graph":[{"@type":"WebPage","@id":"https:\/\/pragmatic-play.info\/games\/","url":"https:\/\/pragmatic-play.info\/games\/","name":"\u0418\u0433\u0440\u0430\u0442\u044c \u0431\u0435\u0441\u043f\u043b\u0430\u0442\u043d\u043e \u0432 \u0441\u043b\u043e\u0442\u044b Pragmatic Play \u0434\u0435\u043c\u043e \u0438\u0433\u0440\u044b Online","isPartOf":{"@id":"https:\/\/pragmatic-play.info\/#website"},"datePublished":"2022-09-16T12:03:00+00:00","dateModified":"2024-05-17T13:17:57+00:00","description":"\u0418\u0433\u0440\u0430\u0439\u0442\u0435 \u0432 \u0441\u043b\u043e\u0442\u044b Pragmatic Play \u0431\u0435\u0441\u043f\u043b\u0430\u0442\u043d\u043e \u0438 \u043d\u0430 \u0440\u0435\u0430\u043b\u044c\u043d\u044b\u0435 \u0434\u0435\u043d\u044c\u0433\u0438. \u041e\u0444\u0438\u0446\u0438\u0430\u043b\u044c\u043d\u044b\u0439 \u043a\u0430\u0442\u0430\u043b\u043e\u0433 \u0441\u043b\u043e\u0442\u043e\u0432 \u0441 \u0434\u0435\u043c\u043e \u0438\u0433\u0440\u0430\u043c\u0438. \u041e\u0431\u0437\u043e\u0440\u044b \u0438 \u0445\u0430\u0440\u0430\u043a\u0442\u0435\u0440\u0438\u0441\u0442\u0438\u043a\u0438 \u0441\u043b\u043e\u0442\u043e\u0432, RTP.","breadcrumb":{"@id":"https:\/\/pragmatic-play.info\/games\/#breadcrumb"},"inLanguage":"pt-PT","potentialAction":[{"@type":"ReadAction","target":["https:\/\/pragmatic-play.info\/games\/"]}]},{"@type":"BreadcrumbList","@id":"https:\/\/pragmatic-play.info\/games\/#breadcrumb","itemListElement":[{"@type":"ListItem","position":1,"name":"\u0413\u043b\u0430\u0432\u043d\u0430\u044f","item":"https:\/\/pragmatic-play.info\/"},{"@type":"ListItem","position":2,"name":"\u0421\u043b\u043e\u0442\u044b Pragmatic Play"}]},{"@type":"WebSite","@id":"https:\/\/pragmatic-play.info\/#website","url":"https:\/\/pragmatic-play.info\/","name":"\u0418\u0433\u0440\u0430\u0442\u044c \u0432 \u0434\u0435\u043c\u043e \u0441\u043b\u043e\u0442\u044b Pragmatic Play \u0431\u0435\u0441\u043f\u043b\u0430\u0442\u043d\u043e","description":"\u0421\u043b\u043e\u0442\u044b Pragmatic \u0434\u043b\u044f \u0434\u0435\u043c\u043e \u0438\u0433\u0440\u044b \u0431\u0435\u0441\u043f\u043b\u0430\u0442\u043d\u043e. \u0421\u043f\u0438\u0441\u043e\u043a \u043a\u0430\u0437\u0438\u043d\u043e \u0438 \u0431\u043e\u043d\u0443\u0441\u044b \u0434\u043b\u044f \u0438\u0433\u0440\u044b \u0432 \u0441\u043b\u043e\u0442\u044b Pragmatic Play \u043d\u0430 \u0440\u0435\u0430\u043b\u044c\u043d\u044b\u0435 \u0434\u0435\u043d\u044c\u0433\u0438.","publisher":{"@id":"https:\/\/pragmatic-play.info\/#organization"},"potentialAction":[{"@type":"SearchAction","target":{"@type":"EntryPoint","urlTemplate":"https:\/\/pragmatic-play.info\/?s={search_term_string}"},"query-input":"required name=search_term_string"}],"inLanguage":"pt-PT"},{"@type":"Organization","@id":"https:\/\/pragmatic-play.info\/#organization","name":"\u0418\u0433\u0440\u0430\u0442\u044c \u0432 \u0434\u0435\u043c\u043e \u0441\u043b\u043e\u0442\u044b Pragmatic Play \u0431\u0435\u0441\u043f\u043b\u0430\u0442\u043d\u043e","url":"https:\/\/pragmatic-play.info\/","sameAs":[],"logo":{"@type":"ImageObject","inLanguage":"pt-PT","@id":"https:\/\/pragmatic-play.info\/#\/schema\/logo\/image\/","url":"https:\/\/pragmatic-play.info\/wp-content\/uploads\/2022\/09\/pragmatic-play-512-\u00d7-512-piks..jpg","contentUrl":"https:\/\/pragmatic-play.info\/wp-content\/uploads\/2022\/09\/pragmatic-play-512-\u00d7-512-piks..jpg","width":512,"height":512,"caption":"\u0418\u0433\u0440\u0430\u0442\u044c \u0432 \u0434\u0435\u043c\u043e \u0441\u043b\u043e\u0442\u044b Pragmatic Play \u0431\u0435\u0441\u043f\u043b\u0430\u0442\u043d\u043e"},"image":{"@id":"https:\/\/pragmatic-play.info\/#\/schema\/logo\/image\/"}}]}},"_links":{"self":[{"href":"https:\/\/pragmatic-play.info\/pt\/wp-json\/wp\/v2\/pages\/67","targetHints":{"allow":["GET"]}}],"collection":[{"href":"https:\/\/pragmatic-play.info\/pt\/wp-json\/wp\/v2\/pages"}],"about":[{"href":"https:\/\/pragmatic-play.info\/pt\/wp-json\/wp\/v2\/types\/page"}],"author":[{"embeddable":true,"href":"https:\/\/pragmatic-play.info\/pt\/wp-json\/wp\/v2\/users\/1"}],"replies":[{"embeddable":true,"href":"https:\/\/pragmatic-play.info\/pt\/wp-json\/wp\/v2\/comments?post=67"}],"version-history":[{"count":9,"href":"https:\/\/pragmatic-play.info\/pt\/wp-json\/wp\/v2\/pages\/67\/revisions"}],"predecessor-version":[{"id":1443,"href":"https:\/\/pragmatic-play.info\/pt\/wp-json\/wp\/v2\/pages\/67\/revisions\/1443"}],"wp:attachment":[{"href":"https:\/\/pragmatic-play.info\/pt\/wp-json\/wp\/v2\/media?parent=67"}],"curies":[{"name":"wp","href":"https:\/\/api.w.org\/{rel}","templated":true}]}}