{"id":75,"date":"2022-09-17T15:22:00","date_gmt":"2022-09-17T12:22:00","guid":{"rendered":"http:\/\/export5.mercury.is\/?page_id=75"},"modified":"2022-09-17T18:50:44","modified_gmt":"2022-09-17T15:50:44","slug":"bonuses","status":"publish","type":"page","link":"https:\/\/pragmatic-play.info\/fi\/bonuses\/","title":{"rendered":"Bonukset"},"content":{"rendered":"<div id=\"ez-toc-container\" class=\"ez-toc-v2_0_33_2 counter-hierarchy ez-toc-counter ez-toc-grey ez-toc-container-direction\">\n<div class=\"ez-toc-title-container\">\n<p class=\"ez-toc-title\">Sis\u00e4llysluettelo<\/p>\n<span class=\"ez-toc-title-toggle\"><a href=\"#\" class=\"ez-toc-pull-right ez-toc-btn ez-toc-btn-xs ez-toc-btn-default ez-toc-toggle\" style=\"display: none;\"><label for=\"item\" aria-label=\"Sis\u00e4llysluettelo\"><i class=\"ez-toc-glyphicon ez-toc-icon-toggle\"><\/i><\/label><input type=\"checkbox\" id=\"item\"><\/a><\/span><\/div>\n<nav><ul class='ez-toc-list ez-toc-list-level-1'><li class='ez-toc-page-1 ez-toc-heading-level-2'><a class=\"ez-toc-link ez-toc-heading-1\" href=\"https:\/\/pragmatic-play.info\/fi\/bonuses\/#%d0%92%d0%b8%d0%b4%d1%8b_%d0%ba%d0%be%d0%b4%d0%be%d0%b2_%d0%b1%d0%b5%d0%b7%d0%b4%d0%b5%d0%bf%d0%be%d0%b7%d0%b8%d1%82%d0%bd%d1%8b%d1%85_%d0%b1%d0%be%d0%bd%d1%83%d1%81%d0%be%d0%b2_pragmatic_play\" title=\"Tyypit Pragmatic Play ei talletusbonuskoodeja\">Tyypit Pragmatic Play ei talletusbonuskoodeja<\/a><\/li><li class='ez-toc-page-1 ez-toc-heading-level-2'><a class=\"ez-toc-link ez-toc-heading-2\" href=\"https:\/\/pragmatic-play.info\/fi\/bonuses\/#%d0%91%d0%b5%d0%b7%d0%b4%d0%b5%d0%bf%d0%be%d0%b7%d0%b8%d1%82%d0%bd%d1%8b%d0%b5_%d0%b1%d0%be%d0%bd%d1%83%d1%81%d1%8b\" title=\"Ei talletusbonuksia\">Ei talletusbonuksia<\/a><\/li><li class='ez-toc-page-1 ez-toc-heading-level-2'><a class=\"ez-toc-link ez-toc-heading-3\" href=\"https:\/\/pragmatic-play.info\/fi\/bonuses\/#%d0%91%d0%b5%d0%b7%d0%b4%d0%b5%d0%bf%d0%be%d0%b7%d0%b8%d1%82%d0%bd%d1%8b%d0%b5_%d0%b1%d0%b5%d1%81%d0%bf%d0%bb%d0%b0%d1%82%d0%bd%d1%8b%d0%b5_%d0%b2%d1%80%d0%b0%d1%89%d0%b5%d0%bd%d0%b8%d1%8f\" title=\"Ei talletusta ilmaiskierroksia\">Ei talletusta ilmaiskierroksia<\/a><\/li><li class='ez-toc-page-1 ez-toc-heading-level-2'><a class=\"ez-toc-link ez-toc-heading-4\" href=\"https:\/\/pragmatic-play.info\/fi\/bonuses\/#%d0%9b%d1%83%d1%87%d1%88%d0%b8%d0%b5_%d0%b1%d0%b5%d0%b7%d0%b4%d0%b5%d0%bf%d0%be%d0%b7%d0%b8%d1%82%d0%bd%d1%8b%d0%b5_%d0%b1%d0%be%d0%bd%d1%83%d1%81%d0%bd%d1%8b%d0%b5_%d0%ba%d0%be%d0%b4%d1%8b_pragmatic_play\" title=\"Parhaat Pragmatic Play ei talletusbonuskoodit\">Parhaat Pragmatic Play ei talletusbonuskoodit<\/a><\/li><li class='ez-toc-page-1 ez-toc-heading-level-2'><a class=\"ez-toc-link ez-toc-heading-5\" href=\"https:\/\/pragmatic-play.info\/fi\/bonuses\/#%d0%9b%d1%83%d1%87%d1%88%d0%b8%d0%b5_%d0%b1%d0%b5%d0%b7%d0%b4%d0%b5%d0%bf%d0%be%d0%b7%d0%b8%d1%82%d0%bd%d1%8b%d0%b5_%d0%b1%d0%be%d0%bd%d1%83%d1%81%d1%8b_pragmatic_play_%d1%81_%d0%b1%d0%b5%d1%81%d0%bf%d0%bb%d0%b0%d1%82%d0%bd%d1%8b%d0%bc%d0%b8_%d1%81%d0%bf%d0%b8%d0%bd%d0%b0%d0%bc%d0%b8\" title=\"Parhaat Pragmatic Play ei talletusbonukset ilmaiskierroksilla\">Parhaat Pragmatic Play ei talletusbonukset ilmaiskierroksilla<\/a><\/li><li class='ez-toc-page-1 ez-toc-heading-level-2'><a class=\"ez-toc-link ez-toc-heading-6\" href=\"https:\/\/pragmatic-play.info\/fi\/bonuses\/#%d0%a1%d0%b0%d0%bc%d1%8b%d0%b5_%d0%bf%d0%be%d0%bf%d1%83%d0%bb%d1%8f%d1%80%d0%bd%d1%8b%d0%b5_%d0%b8%d0%b3%d1%80%d1%8b_pragmatic_play_%d0%b2_%d0%ba%d0%be%d1%82%d0%be%d1%80%d1%8b%d0%b5_%d0%bc%d0%be%d0%b6%d0%bd%d0%be_%d0%b8%d0%b3%d1%80%d0%b0%d1%82%d1%8c_%d1%81_%d0%b1%d0%b5%d0%b7%d0%b4%d0%b5%d0%bf%d0%be%d0%b7%d0%b8%d1%82%d0%bd%d1%8b%d0%bc%d0%b8_%d0%b1%d0%be%d0%bd%d1%83%d1%81%d0%b0%d0%bc%d0%b8\" title=\"Suosituimmat Pragmatic Play -pelit, joita voi pelata ilman talletusbonuksia\">Suosituimmat Pragmatic Play -pelit, joita voi pelata ilman talletusbonuksia<\/a><\/li><li class='ez-toc-page-1 ez-toc-heading-level-2'><a class=\"ez-toc-link ez-toc-heading-7\" href=\"https:\/\/pragmatic-play.info\/fi\/bonuses\/#%d0%a3%d1%81%d0%bb%d0%be%d0%b2%d0%b8%d1%8f_%d0%b1%d0%be%d0%bd%d1%83%d1%81%d0%b0_pragmatic_play\" title=\"Pragmatic Play bonuksen ehdot ja edellytykset\">Pragmatic Play bonuksen ehdot ja edellytykset<\/a><\/li><\/ul><\/nav><\/div>\n<h2 class=\"wp-block-heading\" id=\"h-\u0432\u0438\u0434\u044b-\u043a\u043e\u0434\u043e\u0432-\u0431\u0435\u0437\u0434\u0435\u043f\u043e\u0437\u0438\u0442\u043d\u044b\u0445-\u0431\u043e\u043d\u0443\u0441\u043e\u0432-pragmatic-play\"><span class=\"ez-toc-section\" id=\"%d0%92%d0%b8%d0%b4%d1%8b_%d0%ba%d0%be%d0%b4%d0%be%d0%b2_%d0%b1%d0%b5%d0%b7%d0%b4%d0%b5%d0%bf%d0%be%d0%b7%d0%b8%d1%82%d0%bd%d1%8b%d1%85_%d0%b1%d0%be%d0%bd%d1%83%d1%81%d0%be%d0%b2_pragmatic_play\"><\/span>Tyypit Pragmatic Play ei talletusbonuskoodeja<span class=\"ez-toc-section-end\"><\/span><\/h2>\n\n\n\n<p>Tutustu Pragmatic Playn talletusbonusten luetteloon: l\u00f6yd\u00e4t ilmaisia talletusvapaita kierroksia sek\u00e4 talletusvapaita bonuskrediittej\u00e4. Saamasi bonus riippuu siit\u00e4, mill\u00e4 kasinolla olet.<\/p>\n\n\n\n<h2 class=\"wp-block-heading\"><span class=\"ez-toc-section\" id=\"%d0%91%d0%b5%d0%b7%d0%b4%d0%b5%d0%bf%d0%be%d0%b7%d0%b8%d1%82%d0%bd%d1%8b%d0%b5_%d0%b1%d0%be%d0%bd%d1%83%d1%81%d1%8b\"><\/span>Ei talletusbonuksia<span class=\"ez-toc-section-end\"><\/span><\/h2>\n\n\n\n<p>T\u00e4m\u00e4 tarjous antaa tietyn m\u00e4\u00e4r\u00e4n ilmaisia bonuskrediittej\u00e4, kun rekister\u00f6idyt pelaamaan oikealla rahalla. Kasino hyvitt\u00e4\u00e4 bonuksen tilillesi heti rekister\u00f6itymisen j\u00e4lkeen, jopa ennen ensimm\u00e4ist\u00e4 talletustasi.<\/p>\n\n\n\n<p>Saamasi summa vaihtelee 5 ja 30 euron v\u00e4lill\u00e4. Jotkut kasinot tarjoavat enemm\u00e4n, jopa 100 euroa. Bonus kattaa yleens\u00e4 useita erilaisia kasinopelej\u00e4, ei vain kolikkopelej\u00e4; n\u00e4m\u00e4 kaikki on lueteltu ehdoissa. Kuten kaikilla bonuksilla, my\u00f6s talletuksettomilla bonuksilla on k\u00e4ytt\u00f6\u00e4 koskevat ehdot. Lue ehdot huolellisesti ennen bonuksen k\u00e4ytt\u00e4mist\u00e4.<\/p>\n\n\n\n<h2 class=\"wp-block-heading\"><span class=\"ez-toc-section\" id=\"%d0%91%d0%b5%d0%b7%d0%b4%d0%b5%d0%bf%d0%be%d0%b7%d0%b8%d1%82%d0%bd%d1%8b%d0%b5_%d0%b1%d0%b5%d1%81%d0%bf%d0%bb%d0%b0%d1%82%d0%bd%d1%8b%d0%b5_%d0%b2%d1%80%d0%b0%d1%89%d0%b5%d0%bd%d0%b8%d1%8f\"><\/span>Ei talletusta ilmaiskierroksia<span class=\"ez-toc-section-end\"><\/span><\/h2>\n\n\n\n<p>T\u00e4m\u00e4 tarjous palkitsee sinut ilman talletusta ilmaiskierroksilla, kun avaat tilin Pragmatic Play Casinossa. Bonus on saatavilla ennen kuin talletat rahaa tilillesi. Saat 5-35 ilmaiskierrosta, mutta jotkut kasinot saattavat nostaa panosta ja tarjota jopa 100 ilmaiskierrosta.<\/p>\n\n\n\n<p>T\u00e4m\u00e4 bonus koskee vain kolikkopelej\u00e4. Kasino listaa kolikkopelit, joihin bonusta sovelletaan. Bonukseen liittyy tietysti ehtoja, joten varmista, ett\u00e4 t\u00e4yt\u00e4t ne ennen voittojen lunastamista.<\/p>\n\n\n\n<h2 class=\"wp-block-heading\"><span class=\"ez-toc-section\" id=\"%d0%9b%d1%83%d1%87%d1%88%d0%b8%d0%b5_%d0%b1%d0%b5%d0%b7%d0%b4%d0%b5%d0%bf%d0%be%d0%b7%d0%b8%d1%82%d0%bd%d1%8b%d0%b5_%d0%b1%d0%be%d0%bd%d1%83%d1%81%d0%bd%d1%8b%d0%b5_%d0%ba%d0%be%d0%b4%d1%8b_pragmatic_play\"><\/span>Parhaat Pragmatic Play ei talletusbonuskoodit<span class=\"ez-toc-section-end\"><\/span><\/h2>\n\n\n\n<p>Pragmatic Playll\u00e4 on yli 100 pelin kokoelma. Pelit ovat monipuolisia ja vaihtelevia, joten suosittelemme pelaamaan niit\u00e4 ensin ilmaiseksi. Ja jos rakastat kakkua ja haluat sy\u00f6d\u00e4 sen my\u00f6s, kokeile pelata niit\u00e4 ilman talletusbonusta!<\/p>\n\n\n\n<p>Kaikki sivustollamme olevat talletuksettomat tarjoukset ovat turvallisia ja tuovat sinulle taatusti parhaat voitot. Sinulle on taattu hyv\u00e4 kokemus riippumatta siit\u00e4, mit\u00e4 tarjouksistamme k\u00e4yt\u00e4t.<\/p>\n\n\n\n<h2 class=\"wp-block-heading\"><span class=\"ez-toc-section\" id=\"%d0%9b%d1%83%d1%87%d1%88%d0%b8%d0%b5_%d0%b1%d0%b5%d0%b7%d0%b4%d0%b5%d0%bf%d0%be%d0%b7%d0%b8%d1%82%d0%bd%d1%8b%d0%b5_%d0%b1%d0%be%d0%bd%d1%83%d1%81%d1%8b_pragmatic_play_%d1%81_%d0%b1%d0%b5%d1%81%d0%bf%d0%bb%d0%b0%d1%82%d0%bd%d1%8b%d0%bc%d0%b8_%d1%81%d0%bf%d0%b8%d0%bd%d0%b0%d0%bc%d0%b8\"><\/span>Parhaat Pragmatic Play ei talletusbonukset ilmaiskierroksilla<span class=\"ez-toc-section-end\"><\/span><\/h2>\n\n\n\n<p>Jos rakastat kolikkopelej\u00e4, tutustu t\u00e4ss\u00e4 osiossa olevaan luetteloon talletuksettomista ilmaiskierrosbonuksista!<\/p>\n\n\n\n<h2 class=\"wp-block-heading\"><span class=\"ez-toc-section\" id=\"%d0%a1%d0%b0%d0%bc%d1%8b%d0%b5_%d0%bf%d0%be%d0%bf%d1%83%d0%bb%d1%8f%d1%80%d0%bd%d1%8b%d0%b5_%d0%b8%d0%b3%d1%80%d1%8b_pragmatic_play_%d0%b2_%d0%ba%d0%be%d1%82%d0%be%d1%80%d1%8b%d0%b5_%d0%bc%d0%be%d0%b6%d0%bd%d0%be_%d0%b8%d0%b3%d1%80%d0%b0%d1%82%d1%8c_%d1%81_%d0%b1%d0%b5%d0%b7%d0%b4%d0%b5%d0%bf%d0%be%d0%b7%d0%b8%d1%82%d0%bd%d1%8b%d0%bc%d0%b8_%d0%b1%d0%be%d0%bd%d1%83%d1%81%d0%b0%d0%bc%d0%b8\"><\/span>Suosituimmat Pragmatic Play -pelit, joita voi pelata ilman talletusbonuksia<span class=\"ez-toc-section-end\"><\/span><\/h2>\n\n\n\n<p>Pragmatic Playll\u00e4 on hyv\u00e4 valikoima pelej\u00e4, mutta se erottuu edukseen kolikkopeliens\u00e4 ansiosta. Pelit on suunniteltu HTML5:ll\u00e4, ja ne ovat yhteensopivia ty\u00f6p\u00f6yt\u00e4- ja mobiililaitteiden kanssa. Ne ovat tunnettuja erinomaisesta grafiikan laadusta ja monipuolisista ominaisuuksista. Suosittelemme kokeilemaan kokeiltuja ja testattuja hittej\u00e4, kuten <a href=\"https:\/\/pragmatic-play.info\/fi\/game\/sweet-bonanza\/\">Sweet Bonanza<\/a>, <a href=\"https:\/\/pragmatic-play.info\/fi\/game\/gates-of-olympus\/\">Gates of Olympus<\/a> tai uusi <a href=\"https:\/\/pragmatic-play.info\/fi\/game\/spaceman\/\">Avaruusmies<\/a>.<\/p>\n\n\n\n<h2 class=\"wp-block-heading\"><span class=\"ez-toc-section\" id=\"%d0%a3%d1%81%d0%bb%d0%be%d0%b2%d0%b8%d1%8f_%d0%b1%d0%be%d0%bd%d1%83%d1%81%d0%b0_pragmatic_play\"><\/span>Pragmatic Play bonuksen ehdot ja edellytykset<span class=\"ez-toc-section-end\"><\/span><\/h2>\n\n\n\n<p>Pragmatic Play ei talletusbonuksia koskevat ehdot ja edellytykset. Kasinot sis\u00e4llytt\u00e4v\u00e4t ne bonuksiin est\u00e4\u00e4kseen bonusten v\u00e4\u00e4rink\u00e4yt\u00f6n ja tappioiden v\u00e4ltt\u00e4miseksi.<\/p>\n\n\n\n<p>Pelaajana on t\u00e4rke\u00e4\u00e4 tarkistaa bonukseen liittyv\u00e4t ehdot. Ehdot kertovat kaiken bonuksesta - kuinka paljon sinun on panostettava, kuinka paljon voit nostaa voittoja, kuinka kauan bonus on voimassa ja paljon muuta.<\/p>","protected":false},"excerpt":{"rendered":"<p>Pragmatic Play -bonuskoodien tyypit Tutustu Pragmatic Play -bonuskoodien luetteloon: l\u00f6yd\u00e4t sek\u00e4 ilmaisia kierroksia ilman talletusta ett\u00e4 bonuskrediittej\u00e4 ilman talletusta. Saamasi bonus riippuu siit\u00e4, mill\u00e4 kasinolla olet. Talletusbonukset T\u00e4m\u00e4 tarjous antaa tietyn m\u00e4\u00e4r\u00e4n ilmaisia bonuskrediittej\u00e4, kun rekister\u00f6idyt pelaamaan oikealla rahalla. [...]<\/p>","protected":false},"author":1,"featured_media":0,"parent":0,"menu_order":0,"comment_status":"closed","ping_status":"closed","template":"page-bonus-archive-style-1.php","meta":{"footnotes":""},"class_list":["post-75","page","type-page","status-publish","hentry"],"yoast_head":"<!-- This site is optimized with the Yoast SEO plugin v19.6.1 - https:\/\/yoast.com\/wordpress\/plugins\/seo\/ -->\n<title>\u0411\u043e\u043d\u0443\u0441\u044b \u0434\u043b\u044f \u0438\u0433\u0440\u044b \u0432 \u0441\u043b\u043e\u0442\u044b Pragmatic Play \u043d\u0430 \u0440\u0435\u0430\u043b\u044c\u043d\u044b\u0435 \u0434\u0435\u043d\u044c\u0433\u0438<\/title>\n<meta name=\"description\" content=\"\u0411\u0435\u0437\u0434\u0435\u043f\u043e\u0437\u0438\u0442\u043d\u044b\u0435 \u0431\u043e\u043d\u0443\u0441\u044b, \u0444\u0440\u0438\u0441\u043f\u0438\u043d\u044b \u0438 \u0431\u043e\u043d\u0443\u0441\u044b \u043d\u0430 \u0434\u0435\u043f\u043e\u0437\u0438\u0442 \u0434\u043b\u044f \u0441\u043b\u043e\u0442\u043e\u0432 Pragmatic Play. \u0418\u0433\u0440\u0430\u0442\u044c \u0432 \u0441\u043b\u043e\u0442\u044b \u0438 Live-\u0418\u0433\u0440\u044b Pragmatic Play \u043d\u0430 \u0434\u0435\u043d\u044c\u0433\u0438.\" \/>\n<meta name=\"robots\" content=\"index, follow, max-snippet:-1, max-image-preview:large, max-video-preview:-1\" \/>\n<link rel=\"canonical\" href=\"https:\/\/pragmatic-play.info\/fi\/bonuses\/\" \/>\n<meta property=\"og:locale\" content=\"fi_FI\" \/>\n<meta property=\"og:type\" content=\"article\" \/>\n<meta property=\"og:title\" content=\"\u0411\u043e\u043d\u0443\u0441\u044b \u0434\u043b\u044f \u0441\u043b\u043e\u0442\u043e\u0432 Pragmatic Play\" \/>\n<meta property=\"og:description\" content=\"\u0411\u0435\u0437\u0434\u0435\u043f\u043e\u0437\u0438\u0442\u043d\u044b\u0435 \u0431\u043e\u043d\u0443\u0441\u044b, \u0444\u0440\u0438\u0441\u043f\u0438\u043d\u044b \u0438 \u0431\u043e\u043d\u0443\u0441\u044b \u043d\u0430 \u0434\u0435\u043f\u043e\u0437\u0438\u0442 \u0434\u043b\u044f \u0441\u043b\u043e\u0442\u043e\u0432 Pragmatic Play. \u0418\u0433\u0440\u0430\u0442\u044c \u0432 \u0441\u043b\u043e\u0442\u044b \u0438 Live-\u0418\u0433\u0440\u044b Pragmatic Play \u043d\u0430 \u0434\u0435\u043d\u044c\u0433\u0438.\" \/>\n<meta property=\"og:url\" content=\"https:\/\/pragmatic-play.info\/fi\/bonuses\/\" \/>\n<meta property=\"og:site_name\" content=\"\u0418\u0433\u0440\u0430\u0442\u044c \u0432 \u0434\u0435\u043c\u043e \u0441\u043b\u043e\u0442\u044b Pragmatic Play \u0431\u0435\u0441\u043f\u043b\u0430\u0442\u043d\u043e\" \/>\n<meta property=\"article:modified_time\" content=\"2022-09-17T15:50:44+00:00\" \/>\n<meta name=\"twitter:card\" content=\"summary_large_image\" \/>\n<meta name=\"twitter:title\" content=\"\u0411\u043e\u043d\u0443\u0441\u044b \u0434\u043b\u044f \u0441\u043b\u043e\u0442\u043e\u0432 Pragmatic Play\" \/>\n<meta name=\"twitter:label1\" content=\"Arvioitu lukuaika\" \/>\n\t<meta name=\"twitter:data1\" content=\"3 minuuttia\" \/>\n<script type=\"application\/ld+json\" class=\"yoast-schema-graph\">{\"@context\":\"https:\/\/schema.org\",\"@graph\":[{\"@type\":\"WebPage\",\"@id\":\"https:\/\/pragmatic-play.info\/bonuses\/\",\"url\":\"https:\/\/pragmatic-play.info\/bonuses\/\",\"name\":\"\u0411\u043e\u043d\u0443\u0441\u044b \u0434\u043b\u044f \u0438\u0433\u0440\u044b \u0432 \u0441\u043b\u043e\u0442\u044b Pragmatic Play \u043d\u0430 \u0440\u0435\u0430\u043b\u044c\u043d\u044b\u0435 \u0434\u0435\u043d\u044c\u0433\u0438\",\"isPartOf\":{\"@id\":\"https:\/\/pragmatic-play.info\/#website\"},\"datePublished\":\"2022-09-17T12:22:00+00:00\",\"dateModified\":\"2022-09-17T15:50:44+00:00\",\"description\":\"\u0411\u0435\u0437\u0434\u0435\u043f\u043e\u0437\u0438\u0442\u043d\u044b\u0435 \u0431\u043e\u043d\u0443\u0441\u044b, \u0444\u0440\u0438\u0441\u043f\u0438\u043d\u044b \u0438 \u0431\u043e\u043d\u0443\u0441\u044b \u043d\u0430 \u0434\u0435\u043f\u043e\u0437\u0438\u0442 \u0434\u043b\u044f \u0441\u043b\u043e\u0442\u043e\u0432 Pragmatic Play. \u0418\u0433\u0440\u0430\u0442\u044c \u0432 \u0441\u043b\u043e\u0442\u044b \u0438 Live-\u0418\u0433\u0440\u044b Pragmatic Play \u043d\u0430 \u0434\u0435\u043d\u044c\u0433\u0438.\",\"breadcrumb\":{\"@id\":\"https:\/\/pragmatic-play.info\/bonuses\/#breadcrumb\"},\"inLanguage\":\"fi\",\"potentialAction\":[{\"@type\":\"ReadAction\",\"target\":[\"https:\/\/pragmatic-play.info\/bonuses\/\"]}]},{\"@type\":\"BreadcrumbList\",\"@id\":\"https:\/\/pragmatic-play.info\/bonuses\/#breadcrumb\",\"itemListElement\":[{\"@type\":\"ListItem\",\"position\":1,\"name\":\"\u0413\u043b\u0430\u0432\u043d\u0430\u044f\",\"item\":\"https:\/\/pragmatic-play.info\/\"},{\"@type\":\"ListItem\",\"position\":2,\"name\":\"\u0411\u043e\u043d\u0443\u0441\u044b\"}]},{\"@type\":\"WebSite\",\"@id\":\"https:\/\/pragmatic-play.info\/#website\",\"url\":\"https:\/\/pragmatic-play.info\/\",\"name\":\"\u0418\u0433\u0440\u0430\u0442\u044c \u0432 \u0434\u0435\u043c\u043e \u0441\u043b\u043e\u0442\u044b Pragmatic Play \u0431\u0435\u0441\u043f\u043b\u0430\u0442\u043d\u043e\",\"description\":\"\u0421\u043b\u043e\u0442\u044b Pragmatic \u0434\u043b\u044f \u0434\u0435\u043c\u043e \u0438\u0433\u0440\u044b \u0431\u0435\u0441\u043f\u043b\u0430\u0442\u043d\u043e. \u0421\u043f\u0438\u0441\u043e\u043a \u043a\u0430\u0437\u0438\u043d\u043e \u0438 \u0431\u043e\u043d\u0443\u0441\u044b \u0434\u043b\u044f \u0438\u0433\u0440\u044b \u0432 \u0441\u043b\u043e\u0442\u044b Pragmatic Play \u043d\u0430 \u0440\u0435\u0430\u043b\u044c\u043d\u044b\u0435 \u0434\u0435\u043d\u044c\u0433\u0438.\",\"publisher\":{\"@id\":\"https:\/\/pragmatic-play.info\/#organization\"},\"potentialAction\":[{\"@type\":\"SearchAction\",\"target\":{\"@type\":\"EntryPoint\",\"urlTemplate\":\"https:\/\/pragmatic-play.info\/?s={search_term_string}\"},\"query-input\":\"required name=search_term_string\"}],\"inLanguage\":\"fi\"},{\"@type\":\"Organization\",\"@id\":\"https:\/\/pragmatic-play.info\/#organization\",\"name\":\"\u0418\u0433\u0440\u0430\u0442\u044c \u0432 \u0434\u0435\u043c\u043e \u0441\u043b\u043e\u0442\u044b Pragmatic Play \u0431\u0435\u0441\u043f\u043b\u0430\u0442\u043d\u043e\",\"url\":\"https:\/\/pragmatic-play.info\/\",\"sameAs\":[],\"logo\":{\"@type\":\"ImageObject\",\"inLanguage\":\"fi\",\"@id\":\"https:\/\/pragmatic-play.info\/#\/schema\/logo\/image\/\",\"url\":\"https:\/\/pragmatic-play.info\/wp-content\/uploads\/2022\/09\/pragmatic-play-512-\u00d7-512-piks..jpg\",\"contentUrl\":\"https:\/\/pragmatic-play.info\/wp-content\/uploads\/2022\/09\/pragmatic-play-512-\u00d7-512-piks..jpg\",\"width\":512,\"height\":512,\"caption\":\"\u0418\u0433\u0440\u0430\u0442\u044c \u0432 \u0434\u0435\u043c\u043e \u0441\u043b\u043e\u0442\u044b Pragmatic Play \u0431\u0435\u0441\u043f\u043b\u0430\u0442\u043d\u043e\"},\"image\":{\"@id\":\"https:\/\/pragmatic-play.info\/#\/schema\/logo\/image\/\"}}]}<\/script>\n<!-- \/ Yoast SEO plugin. -->","yoast_head_json":{"title":"\u0411\u043e\u043d\u0443\u0441\u044b \u0434\u043b\u044f \u0438\u0433\u0440\u044b \u0432 \u0441\u043b\u043e\u0442\u044b Pragmatic Play \u043d\u0430 \u0440\u0435\u0430\u043b\u044c\u043d\u044b\u0435 \u0434\u0435\u043d\u044c\u0433\u0438","description":"\u0411\u0435\u0437\u0434\u0435\u043f\u043e\u0437\u0438\u0442\u043d\u044b\u0435 \u0431\u043e\u043d\u0443\u0441\u044b, \u0444\u0440\u0438\u0441\u043f\u0438\u043d\u044b \u0438 \u0431\u043e\u043d\u0443\u0441\u044b \u043d\u0430 \u0434\u0435\u043f\u043e\u0437\u0438\u0442 \u0434\u043b\u044f \u0441\u043b\u043e\u0442\u043e\u0432 Pragmatic Play. \u0418\u0433\u0440\u0430\u0442\u044c \u0432 \u0441\u043b\u043e\u0442\u044b \u0438 Live-\u0418\u0433\u0440\u044b Pragmatic Play \u043d\u0430 \u0434\u0435\u043d\u044c\u0433\u0438.","robots":{"index":"index","follow":"follow","max-snippet":"max-snippet:-1","max-image-preview":"max-image-preview:large","max-video-preview":"max-video-preview:-1"},"canonical":"https:\/\/pragmatic-play.info\/fi\/bonuses\/","og_locale":"fi_FI","og_type":"article","og_title":"\u0411\u043e\u043d\u0443\u0441\u044b \u0434\u043b\u044f \u0441\u043b\u043e\u0442\u043e\u0432 Pragmatic Play","og_description":"\u0411\u0435\u0437\u0434\u0435\u043f\u043e\u0437\u0438\u0442\u043d\u044b\u0435 \u0431\u043e\u043d\u0443\u0441\u044b, \u0444\u0440\u0438\u0441\u043f\u0438\u043d\u044b \u0438 \u0431\u043e\u043d\u0443\u0441\u044b \u043d\u0430 \u0434\u0435\u043f\u043e\u0437\u0438\u0442 \u0434\u043b\u044f \u0441\u043b\u043e\u0442\u043e\u0432 Pragmatic Play. \u0418\u0433\u0440\u0430\u0442\u044c \u0432 \u0441\u043b\u043e\u0442\u044b \u0438 Live-\u0418\u0433\u0440\u044b Pragmatic Play \u043d\u0430 \u0434\u0435\u043d\u044c\u0433\u0438.","og_url":"https:\/\/pragmatic-play.info\/fi\/bonuses\/","og_site_name":"\u0418\u0433\u0440\u0430\u0442\u044c \u0432 \u0434\u0435\u043c\u043e \u0441\u043b\u043e\u0442\u044b Pragmatic Play \u0431\u0435\u0441\u043f\u043b\u0430\u0442\u043d\u043e","article_modified_time":"2022-09-17T15:50:44+00:00","twitter_card":"summary_large_image","twitter_title":"\u0411\u043e\u043d\u0443\u0441\u044b \u0434\u043b\u044f \u0441\u043b\u043e\u0442\u043e\u0432 Pragmatic Play","twitter_misc":{"Arvioitu lukuaika":"3 minuuttia"},"schema":{"@context":"https:\/\/schema.org","@graph":[{"@type":"WebPage","@id":"https:\/\/pragmatic-play.info\/bonuses\/","url":"https:\/\/pragmatic-play.info\/bonuses\/","name":"\u0411\u043e\u043d\u0443\u0441\u044b \u0434\u043b\u044f \u0438\u0433\u0440\u044b \u0432 \u0441\u043b\u043e\u0442\u044b Pragmatic Play \u043d\u0430 \u0440\u0435\u0430\u043b\u044c\u043d\u044b\u0435 \u0434\u0435\u043d\u044c\u0433\u0438","isPartOf":{"@id":"https:\/\/pragmatic-play.info\/#website"},"datePublished":"2022-09-17T12:22:00+00:00","dateModified":"2022-09-17T15:50:44+00:00","description":"\u0411\u0435\u0437\u0434\u0435\u043f\u043e\u0437\u0438\u0442\u043d\u044b\u0435 \u0431\u043e\u043d\u0443\u0441\u044b, \u0444\u0440\u0438\u0441\u043f\u0438\u043d\u044b \u0438 \u0431\u043e\u043d\u0443\u0441\u044b \u043d\u0430 \u0434\u0435\u043f\u043e\u0437\u0438\u0442 \u0434\u043b\u044f \u0441\u043b\u043e\u0442\u043e\u0432 Pragmatic Play. \u0418\u0433\u0440\u0430\u0442\u044c \u0432 \u0441\u043b\u043e\u0442\u044b \u0438 Live-\u0418\u0433\u0440\u044b Pragmatic Play \u043d\u0430 \u0434\u0435\u043d\u044c\u0433\u0438.","breadcrumb":{"@id":"https:\/\/pragmatic-play.info\/bonuses\/#breadcrumb"},"inLanguage":"fi","potentialAction":[{"@type":"ReadAction","target":["https:\/\/pragmatic-play.info\/bonuses\/"]}]},{"@type":"BreadcrumbList","@id":"https:\/\/pragmatic-play.info\/bonuses\/#breadcrumb","itemListElement":[{"@type":"ListItem","position":1,"name":"\u0413\u043b\u0430\u0432\u043d\u0430\u044f","item":"https:\/\/pragmatic-play.info\/"},{"@type":"ListItem","position":2,"name":"\u0411\u043e\u043d\u0443\u0441\u044b"}]},{"@type":"WebSite","@id":"https:\/\/pragmatic-play.info\/#website","url":"https:\/\/pragmatic-play.info\/","name":"\u0418\u0433\u0440\u0430\u0442\u044c \u0432 \u0434\u0435\u043c\u043e \u0441\u043b\u043e\u0442\u044b Pragmatic Play \u0431\u0435\u0441\u043f\u043b\u0430\u0442\u043d\u043e","description":"\u0421\u043b\u043e\u0442\u044b Pragmatic \u0434\u043b\u044f \u0434\u0435\u043c\u043e \u0438\u0433\u0440\u044b \u0431\u0435\u0441\u043f\u043b\u0430\u0442\u043d\u043e. \u0421\u043f\u0438\u0441\u043e\u043a \u043a\u0430\u0437\u0438\u043d\u043e \u0438 \u0431\u043e\u043d\u0443\u0441\u044b \u0434\u043b\u044f \u0438\u0433\u0440\u044b \u0432 \u0441\u043b\u043e\u0442\u044b Pragmatic Play \u043d\u0430 \u0440\u0435\u0430\u043b\u044c\u043d\u044b\u0435 \u0434\u0435\u043d\u044c\u0433\u0438.","publisher":{"@id":"https:\/\/pragmatic-play.info\/#organization"},"potentialAction":[{"@type":"SearchAction","target":{"@type":"EntryPoint","urlTemplate":"https:\/\/pragmatic-play.info\/?s={search_term_string}"},"query-input":"required name=search_term_string"}],"inLanguage":"fi"},{"@type":"Organization","@id":"https:\/\/pragmatic-play.info\/#organization","name":"\u0418\u0433\u0440\u0430\u0442\u044c \u0432 \u0434\u0435\u043c\u043e \u0441\u043b\u043e\u0442\u044b Pragmatic Play \u0431\u0435\u0441\u043f\u043b\u0430\u0442\u043d\u043e","url":"https:\/\/pragmatic-play.info\/","sameAs":[],"logo":{"@type":"ImageObject","inLanguage":"fi","@id":"https:\/\/pragmatic-play.info\/#\/schema\/logo\/image\/","url":"https:\/\/pragmatic-play.info\/wp-content\/uploads\/2022\/09\/pragmatic-play-512-\u00d7-512-piks..jpg","contentUrl":"https:\/\/pragmatic-play.info\/wp-content\/uploads\/2022\/09\/pragmatic-play-512-\u00d7-512-piks..jpg","width":512,"height":512,"caption":"\u0418\u0433\u0440\u0430\u0442\u044c \u0432 \u0434\u0435\u043c\u043e \u0441\u043b\u043e\u0442\u044b Pragmatic Play \u0431\u0435\u0441\u043f\u043b\u0430\u0442\u043d\u043e"},"image":{"@id":"https:\/\/pragmatic-play.info\/#\/schema\/logo\/image\/"}}]}},"_links":{"self":[{"href":"https:\/\/pragmatic-play.info\/fi\/wp-json\/wp\/v2\/pages\/75","targetHints":{"allow":["GET"]}}],"collection":[{"href":"https:\/\/pragmatic-play.info\/fi\/wp-json\/wp\/v2\/pages"}],"about":[{"href":"https:\/\/pragmatic-play.info\/fi\/wp-json\/wp\/v2\/types\/page"}],"author":[{"embeddable":true,"href":"https:\/\/pragmatic-play.info\/fi\/wp-json\/wp\/v2\/users\/1"}],"replies":[{"embeddable":true,"href":"https:\/\/pragmatic-play.info\/fi\/wp-json\/wp\/v2\/comments?post=75"}],"version-history":[{"count":2,"href":"https:\/\/pragmatic-play.info\/fi\/wp-json\/wp\/v2\/pages\/75\/revisions"}],"predecessor-version":[{"id":1146,"href":"https:\/\/pragmatic-play.info\/fi\/wp-json\/wp\/v2\/pages\/75\/revisions\/1146"}],"wp:attachment":[{"href":"https:\/\/pragmatic-play.info\/fi\/wp-json\/wp\/v2\/media?parent=75"}],"curies":[{"name":"wp","href":"https:\/\/api.w.org\/{rel}","templated":true}]}}