{"id":67,"date":"2022-09-16T15:03:00","date_gmt":"2022-09-16T12:03:00","guid":{"rendered":"http:\/\/export5.mercury.is\/?page_id=67"},"modified":"2024-05-17T16:17:57","modified_gmt":"2024-05-17T13:17:57","slug":"games","status":"publish","type":"page","link":"https:\/\/pragmatic-play.info\/fi\/games\/","title":{"rendered":"Pragmatic Play kolikkopelit"},"content":{"rendered":"<div id=\"ez-toc-container\" class=\"ez-toc-v2_0_33_2 counter-hierarchy ez-toc-counter ez-toc-grey ez-toc-container-direction\">\n<div class=\"ez-toc-title-container\">\n<p class=\"ez-toc-title\">Sis\u00e4llysluettelo<\/p>\n<span class=\"ez-toc-title-toggle\"><a href=\"#\" class=\"ez-toc-pull-right ez-toc-btn ez-toc-btn-xs ez-toc-btn-default ez-toc-toggle\" style=\"display: none;\"><label for=\"item\" aria-label=\"Sis\u00e4llysluettelo\"><i class=\"ez-toc-glyphicon ez-toc-icon-toggle\"><\/i><\/label><input type=\"checkbox\" id=\"item\"><\/a><\/span><\/div>\n<nav><ul class='ez-toc-list ez-toc-list-level-1'><li class='ez-toc-page-1 ez-toc-heading-level-2'><a class=\"ez-toc-link ez-toc-heading-1\" href=\"https:\/\/pragmatic-play.info\/fi\/games\/#%d0%9e_%d0%bf%d1%80%d0%be%d0%b2%d0%b0%d0%b9%d0%b4%d0%b5%d1%80%d0%b5_pragmatic_play\" title=\"Tietoja Pragmatic Play -palveluntarjoajasta\">Tietoja Pragmatic Play -palveluntarjoajasta<\/a><\/li><li class='ez-toc-page-1 ez-toc-heading-level-2'><a class=\"ez-toc-link ez-toc-heading-2\" href=\"https:\/\/pragmatic-play.info\/fi\/games\/#%d0%9a%d0%b0%d0%ba%d0%b8%d0%b5_%d1%81%d0%b0%d0%bc%d1%8b%d0%b5_%d0%bf%d0%be%d0%bf%d1%83%d0%bb%d1%8f%d1%80%d0%bd%d1%8b%d0%b5_%d0%b8%d0%b3%d1%80%d0%be%d0%b2%d1%8b%d0%b5_%d0%b0%d0%b2%d1%82%d0%be%d0%bc%d0%b0%d1%82%d1%8b_pragmatic_play\" title=\"Mitk\u00e4 ovat suosituimmat Pragmatic Play -kolikkopelit?\">Mitk\u00e4 ovat suosituimmat Pragmatic Play -kolikkopelit?<\/a><\/li><li class='ez-toc-page-1 ez-toc-heading-level-2'><a class=\"ez-toc-link ez-toc-heading-3\" href=\"https:\/\/pragmatic-play.info\/fi\/games\/#%d0%98%d0%b3%d1%80%d0%b0%d1%82%d1%8c_%d0%b2_%d1%81%d0%bb%d0%be%d1%82%d1%8b_pragmatic_play_%d0%bd%d0%b0_%d1%80%d0%b5%d0%b0%d0%bb%d1%8c%d0%bd%d1%8b%d0%b5_%d0%b4%d0%b5%d0%bd%d1%8c%d0%b3%d0%b8\" title=\"Pelaa Pragmatic Play kolikkopelej\u00e4 oikealla rahalla\">Pelaa Pragmatic Play kolikkopelej\u00e4 oikealla rahalla<\/a><\/li><li class='ez-toc-page-1 ez-toc-heading-level-2'><a class=\"ez-toc-link ez-toc-heading-4\" href=\"https:\/\/pragmatic-play.info\/fi\/games\/#%d0%9a%d0%b0%d0%b7%d0%b8%d0%bd%d0%be_pragmatic_play\" title=\"Pragmatic Play Casino?\">Pragmatic Play Casino?<\/a><\/li><li class='ez-toc-page-1 ez-toc-heading-level-2'><a class=\"ez-toc-link ez-toc-heading-5\" href=\"https:\/\/pragmatic-play.info\/fi\/games\/#%d0%9c%d0%be%d0%b3%d1%83_%d0%bb%d0%b8_%d1%8f_%d0%b8%d0%b3%d1%80%d0%b0%d1%82%d1%8c_%d0%b2_%d1%81%d0%bb%d0%be%d1%82%d1%8b_pragmatic_play_%d0%b1%d0%b5%d1%81%d0%bf%d0%bb%d0%b0%d1%82%d0%bd%d0%be\" title=\"Voinko pelata Pragmatic Play -kolikkopelej\u00e4 ilmaiseksi?\">Voinko pelata Pragmatic Play -kolikkopelej\u00e4 ilmaiseksi?<\/a><\/li><li class='ez-toc-page-1 ez-toc-heading-level-2'><a class=\"ez-toc-link ez-toc-heading-6\" href=\"https:\/\/pragmatic-play.info\/fi\/games\/#%d0%a1%d0%bb%d0%be%d1%82%d1%8b_nolimit_city\" title=\"Nolimit City Slots\">Nolimit City Slots<\/a><\/li><\/ul><\/nav><\/div>\n<h2 class=\"wp-block-heading\" id=\"h-\u043e-\u043f\u0440\u043e\u0432\u0430\u0439\u0434\u0435\u0440\u0435-pragmatic-play\"><span class=\"ez-toc-section\" id=\"%d0%9e_%d0%bf%d1%80%d0%be%d0%b2%d0%b0%d0%b9%d0%b4%d0%b5%d1%80%d0%b5_pragmatic_play\"><\/span>Tietoja Pragmatic Play -palveluntarjoajasta<span class=\"ez-toc-section-end\"><\/span><\/h2>\n\n\n\n<p>Vuonna 2015 perustettu Pragmatic Play on melko uusi mutta nopeasti kasvava pelien tarjoaja, joka tekee meihin aina vaikutuksen. Ne toimivat Maltalla, ja niiden suosituimmat julkaisut l\u00f6ytyv\u00e4t l\u00e4hes jokaiselta nettikasinolta. Pragmatic Playn pelivalikoimaan lis\u00e4t\u00e4\u00e4n joka kuukausi kaksi uutta peli\u00e4, joten l\u00f6yd\u00e4t varmasti suosikkikolikkopelisi.<\/p>\n\n\n\n<p>Gates of Olympus on yksi Pragmatic Playn suosituimmista kolikkopeleist\u00e4, joka pelataan 6\u00d75-ruudukossa useilla voittolinjoilla. Jos etsit kolikkopeli\u00e4, joka tarjoaa ilmaiskierroksia, uudelleenpy\u00f6r\u00e4ytyksi\u00e4, k\u00e4teisbonuksia ja j\u00e4ttipotteja, t\u00e4m\u00e4 kolikkopeli on sinua varten!<\/p>\n\n\n\n<p>Kuten tunnetulta pelitoimittajalta voidaan odottaa, Pragmatic Playll\u00e4 on MGA:n ja UKGC:n rahapelihyv\u00e4ksynn\u00e4t. Curacao eGaming on my\u00f6s sertifioinut ne, ja niill\u00e4 on toimilupa Italiassa, Romaniassa, Filippiineill\u00e4 ja hiljattain Tanskassa ja Bahamalla. T\u00e4m\u00e4n vuoksi voit olla varma, ett\u00e4 kaikki pelit k\u00e4yv\u00e4t l\u00e4pi rehellisyystarkastukset.<\/p>\n\n\n\n<h2 class=\"wp-block-heading\"><span class=\"ez-toc-section\" id=\"%d0%9a%d0%b0%d0%ba%d0%b8%d0%b5_%d1%81%d0%b0%d0%bc%d1%8b%d0%b5_%d0%bf%d0%be%d0%bf%d1%83%d0%bb%d1%8f%d1%80%d0%bd%d1%8b%d0%b5_%d0%b8%d0%b3%d1%80%d0%be%d0%b2%d1%8b%d0%b5_%d0%b0%d0%b2%d1%82%d0%be%d0%bc%d0%b0%d1%82%d1%8b_pragmatic_play\"><\/span>Mitk\u00e4 ovat suosituimmat Pragmatic Play -kolikkopelit?<span class=\"ez-toc-section-end\"><\/span><\/h2>\n\n\n\n<p>Pragmatic Playll\u00e4 on laaja pelivalikoima, joka sopii jokaiselle pelaajalle ja jokaiselle nettikasinolle. Moitteeton grafiikka, upea \u00e4\u00e4niraita ja runsaasti bonusominaisuuksia ovat vain muutamia asioita, jotka kuvaavat niit\u00e4 parhaiten. Katsotaanpa, mit\u00e4 on tarjolla.<\/p>\n\n\n\n<p>Pragmatic Play tarjoaa laajan valikoiman kolikkopelej\u00e4, jotka sopivat jokaisen pelaajan makuun ja taskuun. Huomaat erilaisia teemoja ja malleja - jotkut kolikkopelit ovat kirkkaita ja eloisia, jotkut synkki\u00e4 ja salaper\u00e4isi\u00e4, mutta kaikissa on mielenkiintoisia ominaisuuksia ja runsaita bonuksia.<\/p>\n\n\n\n<h2 class=\"wp-block-heading\"><span class=\"ez-toc-section\" id=\"%d0%98%d0%b3%d1%80%d0%b0%d1%82%d1%8c_%d0%b2_%d1%81%d0%bb%d0%be%d1%82%d1%8b_pragmatic_play_%d0%bd%d0%b0_%d1%80%d0%b5%d0%b0%d0%bb%d1%8c%d0%bd%d1%8b%d0%b5_%d0%b4%d0%b5%d0%bd%d1%8c%d0%b3%d0%b8\"><\/span>Pelaa Pragmatic Play kolikkopelej\u00e4 oikealla rahalla<span class=\"ez-toc-section-end\"><\/span><\/h2>\n\n\n\n<p>Voit pelata Pragmatic Play -kolikkopelej\u00e4 oikealla rahalla ilman ongelmia. On kuitenkin muutamia mielenkiintoisia asioita, jotka kannattaa ottaa huomioon, kun valitset oikean Pragmatic Play -kasinon.<br>Muista vastata alla oleviin kysymyksiin ennen kuin p\u00e4\u00e4t\u00e4t, onko Pragmatic Play Casino oikea sinulle.<\/p>\n\n\n\n<ul class=\"wp-block-list\">\n<li>Haluatko pelata kaikkia heid\u00e4n pelej\u00e4\u00e4n, my\u00f6s v\u00e4hemm\u00e4n suosittuja ja vanhempia?<\/li>\n\n\n\n<li>Onko sinulle t\u00e4rke\u00e4\u00e4, ett\u00e4 kasino lis\u00e4\u00e4 uusia pelej\u00e4 kirjastoonsa nopeasti?<\/li>\n\n\n\n<li>Tarvitsetko tervetuliaisbonuksen, joka on selke\u00e4sti m\u00e4\u00e4ritelty ainakin yhteen heid\u00e4n peleist\u00e4\u00e4n?<\/li>\n<\/ul>\n\n\n\n<p>Monet nettikasinot tarjoavat tervetuliaisbonuksena ilmaiskierroksia tiettyyn kolikkopeliin. Jos esimerkiksi <a href=\"https:\/\/pragmatic-play.info\/fi\/game\/sweet-bonanza\/\">Sweet Bonanza<\/a> - suosikkikolikkopelisi, valitse kasino, joka tarjoaa siihen muutaman ilmaiskierroksen.<\/p>\n\n\n\n<h2 class=\"wp-block-heading\"><span class=\"ez-toc-section\" id=\"%d0%9a%d0%b0%d0%b7%d0%b8%d0%bd%d0%be_pragmatic_play\"><\/span>Pragmatic Play Casino?<span class=\"ez-toc-section-end\"><\/span><\/h2>\n\n\n\n<p>Pragmatic-Play.Pro:lle Pragmatic Play Casino on Pragmatic Play -peleihin erikoistunut nettikasino. T\u00e4m\u00e4 keskittyminen ilmenee eri muodoissa, kuten alla luetelluissa:<\/p>\n\n\n\n<ul class=\"wp-block-list\">\n<li>Nettikasino, joka mainostaa toimittajan pelej\u00e4 laajasti aulassaan.<\/li>\n\n\n\n<li>Nettikasino, joka tarjoaa suuren m\u00e4\u00e4r\u00e4n Pragmatic Play -pelej\u00e4, my\u00f6s vanhempia pelej\u00e4.<\/li>\n\n\n\n<li>Kasino, joka tarjoaa erikoisbonuksia vain Pragmatic Play -peleihin.<\/li>\n\n\n\n<li>Kasino, joka lis\u00e4\u00e4 myyj\u00e4n uusimmat pelit valikoimaansa nopeasti niiden julkaisun j\u00e4lkeen.<\/li>\n\n\n\n<li>Nettikasino, joka tarjoaa erikoistarjouksia v\u00e4hint\u00e4\u00e4n yhdest\u00e4 palveluntarjoajan pelist\u00e4.<\/li>\n<\/ul>\n\n\n\n<h2 class=\"wp-block-heading\"><span class=\"ez-toc-section\" id=\"%d0%9c%d0%be%d0%b3%d1%83_%d0%bb%d0%b8_%d1%8f_%d0%b8%d0%b3%d1%80%d0%b0%d1%82%d1%8c_%d0%b2_%d1%81%d0%bb%d0%be%d1%82%d1%8b_pragmatic_play_%d0%b1%d0%b5%d1%81%d0%bf%d0%bb%d0%b0%d1%82%d0%bd%d0%be\"><\/span>Voinko pelata Pragmatic Play -kolikkopelej\u00e4 ilmaiseksi?<span class=\"ez-toc-section-end\"><\/span><\/h2>\n\n\n\n<p>Ennen kuin aloitat pelaamisen oikealla rahalla, suosittelemme, ett\u00e4 kokeilet ensin ilmaispelaamista. Pragmatic-Play.ru tarjoaa tietoa yli 190 suositusta Pragmatic Play -kolikkopelist\u00e4, joita voit kokeilla k\u00e4ytt\u00e4m\u00e4tt\u00e4 sentti\u00e4k\u00e4\u00e4n.<br>Pragmatic-Play.ru-sivustolla suosikkipelisi Pragmatic Play -kolikkopeli on vain muutaman napsautuksen p\u00e4\u00e4ss\u00e4. Selaa pelej\u00e4, l\u00f6yd\u00e4 mieleisesi ja aloita pelaaminen.<\/p>\n\n\n\n<p>Pragmatic Play -pelit julkaistaan HTML5:ll\u00e4, mik\u00e4 tarkoittaa, ett\u00e4 saat parhaan pelikokemuksen sek\u00e4 ty\u00f6p\u00f6yt\u00e4- ett\u00e4 mobiilitietokoneilla ilman lis\u00e4ohjelmistojen lataamista. Flashiin verrattuna HTML5-kolikkopelit toimivat my\u00f6s paljon paremmin, ja ne ovat paljon nopeampia ja helpompia ladata.<\/p>\n\n\n\n<p>Pragmatic-Play.ru-sivustolla n\u00e4yt\u00e4mme, miss\u00e4 voit pelata pelej\u00e4 ilmaiseksi. Useimmat kasinot eiv\u00e4t vaadi sinulta talletusta, ja saatat huomata, ett\u00e4 tarjolla on tervetuliaisbonuksia. Kun teet talletuksen, voit pelata oikeasta k\u00e4teispalkinnosta.<\/p>\n\n\n\n<p>Pragmatic Play osallistuu vaikuttavalla pelikokoelmallaan l\u00e4hes kaikkiin nettikasinoihin ja tarjoaa pelaajille rajattoman m\u00e4\u00e4r\u00e4n ilmaiskierroksia. Pragmatic-Play.pro:n kautta l\u00f6yd\u00e4t runsaasti talletuksettomia ilmaiskierroksia tunnettuihin Pragmatic Playn peleihin, sek\u00e4 uusiin ett\u00e4 vanhoihin. Ilmaispelaajana osoitteessa <a href=\"https:\/\/pragmatic-play.info\/fi\/casinos\/\">kasino<\/a> Pragmatic Play, talletusta ei tarvita ja voit pelata niin paljon kuin haluat. Kun teet talletuksen, voit saada mukavan tervetuliaisbonuksen, k\u00e4teisbonuksen tai lis\u00e4bonuksen pelist\u00e4 riippuen.<\/p>\n\n\n\n<h2 class=\"wp-block-heading\" id=\"h-\u0441\u043b\u043e\u0442\u044b-nolimit-city\"><span class=\"ez-toc-section\" id=\"%d0%a1%d0%bb%d0%be%d1%82%d1%8b_nolimit_city\"><\/span>Nolimit City Slots<span class=\"ez-toc-section-end\"><\/span><\/h2>\n\n\n\n<p>Rahapelien maailmassa <a href=\"https:\/\/www.no-limit-city.com\/slots\/\">Nolimitin kaupungin l\u00e4ht\u00f6<\/a> on erityinen paikka, joka tarjoaa pelaajille j\u00e4nnitt\u00e4vi\u00e4 seikkailuja, vertaansa vailla olevaa viihdett\u00e4 ja valtavia voittomahdollisuuksia. T\u00e4t\u00e4 kolikkopelien kehitt\u00e4j\u00e4\u00e4 pidet\u00e4\u00e4n yhten\u00e4 alan johtavista toimijoista innovatiivisen l\u00e4hestymistapansa ansiosta pelien luomisessa ja tarjotun laadukkaan sis\u00e4ll\u00f6n ansiosta.<\/p>\n\n\n\n<p>Yksi Nolimit Cityn kolikkopelien t\u00e4rkeimmist\u00e4 piirteist\u00e4 on niiden mukaansatempaava pelattavuus, joka upottaa pelaajat j\u00e4nnitt\u00e4viin maailmoihin ja kiehtoviin teemoihin. Piditp\u00e4 sitten muinaisista seikkailuista, fantasiamaailmoista tai satumaisista tarinoista, Nolimit Cityss\u00e4 on jokaiselle jotakin.<\/p>\n\n\n\n<p>Lis\u00e4ksi t\u00e4m\u00e4n kehitt\u00e4j\u00e4n kolikkopelit tunnetaan niiden suuresta vaihtelevuudesta ja innovatiivisista pelimekaniikoista. Ainutlaatuisista bonuskierroksista suurten voittojen mahdollisuuksia lis\u00e4\u00e4viin erikoisominaisuuksiin, Nolimit Cityn pelit tarjoavat pelaajille jatkuvaa vaihtelua ja hauskanpitoa.<\/p>\n\n\n\n<p>Mutta yksi Nolimit Cityn kolikkopelien suurimmista eduista on tietenkin niiden voittomahdollisuudet. Runsaat bonusominaisuudet, useat voittolinjat ja korkea volatiliteetti antavat pelaajille todellisen mahdollisuuden tehd\u00e4 suuria voittoja jokaisella rullien py\u00f6r\u00e4ytyksell\u00e4.<\/p>\n\n\n\n<p>Kun pelaat Nolimit Cityn kolikkopelej\u00e4, saat paitsi j\u00e4nnitt\u00e4v\u00e4n pelikokemuksen ja viihdett\u00e4, my\u00f6s todellisia voittomahdollisuuksia. \u00c4l\u00e4 missaa tilaisuutta sukeltaa j\u00e4nnityksen maailmaan t\u00e4m\u00e4n johtavan kehitt\u00e4j\u00e4n parhaiden pelien avulla.<\/p>","protected":false},"excerpt":{"rendered":"<p>Tietoja Pragmatic Play -palveluntarjoajasta Vuonna 2015 perustettu Pragmatic Play on melko uusi mutta nopeasti kasvava pelipalveluntarjoaja, joka tekee meihin aina vaikutuksen. Ne toimivat Maltalla, ja niiden suosituimmat julkaisut l\u00f6ytyv\u00e4t l\u00e4hes jokaiselta nettikasinolta. Pragmatic Playn pelivalikoimaan lis\u00e4t\u00e4\u00e4n joka kuukausi kaksi uutta peli\u00e4, joten l\u00f6yd\u00e4t varmasti [...]<\/p>","protected":false},"author":1,"featured_media":0,"parent":0,"menu_order":0,"comment_status":"closed","ping_status":"closed","template":"page-game-archive-style-1.php","meta":{"footnotes":""},"class_list":["post-67","page","type-page","status-publish","hentry"],"yoast_head":"<!-- This site is optimized with the Yoast SEO plugin v19.6.1 - https:\/\/yoast.com\/wordpress\/plugins\/seo\/ -->\n<title>\u0418\u0433\u0440\u0430\u0442\u044c \u0431\u0435\u0441\u043f\u043b\u0430\u0442\u043d\u043e \u0432 \u0441\u043b\u043e\u0442\u044b Pragmatic Play \u0434\u0435\u043c\u043e \u0438\u0433\u0440\u044b Online<\/title>\n<meta name=\"description\" content=\"\u0418\u0433\u0440\u0430\u0439\u0442\u0435 \u0432 \u0441\u043b\u043e\u0442\u044b Pragmatic Play \u0431\u0435\u0441\u043f\u043b\u0430\u0442\u043d\u043e \u0438 \u043d\u0430 \u0440\u0435\u0430\u043b\u044c\u043d\u044b\u0435 \u0434\u0435\u043d\u044c\u0433\u0438. \u041e\u0444\u0438\u0446\u0438\u0430\u043b\u044c\u043d\u044b\u0439 \u043a\u0430\u0442\u0430\u043b\u043e\u0433 \u0441\u043b\u043e\u0442\u043e\u0432 \u0441 \u0434\u0435\u043c\u043e \u0438\u0433\u0440\u0430\u043c\u0438. \u041e\u0431\u0437\u043e\u0440\u044b \u0438 \u0445\u0430\u0440\u0430\u043a\u0442\u0435\u0440\u0438\u0441\u0442\u0438\u043a\u0438 \u0441\u043b\u043e\u0442\u043e\u0432, RTP.\" \/>\n<meta name=\"robots\" content=\"index, follow, max-snippet:-1, max-image-preview:large, max-video-preview:-1\" \/>\n<link rel=\"canonical\" href=\"https:\/\/pragmatic-play.info\/fi\/games\/\" \/>\n<meta property=\"og:locale\" content=\"fi_FI\" \/>\n<meta property=\"og:type\" content=\"article\" \/>\n<meta property=\"og:title\" content=\"\u0418\u0433\u0440\u0430\u0442\u044c \u0431\u0435\u0441\u043f\u043b\u0430\u0442\u043d\u043e \u0432 \u0441\u043b\u043e\u0442\u044b Pragmatic Play \u0434\u0435\u043c\u043e \u0438\u0433\u0440\u044b Online\" \/>\n<meta property=\"og:description\" content=\"\u0418\u0433\u0440\u0430\u0439\u0442\u0435 \u0432 \u0441\u043b\u043e\u0442\u044b Pragmatic Play \u0431\u0435\u0441\u043f\u043b\u0430\u0442\u043d\u043e \u0438 \u043d\u0430 \u0440\u0435\u0430\u043b\u044c\u043d\u044b\u0435 \u0434\u0435\u043d\u044c\u0433\u0438. \u041e\u0444\u0438\u0446\u0438\u0430\u043b\u044c\u043d\u044b\u0439 \u043a\u0430\u0442\u0430\u043b\u043e\u0433 \u0441\u043b\u043e\u0442\u043e\u0432 \u0441 \u0434\u0435\u043c\u043e \u0438\u0433\u0440\u0430\u043c\u0438. \u041e\u0431\u0437\u043e\u0440\u044b \u0438 \u0445\u0430\u0440\u0430\u043a\u0442\u0435\u0440\u0438\u0441\u0442\u0438\u043a\u0438 \u0441\u043b\u043e\u0442\u043e\u0432, RTP.\" \/>\n<meta property=\"og:url\" content=\"https:\/\/pragmatic-play.info\/fi\/games\/\" \/>\n<meta property=\"og:site_name\" content=\"\u0418\u0433\u0440\u0430\u0442\u044c \u0432 \u0434\u0435\u043c\u043e \u0441\u043b\u043e\u0442\u044b Pragmatic Play \u0431\u0435\u0441\u043f\u043b\u0430\u0442\u043d\u043e\" \/>\n<meta property=\"article:modified_time\" content=\"2024-05-17T13:17:57+00:00\" \/>\n<meta name=\"twitter:card\" content=\"summary_large_image\" \/>\n<meta name=\"twitter:label1\" content=\"Arvioitu lukuaika\" \/>\n\t<meta name=\"twitter:data1\" content=\"5 minuuttia\" \/>\n<script type=\"application\/ld+json\" class=\"yoast-schema-graph\">{\"@context\":\"https:\/\/schema.org\",\"@graph\":[{\"@type\":\"WebPage\",\"@id\":\"https:\/\/pragmatic-play.info\/games\/\",\"url\":\"https:\/\/pragmatic-play.info\/games\/\",\"name\":\"\u0418\u0433\u0440\u0430\u0442\u044c \u0431\u0435\u0441\u043f\u043b\u0430\u0442\u043d\u043e \u0432 \u0441\u043b\u043e\u0442\u044b Pragmatic Play \u0434\u0435\u043c\u043e \u0438\u0433\u0440\u044b Online\",\"isPartOf\":{\"@id\":\"https:\/\/pragmatic-play.info\/#website\"},\"datePublished\":\"2022-09-16T12:03:00+00:00\",\"dateModified\":\"2024-05-17T13:17:57+00:00\",\"description\":\"\u0418\u0433\u0440\u0430\u0439\u0442\u0435 \u0432 \u0441\u043b\u043e\u0442\u044b Pragmatic Play \u0431\u0435\u0441\u043f\u043b\u0430\u0442\u043d\u043e \u0438 \u043d\u0430 \u0440\u0435\u0430\u043b\u044c\u043d\u044b\u0435 \u0434\u0435\u043d\u044c\u0433\u0438. \u041e\u0444\u0438\u0446\u0438\u0430\u043b\u044c\u043d\u044b\u0439 \u043a\u0430\u0442\u0430\u043b\u043e\u0433 \u0441\u043b\u043e\u0442\u043e\u0432 \u0441 \u0434\u0435\u043c\u043e \u0438\u0433\u0440\u0430\u043c\u0438. \u041e\u0431\u0437\u043e\u0440\u044b \u0438 \u0445\u0430\u0440\u0430\u043a\u0442\u0435\u0440\u0438\u0441\u0442\u0438\u043a\u0438 \u0441\u043b\u043e\u0442\u043e\u0432, RTP.\",\"breadcrumb\":{\"@id\":\"https:\/\/pragmatic-play.info\/games\/#breadcrumb\"},\"inLanguage\":\"fi\",\"potentialAction\":[{\"@type\":\"ReadAction\",\"target\":[\"https:\/\/pragmatic-play.info\/games\/\"]}]},{\"@type\":\"BreadcrumbList\",\"@id\":\"https:\/\/pragmatic-play.info\/games\/#breadcrumb\",\"itemListElement\":[{\"@type\":\"ListItem\",\"position\":1,\"name\":\"\u0413\u043b\u0430\u0432\u043d\u0430\u044f\",\"item\":\"https:\/\/pragmatic-play.info\/\"},{\"@type\":\"ListItem\",\"position\":2,\"name\":\"\u0421\u043b\u043e\u0442\u044b Pragmatic Play\"}]},{\"@type\":\"WebSite\",\"@id\":\"https:\/\/pragmatic-play.info\/#website\",\"url\":\"https:\/\/pragmatic-play.info\/\",\"name\":\"\u0418\u0433\u0440\u0430\u0442\u044c \u0432 \u0434\u0435\u043c\u043e \u0441\u043b\u043e\u0442\u044b Pragmatic Play \u0431\u0435\u0441\u043f\u043b\u0430\u0442\u043d\u043e\",\"description\":\"\u0421\u043b\u043e\u0442\u044b Pragmatic \u0434\u043b\u044f \u0434\u0435\u043c\u043e \u0438\u0433\u0440\u044b \u0431\u0435\u0441\u043f\u043b\u0430\u0442\u043d\u043e. \u0421\u043f\u0438\u0441\u043e\u043a \u043a\u0430\u0437\u0438\u043d\u043e \u0438 \u0431\u043e\u043d\u0443\u0441\u044b \u0434\u043b\u044f \u0438\u0433\u0440\u044b \u0432 \u0441\u043b\u043e\u0442\u044b Pragmatic Play \u043d\u0430 \u0440\u0435\u0430\u043b\u044c\u043d\u044b\u0435 \u0434\u0435\u043d\u044c\u0433\u0438.\",\"publisher\":{\"@id\":\"https:\/\/pragmatic-play.info\/#organization\"},\"potentialAction\":[{\"@type\":\"SearchAction\",\"target\":{\"@type\":\"EntryPoint\",\"urlTemplate\":\"https:\/\/pragmatic-play.info\/?s={search_term_string}\"},\"query-input\":\"required name=search_term_string\"}],\"inLanguage\":\"fi\"},{\"@type\":\"Organization\",\"@id\":\"https:\/\/pragmatic-play.info\/#organization\",\"name\":\"\u0418\u0433\u0440\u0430\u0442\u044c \u0432 \u0434\u0435\u043c\u043e \u0441\u043b\u043e\u0442\u044b Pragmatic Play \u0431\u0435\u0441\u043f\u043b\u0430\u0442\u043d\u043e\",\"url\":\"https:\/\/pragmatic-play.info\/\",\"sameAs\":[],\"logo\":{\"@type\":\"ImageObject\",\"inLanguage\":\"fi\",\"@id\":\"https:\/\/pragmatic-play.info\/#\/schema\/logo\/image\/\",\"url\":\"https:\/\/pragmatic-play.info\/wp-content\/uploads\/2022\/09\/pragmatic-play-512-\u00d7-512-piks..jpg\",\"contentUrl\":\"https:\/\/pragmatic-play.info\/wp-content\/uploads\/2022\/09\/pragmatic-play-512-\u00d7-512-piks..jpg\",\"width\":512,\"height\":512,\"caption\":\"\u0418\u0433\u0440\u0430\u0442\u044c \u0432 \u0434\u0435\u043c\u043e \u0441\u043b\u043e\u0442\u044b Pragmatic Play \u0431\u0435\u0441\u043f\u043b\u0430\u0442\u043d\u043e\"},\"image\":{\"@id\":\"https:\/\/pragmatic-play.info\/#\/schema\/logo\/image\/\"}}]}<\/script>\n<!-- \/ Yoast SEO plugin. -->","yoast_head_json":{"title":"\u0418\u0433\u0440\u0430\u0442\u044c \u0431\u0435\u0441\u043f\u043b\u0430\u0442\u043d\u043e \u0432 \u0441\u043b\u043e\u0442\u044b Pragmatic Play \u0434\u0435\u043c\u043e \u0438\u0433\u0440\u044b Online","description":"\u0418\u0433\u0440\u0430\u0439\u0442\u0435 \u0432 \u0441\u043b\u043e\u0442\u044b Pragmatic Play \u0431\u0435\u0441\u043f\u043b\u0430\u0442\u043d\u043e \u0438 \u043d\u0430 \u0440\u0435\u0430\u043b\u044c\u043d\u044b\u0435 \u0434\u0435\u043d\u044c\u0433\u0438. \u041e\u0444\u0438\u0446\u0438\u0430\u043b\u044c\u043d\u044b\u0439 \u043a\u0430\u0442\u0430\u043b\u043e\u0433 \u0441\u043b\u043e\u0442\u043e\u0432 \u0441 \u0434\u0435\u043c\u043e \u0438\u0433\u0440\u0430\u043c\u0438. \u041e\u0431\u0437\u043e\u0440\u044b \u0438 \u0445\u0430\u0440\u0430\u043a\u0442\u0435\u0440\u0438\u0441\u0442\u0438\u043a\u0438 \u0441\u043b\u043e\u0442\u043e\u0432, RTP.","robots":{"index":"index","follow":"follow","max-snippet":"max-snippet:-1","max-image-preview":"max-image-preview:large","max-video-preview":"max-video-preview:-1"},"canonical":"https:\/\/pragmatic-play.info\/fi\/games\/","og_locale":"fi_FI","og_type":"article","og_title":"\u0418\u0433\u0440\u0430\u0442\u044c \u0431\u0435\u0441\u043f\u043b\u0430\u0442\u043d\u043e \u0432 \u0441\u043b\u043e\u0442\u044b Pragmatic Play \u0434\u0435\u043c\u043e \u0438\u0433\u0440\u044b Online","og_description":"\u0418\u0433\u0440\u0430\u0439\u0442\u0435 \u0432 \u0441\u043b\u043e\u0442\u044b Pragmatic Play \u0431\u0435\u0441\u043f\u043b\u0430\u0442\u043d\u043e \u0438 \u043d\u0430 \u0440\u0435\u0430\u043b\u044c\u043d\u044b\u0435 \u0434\u0435\u043d\u044c\u0433\u0438. \u041e\u0444\u0438\u0446\u0438\u0430\u043b\u044c\u043d\u044b\u0439 \u043a\u0430\u0442\u0430\u043b\u043e\u0433 \u0441\u043b\u043e\u0442\u043e\u0432 \u0441 \u0434\u0435\u043c\u043e \u0438\u0433\u0440\u0430\u043c\u0438. \u041e\u0431\u0437\u043e\u0440\u044b \u0438 \u0445\u0430\u0440\u0430\u043a\u0442\u0435\u0440\u0438\u0441\u0442\u0438\u043a\u0438 \u0441\u043b\u043e\u0442\u043e\u0432, RTP.","og_url":"https:\/\/pragmatic-play.info\/fi\/games\/","og_site_name":"\u0418\u0433\u0440\u0430\u0442\u044c \u0432 \u0434\u0435\u043c\u043e \u0441\u043b\u043e\u0442\u044b Pragmatic Play \u0431\u0435\u0441\u043f\u043b\u0430\u0442\u043d\u043e","article_modified_time":"2024-05-17T13:17:57+00:00","twitter_card":"summary_large_image","twitter_misc":{"Arvioitu lukuaika":"5 minuuttia"},"schema":{"@context":"https:\/\/schema.org","@graph":[{"@type":"WebPage","@id":"https:\/\/pragmatic-play.info\/games\/","url":"https:\/\/pragmatic-play.info\/games\/","name":"\u0418\u0433\u0440\u0430\u0442\u044c \u0431\u0435\u0441\u043f\u043b\u0430\u0442\u043d\u043e \u0432 \u0441\u043b\u043e\u0442\u044b Pragmatic Play \u0434\u0435\u043c\u043e \u0438\u0433\u0440\u044b Online","isPartOf":{"@id":"https:\/\/pragmatic-play.info\/#website"},"datePublished":"2022-09-16T12:03:00+00:00","dateModified":"2024-05-17T13:17:57+00:00","description":"\u0418\u0433\u0440\u0430\u0439\u0442\u0435 \u0432 \u0441\u043b\u043e\u0442\u044b Pragmatic Play \u0431\u0435\u0441\u043f\u043b\u0430\u0442\u043d\u043e \u0438 \u043d\u0430 \u0440\u0435\u0430\u043b\u044c\u043d\u044b\u0435 \u0434\u0435\u043d\u044c\u0433\u0438. \u041e\u0444\u0438\u0446\u0438\u0430\u043b\u044c\u043d\u044b\u0439 \u043a\u0430\u0442\u0430\u043b\u043e\u0433 \u0441\u043b\u043e\u0442\u043e\u0432 \u0441 \u0434\u0435\u043c\u043e \u0438\u0433\u0440\u0430\u043c\u0438. \u041e\u0431\u0437\u043e\u0440\u044b \u0438 \u0445\u0430\u0440\u0430\u043a\u0442\u0435\u0440\u0438\u0441\u0442\u0438\u043a\u0438 \u0441\u043b\u043e\u0442\u043e\u0432, RTP.","breadcrumb":{"@id":"https:\/\/pragmatic-play.info\/games\/#breadcrumb"},"inLanguage":"fi","potentialAction":[{"@type":"ReadAction","target":["https:\/\/pragmatic-play.info\/games\/"]}]},{"@type":"BreadcrumbList","@id":"https:\/\/pragmatic-play.info\/games\/#breadcrumb","itemListElement":[{"@type":"ListItem","position":1,"name":"\u0413\u043b\u0430\u0432\u043d\u0430\u044f","item":"https:\/\/pragmatic-play.info\/"},{"@type":"ListItem","position":2,"name":"\u0421\u043b\u043e\u0442\u044b Pragmatic Play"}]},{"@type":"WebSite","@id":"https:\/\/pragmatic-play.info\/#website","url":"https:\/\/pragmatic-play.info\/","name":"\u0418\u0433\u0440\u0430\u0442\u044c \u0432 \u0434\u0435\u043c\u043e \u0441\u043b\u043e\u0442\u044b Pragmatic Play \u0431\u0435\u0441\u043f\u043b\u0430\u0442\u043d\u043e","description":"\u0421\u043b\u043e\u0442\u044b Pragmatic \u0434\u043b\u044f \u0434\u0435\u043c\u043e \u0438\u0433\u0440\u044b \u0431\u0435\u0441\u043f\u043b\u0430\u0442\u043d\u043e. \u0421\u043f\u0438\u0441\u043e\u043a \u043a\u0430\u0437\u0438\u043d\u043e \u0438 \u0431\u043e\u043d\u0443\u0441\u044b \u0434\u043b\u044f \u0438\u0433\u0440\u044b \u0432 \u0441\u043b\u043e\u0442\u044b Pragmatic Play \u043d\u0430 \u0440\u0435\u0430\u043b\u044c\u043d\u044b\u0435 \u0434\u0435\u043d\u044c\u0433\u0438.","publisher":{"@id":"https:\/\/pragmatic-play.info\/#organization"},"potentialAction":[{"@type":"SearchAction","target":{"@type":"EntryPoint","urlTemplate":"https:\/\/pragmatic-play.info\/?s={search_term_string}"},"query-input":"required name=search_term_string"}],"inLanguage":"fi"},{"@type":"Organization","@id":"https:\/\/pragmatic-play.info\/#organization","name":"\u0418\u0433\u0440\u0430\u0442\u044c \u0432 \u0434\u0435\u043c\u043e \u0441\u043b\u043e\u0442\u044b Pragmatic Play \u0431\u0435\u0441\u043f\u043b\u0430\u0442\u043d\u043e","url":"https:\/\/pragmatic-play.info\/","sameAs":[],"logo":{"@type":"ImageObject","inLanguage":"fi","@id":"https:\/\/pragmatic-play.info\/#\/schema\/logo\/image\/","url":"https:\/\/pragmatic-play.info\/wp-content\/uploads\/2022\/09\/pragmatic-play-512-\u00d7-512-piks..jpg","contentUrl":"https:\/\/pragmatic-play.info\/wp-content\/uploads\/2022\/09\/pragmatic-play-512-\u00d7-512-piks..jpg","width":512,"height":512,"caption":"\u0418\u0433\u0440\u0430\u0442\u044c \u0432 \u0434\u0435\u043c\u043e \u0441\u043b\u043e\u0442\u044b Pragmatic Play \u0431\u0435\u0441\u043f\u043b\u0430\u0442\u043d\u043e"},"image":{"@id":"https:\/\/pragmatic-play.info\/#\/schema\/logo\/image\/"}}]}},"_links":{"self":[{"href":"https:\/\/pragmatic-play.info\/fi\/wp-json\/wp\/v2\/pages\/67","targetHints":{"allow":["GET"]}}],"collection":[{"href":"https:\/\/pragmatic-play.info\/fi\/wp-json\/wp\/v2\/pages"}],"about":[{"href":"https:\/\/pragmatic-play.info\/fi\/wp-json\/wp\/v2\/types\/page"}],"author":[{"embeddable":true,"href":"https:\/\/pragmatic-play.info\/fi\/wp-json\/wp\/v2\/users\/1"}],"replies":[{"embeddable":true,"href":"https:\/\/pragmatic-play.info\/fi\/wp-json\/wp\/v2\/comments?post=67"}],"version-history":[{"count":9,"href":"https:\/\/pragmatic-play.info\/fi\/wp-json\/wp\/v2\/pages\/67\/revisions"}],"predecessor-version":[{"id":1443,"href":"https:\/\/pragmatic-play.info\/fi\/wp-json\/wp\/v2\/pages\/67\/revisions\/1443"}],"wp:attachment":[{"href":"https:\/\/pragmatic-play.info\/fi\/wp-json\/wp\/v2\/media?parent=67"}],"curies":[{"name":"wp","href":"https:\/\/api.w.org\/{rel}","templated":true}]}}