{"id":1282,"date":"2022-09-17T20:47:06","date_gmt":"2022-09-17T17:47:06","guid":{"rendered":"https:\/\/pragmatic-play.pro\/?page_id=1282"},"modified":"2023-02-27T23:21:54","modified_gmt":"2023-02-27T20:21:54","slug":"contacts","status":"publish","type":"page","link":"https:\/\/pragmatic-play.info\/fi\/contacts\/","title":{"rendered":"Ota yhteytt\u00e4"},"content":{"rendered":"<p>Ota meihin yhteytt\u00e4 s\u00e4hk\u00f6postitse: <a href=\"mailto:info@pragmatic-play.pro\">info@pragmatic-play.pro<\/a><\/p>","protected":false},"excerpt":{"rendered":"<p>Ota yhteytt\u00e4 s\u00e4hk\u00f6postitse: info@pragmatic-play.pro<\/p>","protected":false},"author":1,"featured_media":0,"parent":0,"menu_order":0,"comment_status":"closed","ping_status":"closed","template":"","meta":{"footnotes":""},"class_list":["post-1282","page","type-page","status-publish","hentry"],"yoast_head":"<!-- This site is optimized with the Yoast SEO plugin v19.6.1 - https:\/\/yoast.com\/wordpress\/plugins\/seo\/ -->\n<title>\u041a\u043e\u043d\u0442\u0430\u043a\u0442\u044b - \u0418\u0433\u0440\u0430\u0442\u044c \u0432 \u0434\u0435\u043c\u043e \u0441\u043b\u043e\u0442\u044b Pragmatic Play \u0431\u0435\u0441\u043f\u043b\u0430\u0442\u043d\u043e<\/title>\n<meta name=\"robots\" content=\"index, follow, max-snippet:-1, max-image-preview:large, max-video-preview:-1\" \/>\n<link rel=\"canonical\" href=\"https:\/\/pragmatic-play.info\/fi\/contacts\/\" \/>\n<meta property=\"og:locale\" content=\"fi_FI\" \/>\n<meta property=\"og:type\" content=\"article\" \/>\n<meta property=\"og:title\" content=\"\u041a\u043e\u043d\u0442\u0430\u043a\u0442\u044b - \u0418\u0433\u0440\u0430\u0442\u044c \u0432 \u0434\u0435\u043c\u043e \u0441\u043b\u043e\u0442\u044b Pragmatic Play \u0431\u0435\u0441\u043f\u043b\u0430\u0442\u043d\u043e\" \/>\n<meta property=\"og:description\" content=\"\u0421\u0432\u044f\u0436\u0438\u0442\u0435\u0441\u044c \u0441 \u043d\u0430\u043c\u0438 \u043f\u043e \u044d\u043b. \u043f\u043e\u0447\u0442\u0435: info@pragmatic-play.pro\" \/>\n<meta property=\"og:url\" content=\"https:\/\/pragmatic-play.info\/fi\/contacts\/\" \/>\n<meta property=\"og:site_name\" content=\"\u0418\u0433\u0440\u0430\u0442\u044c \u0432 \u0434\u0435\u043c\u043e \u0441\u043b\u043e\u0442\u044b Pragmatic Play \u0431\u0435\u0441\u043f\u043b\u0430\u0442\u043d\u043e\" \/>\n<meta property=\"article:modified_time\" content=\"2023-02-27T20:21:54+00:00\" \/>\n<meta name=\"twitter:card\" content=\"summary_large_image\" \/>\n<meta name=\"twitter:label1\" content=\"Arvioitu lukuaika\" \/>\n\t<meta name=\"twitter:data1\" content=\"1 minuutti\" \/>\n<script type=\"application\/ld+json\" class=\"yoast-schema-graph\">{\"@context\":\"https:\/\/schema.org\",\"@graph\":[{\"@type\":[\"WebPage\",\"ContactPage\"],\"@id\":\"https:\/\/pragmatic-play.info\/contacts\/\",\"url\":\"https:\/\/pragmatic-play.info\/contacts\/\",\"name\":\"\u041a\u043e\u043d\u0442\u0430\u043a\u0442\u044b - \u0418\u0433\u0440\u0430\u0442\u044c \u0432 \u0434\u0435\u043c\u043e \u0441\u043b\u043e\u0442\u044b Pragmatic Play \u0431\u0435\u0441\u043f\u043b\u0430\u0442\u043d\u043e\",\"isPartOf\":{\"@id\":\"https:\/\/pragmatic-play.info\/#website\"},\"datePublished\":\"2022-09-17T17:47:06+00:00\",\"dateModified\":\"2023-02-27T20:21:54+00:00\",\"breadcrumb\":{\"@id\":\"https:\/\/pragmatic-play.info\/contacts\/#breadcrumb\"},\"inLanguage\":\"fi\",\"potentialAction\":[{\"@type\":\"ReadAction\",\"target\":[\"https:\/\/pragmatic-play.info\/contacts\/\"]}]},{\"@type\":\"BreadcrumbList\",\"@id\":\"https:\/\/pragmatic-play.info\/contacts\/#breadcrumb\",\"itemListElement\":[{\"@type\":\"ListItem\",\"position\":1,\"name\":\"\u0413\u043b\u0430\u0432\u043d\u0430\u044f\",\"item\":\"https:\/\/pragmatic-play.info\/\"},{\"@type\":\"ListItem\",\"position\":2,\"name\":\"\u041a\u043e\u043d\u0442\u0430\u043a\u0442\u044b\"}]},{\"@type\":\"WebSite\",\"@id\":\"https:\/\/pragmatic-play.info\/#website\",\"url\":\"https:\/\/pragmatic-play.info\/\",\"name\":\"\u0418\u0433\u0440\u0430\u0442\u044c \u0432 \u0434\u0435\u043c\u043e \u0441\u043b\u043e\u0442\u044b Pragmatic Play \u0431\u0435\u0441\u043f\u043b\u0430\u0442\u043d\u043e\",\"description\":\"\u0421\u043b\u043e\u0442\u044b Pragmatic \u0434\u043b\u044f \u0434\u0435\u043c\u043e \u0438\u0433\u0440\u044b \u0431\u0435\u0441\u043f\u043b\u0430\u0442\u043d\u043e. \u0421\u043f\u0438\u0441\u043e\u043a \u043a\u0430\u0437\u0438\u043d\u043e \u0438 \u0431\u043e\u043d\u0443\u0441\u044b \u0434\u043b\u044f \u0438\u0433\u0440\u044b \u0432 \u0441\u043b\u043e\u0442\u044b Pragmatic Play \u043d\u0430 \u0440\u0435\u0430\u043b\u044c\u043d\u044b\u0435 \u0434\u0435\u043d\u044c\u0433\u0438.\",\"publisher\":{\"@id\":\"https:\/\/pragmatic-play.info\/#organization\"},\"potentialAction\":[{\"@type\":\"SearchAction\",\"target\":{\"@type\":\"EntryPoint\",\"urlTemplate\":\"https:\/\/pragmatic-play.info\/?s={search_term_string}\"},\"query-input\":\"required name=search_term_string\"}],\"inLanguage\":\"fi\"},{\"@type\":\"Organization\",\"@id\":\"https:\/\/pragmatic-play.info\/#organization\",\"name\":\"\u0418\u0433\u0440\u0430\u0442\u044c \u0432 \u0434\u0435\u043c\u043e \u0441\u043b\u043e\u0442\u044b Pragmatic Play \u0431\u0435\u0441\u043f\u043b\u0430\u0442\u043d\u043e\",\"url\":\"https:\/\/pragmatic-play.info\/\",\"sameAs\":[],\"logo\":{\"@type\":\"ImageObject\",\"inLanguage\":\"fi\",\"@id\":\"https:\/\/pragmatic-play.info\/#\/schema\/logo\/image\/\",\"url\":\"https:\/\/pragmatic-play.info\/wp-content\/uploads\/2022\/09\/pragmatic-play-512-\u00d7-512-piks..jpg\",\"contentUrl\":\"https:\/\/pragmatic-play.info\/wp-content\/uploads\/2022\/09\/pragmatic-play-512-\u00d7-512-piks..jpg\",\"width\":512,\"height\":512,\"caption\":\"\u0418\u0433\u0440\u0430\u0442\u044c \u0432 \u0434\u0435\u043c\u043e \u0441\u043b\u043e\u0442\u044b Pragmatic Play \u0431\u0435\u0441\u043f\u043b\u0430\u0442\u043d\u043e\"},\"image\":{\"@id\":\"https:\/\/pragmatic-play.info\/#\/schema\/logo\/image\/\"}}]}<\/script>\n<!-- \/ Yoast SEO plugin. -->","yoast_head_json":{"title":"\u041a\u043e\u043d\u0442\u0430\u043a\u0442\u044b - \u0418\u0433\u0440\u0430\u0442\u044c \u0432 \u0434\u0435\u043c\u043e \u0441\u043b\u043e\u0442\u044b Pragmatic Play \u0431\u0435\u0441\u043f\u043b\u0430\u0442\u043d\u043e","robots":{"index":"index","follow":"follow","max-snippet":"max-snippet:-1","max-image-preview":"max-image-preview:large","max-video-preview":"max-video-preview:-1"},"canonical":"https:\/\/pragmatic-play.info\/fi\/contacts\/","og_locale":"fi_FI","og_type":"article","og_title":"\u041a\u043e\u043d\u0442\u0430\u043a\u0442\u044b - \u0418\u0433\u0440\u0430\u0442\u044c \u0432 \u0434\u0435\u043c\u043e \u0441\u043b\u043e\u0442\u044b Pragmatic Play \u0431\u0435\u0441\u043f\u043b\u0430\u0442\u043d\u043e","og_description":"\u0421\u0432\u044f\u0436\u0438\u0442\u0435\u0441\u044c \u0441 \u043d\u0430\u043c\u0438 \u043f\u043e \u044d\u043b. \u043f\u043e\u0447\u0442\u0435: info@pragmatic-play.pro","og_url":"https:\/\/pragmatic-play.info\/fi\/contacts\/","og_site_name":"\u0418\u0433\u0440\u0430\u0442\u044c \u0432 \u0434\u0435\u043c\u043e \u0441\u043b\u043e\u0442\u044b Pragmatic Play \u0431\u0435\u0441\u043f\u043b\u0430\u0442\u043d\u043e","article_modified_time":"2023-02-27T20:21:54+00:00","twitter_card":"summary_large_image","twitter_misc":{"Arvioitu lukuaika":"1 minuutti"},"schema":{"@context":"https:\/\/schema.org","@graph":[{"@type":["WebPage","ContactPage"],"@id":"https:\/\/pragmatic-play.info\/contacts\/","url":"https:\/\/pragmatic-play.info\/contacts\/","name":"\u041a\u043e\u043d\u0442\u0430\u043a\u0442\u044b - \u0418\u0433\u0440\u0430\u0442\u044c \u0432 \u0434\u0435\u043c\u043e \u0441\u043b\u043e\u0442\u044b Pragmatic Play \u0431\u0435\u0441\u043f\u043b\u0430\u0442\u043d\u043e","isPartOf":{"@id":"https:\/\/pragmatic-play.info\/#website"},"datePublished":"2022-09-17T17:47:06+00:00","dateModified":"2023-02-27T20:21:54+00:00","breadcrumb":{"@id":"https:\/\/pragmatic-play.info\/contacts\/#breadcrumb"},"inLanguage":"fi","potentialAction":[{"@type":"ReadAction","target":["https:\/\/pragmatic-play.info\/contacts\/"]}]},{"@type":"BreadcrumbList","@id":"https:\/\/pragmatic-play.info\/contacts\/#breadcrumb","itemListElement":[{"@type":"ListItem","position":1,"name":"\u0413\u043b\u0430\u0432\u043d\u0430\u044f","item":"https:\/\/pragmatic-play.info\/"},{"@type":"ListItem","position":2,"name":"\u041a\u043e\u043d\u0442\u0430\u043a\u0442\u044b"}]},{"@type":"WebSite","@id":"https:\/\/pragmatic-play.info\/#website","url":"https:\/\/pragmatic-play.info\/","name":"\u0418\u0433\u0440\u0430\u0442\u044c \u0432 \u0434\u0435\u043c\u043e \u0441\u043b\u043e\u0442\u044b Pragmatic Play \u0431\u0435\u0441\u043f\u043b\u0430\u0442\u043d\u043e","description":"\u0421\u043b\u043e\u0442\u044b Pragmatic \u0434\u043b\u044f \u0434\u0435\u043c\u043e \u0438\u0433\u0440\u044b \u0431\u0435\u0441\u043f\u043b\u0430\u0442\u043d\u043e. \u0421\u043f\u0438\u0441\u043e\u043a \u043a\u0430\u0437\u0438\u043d\u043e \u0438 \u0431\u043e\u043d\u0443\u0441\u044b \u0434\u043b\u044f \u0438\u0433\u0440\u044b \u0432 \u0441\u043b\u043e\u0442\u044b Pragmatic Play \u043d\u0430 \u0440\u0435\u0430\u043b\u044c\u043d\u044b\u0435 \u0434\u0435\u043d\u044c\u0433\u0438.","publisher":{"@id":"https:\/\/pragmatic-play.info\/#organization"},"potentialAction":[{"@type":"SearchAction","target":{"@type":"EntryPoint","urlTemplate":"https:\/\/pragmatic-play.info\/?s={search_term_string}"},"query-input":"required name=search_term_string"}],"inLanguage":"fi"},{"@type":"Organization","@id":"https:\/\/pragmatic-play.info\/#organization","name":"\u0418\u0433\u0440\u0430\u0442\u044c \u0432 \u0434\u0435\u043c\u043e \u0441\u043b\u043e\u0442\u044b Pragmatic Play \u0431\u0435\u0441\u043f\u043b\u0430\u0442\u043d\u043e","url":"https:\/\/pragmatic-play.info\/","sameAs":[],"logo":{"@type":"ImageObject","inLanguage":"fi","@id":"https:\/\/pragmatic-play.info\/#\/schema\/logo\/image\/","url":"https:\/\/pragmatic-play.info\/wp-content\/uploads\/2022\/09\/pragmatic-play-512-\u00d7-512-piks..jpg","contentUrl":"https:\/\/pragmatic-play.info\/wp-content\/uploads\/2022\/09\/pragmatic-play-512-\u00d7-512-piks..jpg","width":512,"height":512,"caption":"\u0418\u0433\u0440\u0430\u0442\u044c \u0432 \u0434\u0435\u043c\u043e \u0441\u043b\u043e\u0442\u044b Pragmatic Play \u0431\u0435\u0441\u043f\u043b\u0430\u0442\u043d\u043e"},"image":{"@id":"https:\/\/pragmatic-play.info\/#\/schema\/logo\/image\/"}}]}},"_links":{"self":[{"href":"https:\/\/pragmatic-play.info\/fi\/wp-json\/wp\/v2\/pages\/1282","targetHints":{"allow":["GET"]}}],"collection":[{"href":"https:\/\/pragmatic-play.info\/fi\/wp-json\/wp\/v2\/pages"}],"about":[{"href":"https:\/\/pragmatic-play.info\/fi\/wp-json\/wp\/v2\/types\/page"}],"author":[{"embeddable":true,"href":"https:\/\/pragmatic-play.info\/fi\/wp-json\/wp\/v2\/users\/1"}],"replies":[{"embeddable":true,"href":"https:\/\/pragmatic-play.info\/fi\/wp-json\/wp\/v2\/comments?post=1282"}],"version-history":[{"count":2,"href":"https:\/\/pragmatic-play.info\/fi\/wp-json\/wp\/v2\/pages\/1282\/revisions"}],"predecessor-version":[{"id":1437,"href":"https:\/\/pragmatic-play.info\/fi\/wp-json\/wp\/v2\/pages\/1282\/revisions\/1437"}],"wp:attachment":[{"href":"https:\/\/pragmatic-play.info\/fi\/wp-json\/wp\/v2\/media?parent=1282"}],"curies":[{"name":"wp","href":"https:\/\/api.w.org\/{rel}","templated":true}]}}